{"id":26777,"date":"2026-02-17T21:25:12","date_gmt":"2026-02-17T21:25:12","guid":{"rendered":"https:\/\/logic-vault.com\/product\/viral-true-crime-mystery-scriptwriter\/"},"modified":"2026-02-17T21:25:12","modified_gmt":"2026-02-17T21:25:12","slug":"viral-true-crime-mystery-scriptwriter","status":"publish","type":"product","link":"https:\/\/logic-vault.com\/tr\/urun\/viral-true-crime-mystery-scriptwriter\/","title":{"rendered":"Viral Ger\u00e7ek Su\u00e7 Gizem Senaryo Yazar\u0131"},"content":{"rendered":"<p>Ger\u00e7ek su\u00e7, karanl\u0131k tarih veya \u00e7\u00f6z\u00fclmemi\u015f gizemler i\u00e7in t\u00fcyler \u00fcrpertici, y\u00fcksek izleyici tutma oran\u0131na sahip senaryolar olu\u015fturur. Gerilim dolu hikaye anlat\u0131m\u0131na, atmosferik anlat\u0131ma ve video edit\u00f6rleri i\u00e7in hassas g\u00f6rsel ipu\u00e7lar\u0131na odaklan\u0131r. Y\u00fcksek etkile\u015fim ve ard\u0131 ard\u0131na izlemeyi hedefleyen kanallar i\u00e7in m\u00fckemmeldir.<\/p>","protected":false},"excerpt":{"rendered":"<p>Ger\u00e7ek su\u00e7, karanl\u0131k tarih veya \u00e7\u00f6z\u00fclmemi\u015f gizemler i\u00e7in t\u00fcyler \u00fcrpertici, y\u00fcksek izleyici tutma oran\u0131na sahip senaryolar olu\u015fturur. Gerilim dolu hikaye anlat\u0131m\u0131na, atmosferik anlat\u0131ma ve video edit\u00f6rleri i\u00e7in hassas g\u00f6rsel ipu\u00e7lar\u0131na odaklan\u0131r. Y\u00fcksek etkile\u015fim ve ard\u0131 ard\u0131na izlemeyi hedefleyen kanallar i\u00e7in m\u00fckemmeldir.<\/p>","protected":false},"featured_media":26776,"comment_status":"open","ping_status":"closed","template":"","meta":[],"product_brand":[],"product_cat":[4101],"product_tag":[],"class_list":{"0":"post-26777","1":"product","2":"type-product","3":"status-publish","4":"has-post-thumbnail","6":"product_cat-productivity-automation","8":"first","9":"instock","10":"downloadable","11":"virtual","12":"product-type-simple"},"bundled_by":[],"bundle_stock_status":"instock","bundle_stock_quantity":null,"bundle_virtual":false,"bundle_layout":"","bundle_add_to_cart_form_location":"","bundle_editable_in_cart":false,"bundle_sold_individually_context":"","bundle_item_grouping":"","bundle_min_size":"","bundle_max_size":"","bundle_price":[],"bundled_items":[],"bundle_sell_ids":[],"_links":{"self":[{"href":"https:\/\/logic-vault.com\/tr\/wp-json\/wp\/v2\/product\/26777","targetHints":{"allow":["GET"]}}],"collection":[{"href":"https:\/\/logic-vault.com\/tr\/wp-json\/wp\/v2\/product"}],"about":[{"href":"https:\/\/logic-vault.com\/tr\/wp-json\/wp\/v2\/types\/product"}],"replies":[{"embeddable":true,"href":"https:\/\/logic-vault.com\/tr\/wp-json\/wp\/v2\/comments?post=26777"}],"wp:featuredmedia":[{"embeddable":true,"href":"https:\/\/logic-vault.com\/tr\/wp-json\/wp\/v2\/media\/26776"}],"wp:attachment":[{"href":"https:\/\/logic-vault.com\/tr\/wp-json\/wp\/v2\/media?parent=26777"}],"wp:term":[{"taxonomy":"product_brand","embeddable":true,"href":"https:\/\/logic-vault.com\/tr\/wp-json\/wp\/v2\/product_brand?post=26777"},{"taxonomy":"product_cat","embeddable":true,"href":"https:\/\/logic-vault.com\/tr\/wp-json\/wp\/v2\/product_cat?post=26777"},{"taxonomy":"product_tag","embeddable":true,"href":"https:\/\/logic-vault.com\/tr\/wp-json\/wp\/v2\/product_tag?post=26777"}],"curies":[{"name":"wp","href":"https:\/\/api.w.org\/{rel}","templated":true}]}}