{"id":26775,"date":"2026-02-17T21:25:11","date_gmt":"2026-02-17T21:25:11","guid":{"rendered":"https:\/\/logic-vault.com\/product\/conversion-surge-blueprint\/"},"modified":"2026-02-17T21:25:11","modified_gmt":"2026-02-17T21:25:11","slug":"conversion-surge-blueprint","status":"publish","type":"product","link":"https:\/\/logic-vault.com\/tr\/urun\/conversion-surge-blueprint\/","title":{"rendered":"D\u00f6n\u00fc\u015f\u00fcm Art\u0131\u015f\u0131 Plan\u0131"},"content":{"rendered":"<p>Bu geli\u015fmi\u015f Kara Cuma e-posta dizisi olu\u015fturucu, teklifimi derin psikoloji ve premium konumland\u0131rmayla desteklenen stratejik, gelir art\u0131r\u0131c\u0131 bir kampanyaya d\u00f6n\u00fc\u015ft\u00fcrmeye yard\u0131mc\u0131 oluyor. \u0130ndirimlerin \u00f6tesine ge\u00e7erek aciliyet, otorite ve uzun vadeli marka de\u011feri yarat\u0131yor; d\u00f6n\u00fc\u015f\u00fcmleri en \u00fcst d\u00fczeye \u00e7\u0131karmak, sipari\u015f de\u011ferini art\u0131rmak ve pazar hakimiyetini y\u00fckseltmek i\u00e7in tasarlanm\u0131\u015f, tamamen yap\u0131land\u0131r\u0131lm\u0131\u015f, otomasyona haz\u0131r bir dizi sunuyor.<\/p>","protected":false},"excerpt":{"rendered":"<p>Bu geli\u015fmi\u015f Kara Cuma e-posta dizisi olu\u015fturucu, teklifimi derin psikoloji ve premium konumland\u0131rmayla desteklenen stratejik, gelir art\u0131r\u0131c\u0131 bir kampanyaya d\u00f6n\u00fc\u015ft\u00fcrmeye yard\u0131mc\u0131 oluyor. \u0130ndirimlerin \u00f6tesine ge\u00e7erek aciliyet, otorite ve uzun vadeli marka de\u011feri yarat\u0131yor; d\u00f6n\u00fc\u015f\u00fcmleri en \u00fcst d\u00fczeye \u00e7\u0131karmak, sipari\u015f de\u011ferini art\u0131rmak ve pazar hakimiyetini y\u00fckseltmek i\u00e7in tasarlanm\u0131\u015f, tamamen yap\u0131land\u0131r\u0131lm\u0131\u015f, otomasyona haz\u0131r bir dizi sunuyor.<\/p>","protected":false},"featured_media":26774,"comment_status":"open","ping_status":"closed","template":"","meta":[],"product_brand":[],"product_cat":[4101],"product_tag":[],"class_list":{"0":"post-26775","1":"product","2":"type-product","3":"status-publish","4":"has-post-thumbnail","6":"product_cat-productivity-automation","8":"first","9":"instock","10":"downloadable","11":"virtual","12":"product-type-simple"},"bundled_by":[],"bundle_stock_status":"instock","bundle_stock_quantity":null,"bundle_virtual":false,"bundle_layout":"","bundle_add_to_cart_form_location":"","bundle_editable_in_cart":false,"bundle_sold_individually_context":"","bundle_item_grouping":"","bundle_min_size":"","bundle_max_size":"","bundle_price":[],"bundled_items":[],"bundle_sell_ids":[],"_links":{"self":[{"href":"https:\/\/logic-vault.com\/tr\/wp-json\/wp\/v2\/product\/26775","targetHints":{"allow":["GET"]}}],"collection":[{"href":"https:\/\/logic-vault.com\/tr\/wp-json\/wp\/v2\/product"}],"about":[{"href":"https:\/\/logic-vault.com\/tr\/wp-json\/wp\/v2\/types\/product"}],"replies":[{"embeddable":true,"href":"https:\/\/logic-vault.com\/tr\/wp-json\/wp\/v2\/comments?post=26775"}],"wp:featuredmedia":[{"embeddable":true,"href":"https:\/\/logic-vault.com\/tr\/wp-json\/wp\/v2\/media\/26774"}],"wp:attachment":[{"href":"https:\/\/logic-vault.com\/tr\/wp-json\/wp\/v2\/media?parent=26775"}],"wp:term":[{"taxonomy":"product_brand","embeddable":true,"href":"https:\/\/logic-vault.com\/tr\/wp-json\/wp\/v2\/product_brand?post=26775"},{"taxonomy":"product_cat","embeddable":true,"href":"https:\/\/logic-vault.com\/tr\/wp-json\/wp\/v2\/product_cat?post=26775"},{"taxonomy":"product_tag","embeddable":true,"href":"https:\/\/logic-vault.com\/tr\/wp-json\/wp\/v2\/product_tag?post=26775"}],"curies":[{"name":"wp","href":"https:\/\/api.w.org\/{rel}","templated":true}]}}