{"id":26773,"date":"2026-02-17T21:25:11","date_gmt":"2026-02-17T21:25:11","guid":{"rendered":"https:\/\/logic-vault.com\/product\/conversion-landing-page-blueprint\/"},"modified":"2026-02-17T21:25:11","modified_gmt":"2026-02-17T21:25:11","slug":"conversion-landing-page-blueprint","status":"publish","type":"product","link":"https:\/\/logic-vault.com\/tr\/urun\/conversion-landing-page-blueprint\/","title":{"rendered":"D\u00f6n\u00fc\u015f\u00fcm A\u00e7\u0131l\u0131\u015f Sayfas\u0131 \u015eablonu"},"content":{"rendered":"<p>Bu y\u00f6nlendirme, ziyaret\u00e7ileri harekete ge\u00e7meye y\u00f6nlendirmek \u00fczere tasarlanm\u0131\u015f, yap\u0131land\u0131r\u0131lm\u0131\u015f ve d\u00f6n\u00fc\u015f\u00fcm odakl\u0131 bir a\u00e7\u0131l\u0131\u015f sayfas\u0131 olu\u015fturmaya yard\u0131mc\u0131 olur.<br \/>\nAbart\u0131l\u0131 iddialardan ziyade, net mesajlara, mant\u0131kl\u0131 ak\u0131\u015fa ve al\u0131c\u0131 psikolojisine odaklan\u0131yor.<br \/>\nAl\u0131c\u0131lar\u0131n Elde Ettikleri:<br \/>\n\ud83e\uddf1 Kan\u0131tlanm\u0131\u015f a\u00e7\u0131l\u0131\u015f sayfas\u0131 yap\u0131s\u0131<br \/>\n\ud83c\udfaf D\u00f6n\u00fc\u015f\u00fcm odakl\u0131 mesajla\u015fma \u00e7er\u00e7evesi<br \/>\n\ud83d\udcac Net de\u011fer \u00f6nerisi konumland\u0131rmas\u0131<br \/>\n\ud83d\udccc \u0130tiraz i\u015fleme b\u00f6l\u00fcmleri<br \/>\n\u2728 Pratik optimizasyon k\u0131lavuzu<br \/>\nDaha g\u00fc\u00e7l\u00fc sat\u0131\u015f sayfalar\u0131 olu\u015fturmak isteyen \u00e7evrimi\u00e7i sat\u0131c\u0131lar i\u00e7in yap\u0131land\u0131r\u0131lm\u0131\u015f bir metin yazarl\u0131\u011f\u0131 sistemi.<\/p>","protected":false},"excerpt":{"rendered":"<p>This prompt helps create a structured, conversion-focused landing page designed to guide visitors toward action. It focuses on clear messaging, logical flow, and buyer psychology rather than exaggerated claims. What Buyers Get: \ud83e\uddf1 Proven landing page structure \ud83c\udfaf Conversion-focused messaging framework \ud83d\udcac Clear value proposition positioning \ud83d\udccc Objection-handling sections \u2728 Practical optimization guidance A structured [&hellip;]<\/p>\n","protected":false},"featured_media":26772,"comment_status":"open","ping_status":"closed","template":"","meta":[],"product_brand":[],"product_cat":[4101],"product_tag":[],"class_list":{"0":"post-26773","1":"product","2":"type-product","3":"status-publish","4":"has-post-thumbnail","6":"product_cat-productivity-automation","8":"first","9":"instock","10":"downloadable","11":"virtual","12":"product-type-simple"},"bundled_by":[],"bundle_stock_status":"instock","bundle_stock_quantity":null,"bundle_virtual":false,"bundle_layout":"","bundle_add_to_cart_form_location":"","bundle_editable_in_cart":false,"bundle_sold_individually_context":"","bundle_item_grouping":"","bundle_min_size":"","bundle_max_size":"","bundle_price":[],"bundled_items":[],"bundle_sell_ids":[],"_links":{"self":[{"href":"https:\/\/logic-vault.com\/tr\/wp-json\/wp\/v2\/product\/26773","targetHints":{"allow":["GET"]}}],"collection":[{"href":"https:\/\/logic-vault.com\/tr\/wp-json\/wp\/v2\/product"}],"about":[{"href":"https:\/\/logic-vault.com\/tr\/wp-json\/wp\/v2\/types\/product"}],"replies":[{"embeddable":true,"href":"https:\/\/logic-vault.com\/tr\/wp-json\/wp\/v2\/comments?post=26773"}],"wp:featuredmedia":[{"embeddable":true,"href":"https:\/\/logic-vault.com\/tr\/wp-json\/wp\/v2\/media\/26772"}],"wp:attachment":[{"href":"https:\/\/logic-vault.com\/tr\/wp-json\/wp\/v2\/media?parent=26773"}],"wp:term":[{"taxonomy":"product_brand","embeddable":true,"href":"https:\/\/logic-vault.com\/tr\/wp-json\/wp\/v2\/product_brand?post=26773"},{"taxonomy":"product_cat","embeddable":true,"href":"https:\/\/logic-vault.com\/tr\/wp-json\/wp\/v2\/product_cat?post=26773"},{"taxonomy":"product_tag","embeddable":true,"href":"https:\/\/logic-vault.com\/tr\/wp-json\/wp\/v2\/product_tag?post=26773"}],"curies":[{"name":"wp","href":"https:\/\/api.w.org\/{rel}","templated":true}]}}