{"id":26771,"date":"2026-02-17T21:25:10","date_gmt":"2026-02-17T21:25:10","guid":{"rendered":"https:\/\/logic-vault.com\/product\/verified-bargain-evaluation-checklist\/"},"modified":"2026-02-17T21:25:11","modified_gmt":"2026-02-17T21:25:11","slug":"verified-bargain-evaluation-checklist","status":"publish","type":"product","link":"https:\/\/logic-vault.com\/tr\/urun\/verified-bargain-evaluation-checklist\/","title":{"rendered":"Onayl\u0131 F\u0131rsat De\u011ferlendirme Kontrol Listesi"},"content":{"rendered":"<p>Herhangi bir \u00fcr\u00fcn teklifini, ger\u00e7ek f\u0131rsatlar\u0131 tespit etmek ve yapay indirimleri ortaya \u00e7\u0131karmak i\u00e7in tasarlanm\u0131\u015f, hassas ve do\u011frulamaya haz\u0131r bir kontrol listesiyle de\u011ferlendirin. Bu sistem, yaln\u0131zca g\u00f6zlemlenebilir do\u011frulama sinyallerini ve \u00f6l\u00e7\u00fclebilir kriterleri kullanarak \u00fcr\u00fcn t\u00fcr\u00fcne ve pazar ba\u011flam\u0131na otomatik olarak uyum sa\u011flar. Elektronik e\u015fyalar, l\u00fcks \u00fcr\u00fcnler, koleksiyonluk e\u015fyalar, ara\u00e7lar ve g\u00fcnl\u00fck al\u0131\u015fveri\u015fler i\u00e7in idealdir. Tahmine dayal\u0131 olmayan, kendinden emin ve rasyonel sat\u0131n alma kararlar\u0131 alman\u0131z\u0131 sa\u011flar.<\/p>","protected":false},"excerpt":{"rendered":"<p>Herhangi bir \u00fcr\u00fcn teklifini, ger\u00e7ek f\u0131rsatlar\u0131 tespit etmek ve yapay indirimleri ortaya \u00e7\u0131karmak i\u00e7in tasarlanm\u0131\u015f, hassas ve do\u011frulamaya haz\u0131r bir kontrol listesiyle de\u011ferlendirin. Bu sistem, yaln\u0131zca g\u00f6zlemlenebilir do\u011frulama sinyallerini ve \u00f6l\u00e7\u00fclebilir kriterleri kullanarak \u00fcr\u00fcn t\u00fcr\u00fcne ve pazar ba\u011flam\u0131na otomatik olarak uyum sa\u011flar. Elektronik e\u015fyalar, l\u00fcks \u00fcr\u00fcnler, koleksiyonluk e\u015fyalar, ara\u00e7lar ve g\u00fcnl\u00fck al\u0131\u015fveri\u015fler i\u00e7in idealdir. Tahmine dayal\u0131 olmayan, kendinden emin ve rasyonel sat\u0131n alma kararlar\u0131 alman\u0131z\u0131 sa\u011flar.<\/p>","protected":false},"featured_media":26770,"comment_status":"open","ping_status":"closed","template":"","meta":[],"product_brand":[],"product_cat":[4101],"product_tag":[],"class_list":{"0":"post-26771","1":"product","2":"type-product","3":"status-publish","4":"has-post-thumbnail","6":"product_cat-productivity-automation","8":"first","9":"instock","10":"downloadable","11":"virtual","12":"product-type-simple"},"bundled_by":[],"bundle_stock_status":"instock","bundle_stock_quantity":null,"bundle_virtual":false,"bundle_layout":"","bundle_add_to_cart_form_location":"","bundle_editable_in_cart":false,"bundle_sold_individually_context":"","bundle_item_grouping":"","bundle_min_size":"","bundle_max_size":"","bundle_price":[],"bundled_items":[],"bundle_sell_ids":[],"_links":{"self":[{"href":"https:\/\/logic-vault.com\/tr\/wp-json\/wp\/v2\/product\/26771","targetHints":{"allow":["GET"]}}],"collection":[{"href":"https:\/\/logic-vault.com\/tr\/wp-json\/wp\/v2\/product"}],"about":[{"href":"https:\/\/logic-vault.com\/tr\/wp-json\/wp\/v2\/types\/product"}],"replies":[{"embeddable":true,"href":"https:\/\/logic-vault.com\/tr\/wp-json\/wp\/v2\/comments?post=26771"}],"wp:featuredmedia":[{"embeddable":true,"href":"https:\/\/logic-vault.com\/tr\/wp-json\/wp\/v2\/media\/26770"}],"wp:attachment":[{"href":"https:\/\/logic-vault.com\/tr\/wp-json\/wp\/v2\/media?parent=26771"}],"wp:term":[{"taxonomy":"product_brand","embeddable":true,"href":"https:\/\/logic-vault.com\/tr\/wp-json\/wp\/v2\/product_brand?post=26771"},{"taxonomy":"product_cat","embeddable":true,"href":"https:\/\/logic-vault.com\/tr\/wp-json\/wp\/v2\/product_cat?post=26771"},{"taxonomy":"product_tag","embeddable":true,"href":"https:\/\/logic-vault.com\/tr\/wp-json\/wp\/v2\/product_tag?post=26771"}],"curies":[{"name":"wp","href":"https:\/\/api.w.org\/{rel}","templated":true}]}}