{"id":26767,"date":"2026-02-17T21:25:10","date_gmt":"2026-02-17T21:25:10","guid":{"rendered":"https:\/\/logic-vault.com\/product\/learn-something-new-in-10-minutes-a-day\/"},"modified":"2026-02-17T21:25:10","modified_gmt":"2026-02-17T21:25:10","slug":"learn-something-new-in-10-minutes-a-day","status":"publish","type":"product","link":"https:\/\/logic-vault.com\/tr\/urun\/learn-something-new-in-10-minutes-a-day\/","title":{"rendered":"G\u00fcnde 10 Dakikada Yeni Bir \u015eey \u00d6\u011frenin"},"content":{"rendered":"<p>\u0130ster ki\u015fisel ister kariyer geli\u015fimi i\u00e7in olsun, bu k\u0131lavuz size g\u00fcnde 10 dakika i\u00e7inde bir konuda bilgi edinmenizi sa\u011flayacak bir plan olu\u015fturacak!<\/p>","protected":false},"excerpt":{"rendered":"<p>\u0130ster ki\u015fisel ister kariyer geli\u015fimi i\u00e7in olsun, bu k\u0131lavuz size g\u00fcnde 10 dakika i\u00e7inde bir konuda bilgi edinmenizi sa\u011flayacak bir plan olu\u015fturacak!<\/p>","protected":false},"featured_media":26766,"comment_status":"open","ping_status":"closed","template":"","meta":[],"product_brand":[],"product_cat":[4101],"product_tag":[],"class_list":{"0":"post-26767","1":"product","2":"type-product","3":"status-publish","4":"has-post-thumbnail","6":"product_cat-productivity-automation","8":"first","9":"instock","10":"downloadable","11":"virtual","12":"product-type-simple"},"bundled_by":[],"bundle_stock_status":"instock","bundle_stock_quantity":null,"bundle_virtual":false,"bundle_layout":"","bundle_add_to_cart_form_location":"","bundle_editable_in_cart":false,"bundle_sold_individually_context":"","bundle_item_grouping":"","bundle_min_size":"","bundle_max_size":"","bundle_price":[],"bundled_items":[],"bundle_sell_ids":[],"_links":{"self":[{"href":"https:\/\/logic-vault.com\/tr\/wp-json\/wp\/v2\/product\/26767","targetHints":{"allow":["GET"]}}],"collection":[{"href":"https:\/\/logic-vault.com\/tr\/wp-json\/wp\/v2\/product"}],"about":[{"href":"https:\/\/logic-vault.com\/tr\/wp-json\/wp\/v2\/types\/product"}],"replies":[{"embeddable":true,"href":"https:\/\/logic-vault.com\/tr\/wp-json\/wp\/v2\/comments?post=26767"}],"wp:featuredmedia":[{"embeddable":true,"href":"https:\/\/logic-vault.com\/tr\/wp-json\/wp\/v2\/media\/26766"}],"wp:attachment":[{"href":"https:\/\/logic-vault.com\/tr\/wp-json\/wp\/v2\/media?parent=26767"}],"wp:term":[{"taxonomy":"product_brand","embeddable":true,"href":"https:\/\/logic-vault.com\/tr\/wp-json\/wp\/v2\/product_brand?post=26767"},{"taxonomy":"product_cat","embeddable":true,"href":"https:\/\/logic-vault.com\/tr\/wp-json\/wp\/v2\/product_cat?post=26767"},{"taxonomy":"product_tag","embeddable":true,"href":"https:\/\/logic-vault.com\/tr\/wp-json\/wp\/v2\/product_tag?post=26767"}],"curies":[{"name":"wp","href":"https:\/\/api.w.org\/{rel}","templated":true}]}}