{"id":26765,"date":"2026-02-17T21:25:09","date_gmt":"2026-02-17T21:25:09","guid":{"rendered":"https:\/\/logic-vault.com\/product\/content-strategy-generator\/"},"modified":"2026-02-17T21:25:09","modified_gmt":"2026-02-17T21:25:09","slug":"content-strategy-generator","status":"publish","type":"product","link":"https:\/\/logic-vault.com\/tr\/urun\/content-strategy-generator\/","title":{"rendered":"\u0130\u00e7erik Stratejisi Olu\u015fturucu"},"content":{"rendered":"<p>Ara\u015ft\u0131rmaya dayal\u0131, \u00f6zelle\u015ftirilebilir \u00e7\u00f6z\u00fcmler sunan stratejik i\u00e7erik pazarlama uzman\u0131. DaveGetter&#039;\u0131n \u00f6zellikleri:<br \/>\nBasitle\u015ftirilmi\u015f yakla\u015f\u0131m \u2013 Ki\u015fiselle\u015ftirilmi\u015f i\u00e7erik planlar\u0131 i\u00e7in 5 girdi<br \/>\nKapsaml\u0131 \u00e7er\u00e7eve \u2013 12 i\u00e7erik fikri, \u015fablon ve harekete ge\u00e7irici mesaj (CTA)<br \/>\n\u00c7oklu platform uyumlulu\u011fu \u2013 \u00e7e\u015fitli ama\u00e7lara ve hedef kitlelere uyarlanabilir.<br \/>\nUygulanabilir rehberlik \u2013 net \u00f6l\u00e7\u00fctler ve optimizasyon ipu\u00e7lar\u0131<br \/>\nB\u00fct\u00e7eye uygun \u00e7\u00f6z\u00fcmler \u2013 her yat\u0131r\u0131m seviyesine uygun.<br \/>\nGer\u00e7ek\u00e7i odaklanma \u2013 de\u011fer odakl\u0131 i\u00e7erik stratejileri<br \/>\n\u201cDaveGetter ile Ak\u0131ll\u0131 Stratejiler Geli\u015ftirin! \ud83e\udde0\u201d<\/p>","protected":false},"excerpt":{"rendered":"<p>Strategic content marketing expert delivering research-based, customizable solutions. DaveGetter features: Streamlined approach &#8211; 5 inputs for tailored content plans Comprehensive framework &#8211; 12 content ideas, templates &#038; CTAs Multi-platform compatibility &#8211; adaptable to various goals &#038; audiences Actionable guidance &#8211; clear metrics &#038; optimization tips Budget-conscious &#8211; solutions for any investment level Authentic focus &#8211; [&hellip;]<\/p>\n","protected":false},"featured_media":26764,"comment_status":"open","ping_status":"closed","template":"","meta":[],"product_brand":[],"product_cat":[4101],"product_tag":[],"class_list":{"0":"post-26765","1":"product","2":"type-product","3":"status-publish","4":"has-post-thumbnail","6":"product_cat-productivity-automation","8":"first","9":"instock","10":"downloadable","11":"virtual","12":"product-type-simple"},"bundled_by":[],"bundle_stock_status":"instock","bundle_stock_quantity":null,"bundle_virtual":false,"bundle_layout":"","bundle_add_to_cart_form_location":"","bundle_editable_in_cart":false,"bundle_sold_individually_context":"","bundle_item_grouping":"","bundle_min_size":"","bundle_max_size":"","bundle_price":[],"bundled_items":[],"bundle_sell_ids":[],"_links":{"self":[{"href":"https:\/\/logic-vault.com\/tr\/wp-json\/wp\/v2\/product\/26765","targetHints":{"allow":["GET"]}}],"collection":[{"href":"https:\/\/logic-vault.com\/tr\/wp-json\/wp\/v2\/product"}],"about":[{"href":"https:\/\/logic-vault.com\/tr\/wp-json\/wp\/v2\/types\/product"}],"replies":[{"embeddable":true,"href":"https:\/\/logic-vault.com\/tr\/wp-json\/wp\/v2\/comments?post=26765"}],"wp:featuredmedia":[{"embeddable":true,"href":"https:\/\/logic-vault.com\/tr\/wp-json\/wp\/v2\/media\/26764"}],"wp:attachment":[{"href":"https:\/\/logic-vault.com\/tr\/wp-json\/wp\/v2\/media?parent=26765"}],"wp:term":[{"taxonomy":"product_brand","embeddable":true,"href":"https:\/\/logic-vault.com\/tr\/wp-json\/wp\/v2\/product_brand?post=26765"},{"taxonomy":"product_cat","embeddable":true,"href":"https:\/\/logic-vault.com\/tr\/wp-json\/wp\/v2\/product_cat?post=26765"},{"taxonomy":"product_tag","embeddable":true,"href":"https:\/\/logic-vault.com\/tr\/wp-json\/wp\/v2\/product_tag?post=26765"}],"curies":[{"name":"wp","href":"https:\/\/api.w.org\/{rel}","templated":true}]}}