{"id":26763,"date":"2026-02-17T21:25:09","date_gmt":"2026-02-17T21:25:09","guid":{"rendered":"https:\/\/logic-vault.com\/product\/ultimate-ai-prompting-system\/"},"modified":"2026-02-17T21:25:09","modified_gmt":"2026-02-17T21:25:09","slug":"ultimate-ai-prompting-system","status":"publish","type":"product","link":"https:\/\/logic-vault.com\/tr\/urun\/ultimate-ai-prompting-system\/","title":{"rendered":"En \u00dcst\u00fcn Yapay Zeka Destekli Soru Sorma Sistemi"},"content":{"rendered":"<p>\u00c7ok katmanl\u0131 bir y\u00f6nlendirme stratejisiyle yapay zekan\u0131n g\u00fcc\u00fcn\u00fc ortaya \u00e7\u0131kar\u0131n ve etkileyici, y\u00fcksek d\u00f6n\u00fc\u015f\u00fcm oranl\u0131 \u00fcr\u00fcn a\u00e7\u0131klamalar\u0131 olu\u015fturun. D\u00fc\u015f\u00fcnce A\u011fac\u0131, CoT, Kar\u015f\u0131t \u00c7er\u00e7eveleme, Meta-Y\u00f6nlendirme ve RAG y\u00f6ntemlerini kullanan bu geli\u015fmi\u015f y\u00f6ntem, derinlik, kontrast ve hassasiyet sa\u011flayarak \u00f6ne \u00e7\u0131kan, ikna edici ve veri odakl\u0131 sonu\u00e7lar sunar.<\/p>","protected":false},"excerpt":{"rendered":"<p>\u00c7ok katmanl\u0131 bir y\u00f6nlendirme stratejisiyle yapay zekan\u0131n g\u00fcc\u00fcn\u00fc ortaya \u00e7\u0131kar\u0131n ve etkileyici, y\u00fcksek d\u00f6n\u00fc\u015f\u00fcm oranl\u0131 \u00fcr\u00fcn a\u00e7\u0131klamalar\u0131 olu\u015fturun. D\u00fc\u015f\u00fcnce A\u011fac\u0131, CoT, Kar\u015f\u0131t \u00c7er\u00e7eveleme, Meta-Y\u00f6nlendirme ve RAG y\u00f6ntemlerini kullanan bu geli\u015fmi\u015f y\u00f6ntem, derinlik, kontrast ve hassasiyet sa\u011flayarak \u00f6ne \u00e7\u0131kan, ikna edici ve veri odakl\u0131 sonu\u00e7lar sunar.<\/p>","protected":false},"featured_media":26762,"comment_status":"open","ping_status":"closed","template":"","meta":[],"product_brand":[],"product_cat":[4101],"product_tag":[],"class_list":{"0":"post-26763","1":"product","2":"type-product","3":"status-publish","4":"has-post-thumbnail","6":"product_cat-productivity-automation","8":"first","9":"instock","10":"downloadable","11":"virtual","12":"product-type-simple"},"bundled_by":[],"bundle_stock_status":"instock","bundle_stock_quantity":null,"bundle_virtual":false,"bundle_layout":"","bundle_add_to_cart_form_location":"","bundle_editable_in_cart":false,"bundle_sold_individually_context":"","bundle_item_grouping":"","bundle_min_size":"","bundle_max_size":"","bundle_price":[],"bundled_items":[],"bundle_sell_ids":[],"_links":{"self":[{"href":"https:\/\/logic-vault.com\/tr\/wp-json\/wp\/v2\/product\/26763","targetHints":{"allow":["GET"]}}],"collection":[{"href":"https:\/\/logic-vault.com\/tr\/wp-json\/wp\/v2\/product"}],"about":[{"href":"https:\/\/logic-vault.com\/tr\/wp-json\/wp\/v2\/types\/product"}],"replies":[{"embeddable":true,"href":"https:\/\/logic-vault.com\/tr\/wp-json\/wp\/v2\/comments?post=26763"}],"wp:featuredmedia":[{"embeddable":true,"href":"https:\/\/logic-vault.com\/tr\/wp-json\/wp\/v2\/media\/26762"}],"wp:attachment":[{"href":"https:\/\/logic-vault.com\/tr\/wp-json\/wp\/v2\/media?parent=26763"}],"wp:term":[{"taxonomy":"product_brand","embeddable":true,"href":"https:\/\/logic-vault.com\/tr\/wp-json\/wp\/v2\/product_brand?post=26763"},{"taxonomy":"product_cat","embeddable":true,"href":"https:\/\/logic-vault.com\/tr\/wp-json\/wp\/v2\/product_cat?post=26763"},{"taxonomy":"product_tag","embeddable":true,"href":"https:\/\/logic-vault.com\/tr\/wp-json\/wp\/v2\/product_tag?post=26763"}],"curies":[{"name":"wp","href":"https:\/\/api.w.org\/{rel}","templated":true}]}}