{"id":26761,"date":"2026-02-17T21:25:09","date_gmt":"2026-02-17T21:25:09","guid":{"rendered":"https:\/\/logic-vault.com\/product\/niche-challenges-exposed\/"},"modified":"2026-02-17T21:25:09","modified_gmt":"2026-02-17T21:25:09","slug":"niche-challenges-exposed","status":"publish","type":"product","link":"https:\/\/logic-vault.com\/tr\/urun\/niche-challenges-exposed\/","title":{"rendered":"Ni\u015f Pazar\u0131n\u0131n Zorluklar\u0131 Ortaya \u00c7\u0131kt\u0131"},"content":{"rendered":"<p>Bu komut, yapay zekan\u0131n belirli bir sekt\u00f6rdeki zorluklar\u0131n odaklanm\u0131\u015f bir listesini olu\u015fturmas\u0131na rehberlik eder. <\/p>\n<p>Ara\u015ft\u0131rmaya, a\u00e7\u0131kl\u0131\u011fa ve g\u00fcncelli\u011fe \u00f6nem verirken, profesyonel bir \u00fcslubu da korur. <\/p>\n<p>Yapay zek\u00e2, teknik terimlerden ka\u00e7\u0131nmal\u0131, \u00e7\u00f6z\u00fcm \u00f6nerileri sunmaktan ziyade sorunlara odaklanmal\u0131 ve i\u00e7eri\u011fin, ilgili alana a\u015fina olan genel bir kitle taraf\u0131ndan anla\u015f\u0131labilir olmas\u0131n\u0131 sa\u011flamal\u0131d\u0131r. <\/p>\n<p>Ama\u00e7, sekt\u00f6re \u00f6zg\u00fc konulara ili\u015fkin \u00f6zl\u00fc ve bilgilendirici bir genel bak\u0131\u015f sunmakt\u0131r.<\/p>","protected":false},"excerpt":{"rendered":"<p>This prompt guides an AI to create a focused list of challenges in a specific industry. It emphasizes research, clarity, and relevance while maintaining a professional tone. The AI should avoid jargon, stick to problems without offering solutions, and ensure the content is accessible to a general audience familiar with the field. The goal is [&hellip;]<\/p>\n","protected":false},"featured_media":26760,"comment_status":"open","ping_status":"closed","template":"","meta":[],"product_brand":[],"product_cat":[4101],"product_tag":[],"class_list":{"0":"post-26761","1":"product","2":"type-product","3":"status-publish","4":"has-post-thumbnail","6":"product_cat-productivity-automation","8":"first","9":"instock","10":"downloadable","11":"virtual","12":"product-type-simple"},"bundled_by":[],"bundle_stock_status":"instock","bundle_stock_quantity":null,"bundle_virtual":false,"bundle_layout":"","bundle_add_to_cart_form_location":"","bundle_editable_in_cart":false,"bundle_sold_individually_context":"","bundle_item_grouping":"","bundle_min_size":"","bundle_max_size":"","bundle_price":[],"bundled_items":[],"bundle_sell_ids":[],"_links":{"self":[{"href":"https:\/\/logic-vault.com\/tr\/wp-json\/wp\/v2\/product\/26761","targetHints":{"allow":["GET"]}}],"collection":[{"href":"https:\/\/logic-vault.com\/tr\/wp-json\/wp\/v2\/product"}],"about":[{"href":"https:\/\/logic-vault.com\/tr\/wp-json\/wp\/v2\/types\/product"}],"replies":[{"embeddable":true,"href":"https:\/\/logic-vault.com\/tr\/wp-json\/wp\/v2\/comments?post=26761"}],"wp:featuredmedia":[{"embeddable":true,"href":"https:\/\/logic-vault.com\/tr\/wp-json\/wp\/v2\/media\/26760"}],"wp:attachment":[{"href":"https:\/\/logic-vault.com\/tr\/wp-json\/wp\/v2\/media?parent=26761"}],"wp:term":[{"taxonomy":"product_brand","embeddable":true,"href":"https:\/\/logic-vault.com\/tr\/wp-json\/wp\/v2\/product_brand?post=26761"},{"taxonomy":"product_cat","embeddable":true,"href":"https:\/\/logic-vault.com\/tr\/wp-json\/wp\/v2\/product_cat?post=26761"},{"taxonomy":"product_tag","embeddable":true,"href":"https:\/\/logic-vault.com\/tr\/wp-json\/wp\/v2\/product_tag?post=26761"}],"curies":[{"name":"wp","href":"https:\/\/api.w.org\/{rel}","templated":true}]}}