{"id":26757,"date":"2026-02-17T21:25:08","date_gmt":"2026-02-17T21:25:08","guid":{"rendered":"https:\/\/logic-vault.com\/product\/long-chain-of-thought-prompt-optimizer\/"},"modified":"2026-02-17T21:25:08","modified_gmt":"2026-02-17T21:25:08","slug":"long-chain-of-thought-prompt-optimizer","status":"publish","type":"product","link":"https:\/\/logic-vault.com\/tr\/urun\/long-chain-of-thought-prompt-optimizer\/","title":{"rendered":"Uzun D\u00fc\u015f\u00fcnce Zinciri \u0130stemi Optimize Edici"},"content":{"rendered":"<p>Basit sorular\u0131, kapsaml\u0131 d\u00fc\u015f\u00fcnce zinciri olu\u015fturan ve ad\u0131m ad\u0131m mant\u0131ksal \u00e7\u0131kar\u0131mlar \u00fcreten sorulara d\u00f6n\u00fc\u015ft\u00fcrmek i\u00e7in kapsaml\u0131 bir \u00e7er\u00e7eve. Ayr\u0131nt\u0131l\u0131 analiz, a\u00e7\u0131k ara hesaplamalar, do\u011frulama ad\u0131mlar\u0131 ve kapsaml\u0131 ke\u015fif yoluyla yapay zeka yan\u0131tlar\u0131n\u0131 optimize ederek, derin analitik d\u00fc\u015f\u00fcnme gerektiren karma\u015f\u0131k ve \u00e7ok y\u00f6nl\u00fc sorunlar i\u00e7in \u00fcst\u00fcn \u00e7\u00f6z\u00fcmler \u00fcretir.<\/p>","protected":false},"excerpt":{"rendered":"<p>Basit sorular\u0131, kapsaml\u0131 d\u00fc\u015f\u00fcnce zinciri olu\u015fturan ve ad\u0131m ad\u0131m mant\u0131ksal \u00e7\u0131kar\u0131mlar \u00fcreten sorulara d\u00f6n\u00fc\u015ft\u00fcrmek i\u00e7in kapsaml\u0131 bir \u00e7er\u00e7eve. Ayr\u0131nt\u0131l\u0131 analiz, a\u00e7\u0131k ara hesaplamalar, do\u011frulama ad\u0131mlar\u0131 ve kapsaml\u0131 ke\u015fif yoluyla yapay zeka yan\u0131tlar\u0131n\u0131 optimize ederek, derin analitik d\u00fc\u015f\u00fcnme gerektiren karma\u015f\u0131k ve \u00e7ok y\u00f6nl\u00fc sorunlar i\u00e7in \u00fcst\u00fcn \u00e7\u00f6z\u00fcmler \u00fcretir.<\/p>","protected":false},"featured_media":26756,"comment_status":"open","ping_status":"closed","template":"","meta":[],"product_brand":[],"product_cat":[4101],"product_tag":[],"class_list":{"0":"post-26757","1":"product","2":"type-product","3":"status-publish","4":"has-post-thumbnail","6":"product_cat-productivity-automation","8":"first","9":"instock","10":"downloadable","11":"virtual","12":"product-type-simple"},"bundled_by":[],"bundle_stock_status":"instock","bundle_stock_quantity":null,"bundle_virtual":false,"bundle_layout":"","bundle_add_to_cart_form_location":"","bundle_editable_in_cart":false,"bundle_sold_individually_context":"","bundle_item_grouping":"","bundle_min_size":"","bundle_max_size":"","bundle_price":[],"bundled_items":[],"bundle_sell_ids":[],"_links":{"self":[{"href":"https:\/\/logic-vault.com\/tr\/wp-json\/wp\/v2\/product\/26757","targetHints":{"allow":["GET"]}}],"collection":[{"href":"https:\/\/logic-vault.com\/tr\/wp-json\/wp\/v2\/product"}],"about":[{"href":"https:\/\/logic-vault.com\/tr\/wp-json\/wp\/v2\/types\/product"}],"replies":[{"embeddable":true,"href":"https:\/\/logic-vault.com\/tr\/wp-json\/wp\/v2\/comments?post=26757"}],"wp:featuredmedia":[{"embeddable":true,"href":"https:\/\/logic-vault.com\/tr\/wp-json\/wp\/v2\/media\/26756"}],"wp:attachment":[{"href":"https:\/\/logic-vault.com\/tr\/wp-json\/wp\/v2\/media?parent=26757"}],"wp:term":[{"taxonomy":"product_brand","embeddable":true,"href":"https:\/\/logic-vault.com\/tr\/wp-json\/wp\/v2\/product_brand?post=26757"},{"taxonomy":"product_cat","embeddable":true,"href":"https:\/\/logic-vault.com\/tr\/wp-json\/wp\/v2\/product_cat?post=26757"},{"taxonomy":"product_tag","embeddable":true,"href":"https:\/\/logic-vault.com\/tr\/wp-json\/wp\/v2\/product_tag?post=26757"}],"curies":[{"name":"wp","href":"https:\/\/api.w.org\/{rel}","templated":true}]}}