{"id":26755,"date":"2026-02-17T21:25:08","date_gmt":"2026-02-17T21:25:08","guid":{"rendered":"https:\/\/logic-vault.com\/product\/linkedin-post-generator\/"},"modified":"2026-02-17T21:25:08","modified_gmt":"2026-02-17T21:25:08","slug":"linkedin-post-generator","status":"publish","type":"product","link":"https:\/\/logic-vault.com\/tr\/urun\/linkedin-post-generator\/","title":{"rendered":"LinkedIn G\u00f6nderi Olu\u015fturucu"},"content":{"rendered":"<p>Bu y\u00f6nerge, profesyonel a\u011flar\u0131n\u0131 cezbeden, sohbet ba\u015flatan ve onlar\u0131 bir d\u00fc\u015f\u00fcnce lideri olarak konumland\u0131ran ilgi \u00e7ekici bir LinkedIn g\u00f6nderisi olu\u015fturmay\u0131 ama\u00e7lamaktad\u0131r. Uzmanl\u0131\u011f\u0131 sergilemeye, trendleri vurgulamaya, de\u011ferli bilgiler sunmaya ve etkile\u015fimi art\u0131rmaya odaklanmaktad\u0131r. G\u00f6nderi, bilgilendirici, \u00f6zl\u00fc ve okuyucular\u0131 daha fazlas\u0131n\u0131 \u00f6\u011frenmeye istekli b\u0131rakacak \u015fekilde tasarlanm\u0131\u015ft\u0131r.<\/p>","protected":false},"excerpt":{"rendered":"<p>Bu y\u00f6nerge, profesyonel a\u011flar\u0131n\u0131 cezbeden, sohbet ba\u015flatan ve onlar\u0131 bir d\u00fc\u015f\u00fcnce lideri olarak konumland\u0131ran ilgi \u00e7ekici bir LinkedIn g\u00f6nderisi olu\u015fturmay\u0131 ama\u00e7lamaktad\u0131r. Uzmanl\u0131\u011f\u0131 sergilemeye, trendleri vurgulamaya, de\u011ferli bilgiler sunmaya ve etkile\u015fimi art\u0131rmaya odaklanmaktad\u0131r. G\u00f6nderi, bilgilendirici, \u00f6zl\u00fc ve okuyucular\u0131 daha fazlas\u0131n\u0131 \u00f6\u011frenmeye istekli b\u0131rakacak \u015fekilde tasarlanm\u0131\u015ft\u0131r.<\/p>","protected":false},"featured_media":26754,"comment_status":"open","ping_status":"closed","template":"","meta":[],"product_brand":[],"product_cat":[4101],"product_tag":[],"class_list":{"0":"post-26755","1":"product","2":"type-product","3":"status-publish","4":"has-post-thumbnail","6":"product_cat-productivity-automation","8":"first","9":"instock","10":"downloadable","11":"virtual","12":"product-type-simple"},"bundled_by":[],"bundle_stock_status":"instock","bundle_stock_quantity":null,"bundle_virtual":false,"bundle_layout":"","bundle_add_to_cart_form_location":"","bundle_editable_in_cart":false,"bundle_sold_individually_context":"","bundle_item_grouping":"","bundle_min_size":"","bundle_max_size":"","bundle_price":[],"bundled_items":[],"bundle_sell_ids":[],"_links":{"self":[{"href":"https:\/\/logic-vault.com\/tr\/wp-json\/wp\/v2\/product\/26755","targetHints":{"allow":["GET"]}}],"collection":[{"href":"https:\/\/logic-vault.com\/tr\/wp-json\/wp\/v2\/product"}],"about":[{"href":"https:\/\/logic-vault.com\/tr\/wp-json\/wp\/v2\/types\/product"}],"replies":[{"embeddable":true,"href":"https:\/\/logic-vault.com\/tr\/wp-json\/wp\/v2\/comments?post=26755"}],"wp:featuredmedia":[{"embeddable":true,"href":"https:\/\/logic-vault.com\/tr\/wp-json\/wp\/v2\/media\/26754"}],"wp:attachment":[{"href":"https:\/\/logic-vault.com\/tr\/wp-json\/wp\/v2\/media?parent=26755"}],"wp:term":[{"taxonomy":"product_brand","embeddable":true,"href":"https:\/\/logic-vault.com\/tr\/wp-json\/wp\/v2\/product_brand?post=26755"},{"taxonomy":"product_cat","embeddable":true,"href":"https:\/\/logic-vault.com\/tr\/wp-json\/wp\/v2\/product_cat?post=26755"},{"taxonomy":"product_tag","embeddable":true,"href":"https:\/\/logic-vault.com\/tr\/wp-json\/wp\/v2\/product_tag?post=26755"}],"curies":[{"name":"wp","href":"https:\/\/api.w.org\/{rel}","templated":true}]}}