{"id":26749,"date":"2026-02-17T21:25:07","date_gmt":"2026-02-17T21:25:07","guid":{"rendered":"https:\/\/logic-vault.com\/product\/complete-startup-plan\/"},"modified":"2026-02-17T21:25:07","modified_gmt":"2026-02-17T21:25:07","slug":"complete-startup-plan","status":"publish","type":"product","link":"https:\/\/logic-vault.com\/tr\/urun\/complete-startup-plan\/","title":{"rendered":"Eksiksiz Giri\u015fim Plan\u0131"},"content":{"rendered":"<p>\ud83d\ude80 GPT taraf\u0131ndan olu\u015fturulan \u0130\u015f Geli\u015ftirme Plan\u0131m\u0131zla giri\u015fiminizi hayata ge\u00e7irin. Yeni kurulan \u015firketler i\u00e7in \u00f6zel olarak tasarlanan bu kapsaml\u0131 plan, ba\u015far\u0131n\u0131z i\u00e7in hayati \u00f6nem ta\u015f\u0131yan t\u00fcm b\u00f6l\u00fcmleri kapsar.<\/p>\n<p>\ud83d\udca1 Art\u0131k genel stratejilere son. Giri\u015fiminizin benzersiz potansiyelini tan\u0131yan ve onu ileriye ta\u015f\u0131yan \u00f6zelle\u015ftirilmi\u015f bir plan\u0131 benimseyin.<\/p>\n<p>\ud83d\udcbb \u0130\u015f geli\u015ftirmeyi bir zorluk de\u011fil, bir g\u00fc\u00e7 haline getirin. GPT taraf\u0131ndan olu\u015fturulan plan\u0131m\u0131zla ilk ad\u0131m\u0131 at\u0131n. \u015eimdi sipari\u015f verin ve d\u00f6n\u00fc\u015f\u00fcm\u00fc deneyimleyin! \ud83d\udcc8\ud83d\ude80<\/p>","protected":false},"excerpt":{"rendered":"<p>\ud83d\ude80 Launch your startup with our GPT-generated Business Development Plan. Tailored for startups, this comprehensive plan covers all vital sections for your success. \ud83d\udca1 No more generic strategies. Embrace a customized plan that recognizes your startup&#8217;s unique potential and propels it forward. \ud83d\udcbb Make business development a strength, not a challenge. Take the first step [&hellip;]<\/p>\n","protected":false},"featured_media":26748,"comment_status":"open","ping_status":"closed","template":"","meta":[],"product_brand":[],"product_cat":[4101],"product_tag":[],"class_list":{"0":"post-26749","1":"product","2":"type-product","3":"status-publish","4":"has-post-thumbnail","6":"product_cat-productivity-automation","8":"first","9":"instock","10":"downloadable","11":"virtual","12":"product-type-simple"},"bundled_by":[],"bundle_stock_status":"instock","bundle_stock_quantity":null,"bundle_virtual":false,"bundle_layout":"","bundle_add_to_cart_form_location":"","bundle_editable_in_cart":false,"bundle_sold_individually_context":"","bundle_item_grouping":"","bundle_min_size":"","bundle_max_size":"","bundle_price":[],"bundled_items":[],"bundle_sell_ids":[],"_links":{"self":[{"href":"https:\/\/logic-vault.com\/tr\/wp-json\/wp\/v2\/product\/26749","targetHints":{"allow":["GET"]}}],"collection":[{"href":"https:\/\/logic-vault.com\/tr\/wp-json\/wp\/v2\/product"}],"about":[{"href":"https:\/\/logic-vault.com\/tr\/wp-json\/wp\/v2\/types\/product"}],"replies":[{"embeddable":true,"href":"https:\/\/logic-vault.com\/tr\/wp-json\/wp\/v2\/comments?post=26749"}],"wp:featuredmedia":[{"embeddable":true,"href":"https:\/\/logic-vault.com\/tr\/wp-json\/wp\/v2\/media\/26748"}],"wp:attachment":[{"href":"https:\/\/logic-vault.com\/tr\/wp-json\/wp\/v2\/media?parent=26749"}],"wp:term":[{"taxonomy":"product_brand","embeddable":true,"href":"https:\/\/logic-vault.com\/tr\/wp-json\/wp\/v2\/product_brand?post=26749"},{"taxonomy":"product_cat","embeddable":true,"href":"https:\/\/logic-vault.com\/tr\/wp-json\/wp\/v2\/product_cat?post=26749"},{"taxonomy":"product_tag","embeddable":true,"href":"https:\/\/logic-vault.com\/tr\/wp-json\/wp\/v2\/product_tag?post=26749"}],"curies":[{"name":"wp","href":"https:\/\/api.w.org\/{rel}","templated":true}]}}