{"id":26747,"date":"2026-02-17T21:25:06","date_gmt":"2026-02-17T21:25:06","guid":{"rendered":"https:\/\/logic-vault.com\/product\/seo-optimized-blog-articles-writing\/"},"modified":"2026-02-17T21:25:06","modified_gmt":"2026-02-17T21:25:06","slug":"seo-optimized-blog-articles-writing","status":"publish","type":"product","link":"https:\/\/logic-vault.com\/tr\/urun\/seo-optimized-blog-articles-writing\/","title":{"rendered":"SEO Optimize Edilmi\u015f Blog Yaz\u0131lar\u0131 Yaz\u0131m\u0131"},"content":{"rendered":"<p>\ud83d\udcdd GPT 3.5, GPT 4-o, GPT 4o mini ve GPT 4 ile uyumludur.<\/p>\n<p>\ud83d\udd0d\u270d\ufe0f Bu \u00f6neri m\u00fckemmel \u00e7\u00fcnk\u00fc SEO en iyi uygulamalar\u0131n\u0131 i\u00e7erik olu\u015fturmayla birle\u015ftirerek belirli bir konuda hedefli ve bilgilendirici bir makale olu\u015fturmaya olanak tan\u0131yor. <\/p>\n<p>\ud83d\udcdd Net talimatlar sa\u011flayarak \u00fcretilen i\u00e7eri\u011fin hem kullan\u0131c\u0131 amac\u0131na hem de arama motoru optimizasyonu standartlar\u0131na uygun olmas\u0131n\u0131 sa\u011flar.<\/p>\n<p>\ud83d\udccc Google arama sonu\u00e7lar\u0131nda \u00fcst s\u0131ralarda yer alan, ikna edici, ilgi \u00e7ekici, birinci s\u0131n\u0131f ve SEO a\u00e7\u0131s\u0131ndan zengin blog yaz\u0131lar\u0131 olu\u015fturun.<\/p>\n<p>\ud83c\udf1f BONUS \u0130ND\u0130R\u0130M \u0130\u00c7\u0130N \ud83d\udd25Yorum b\u0131rak\u0131n ve ileti\u015fime ge\u00e7in! \ud83c\udfc6<\/p>","protected":false},"excerpt":{"rendered":"<p>\ud83d\udcdd Works With GPT 3.5, GPT 4-o, GPT 4o mini &#038; GPT 4 \ud83d\udd0d\u270d\ufe0f This prompt is excellent because it merges SEO best practices with content creation, allowing for a targeted &#038; informative article on a specific topic. \ud83d\udcdd It provides clear instructions, ensuring the produced content meets both user intent &#038; search engine optimization [&hellip;]<\/p>\n","protected":false},"featured_media":26746,"comment_status":"open","ping_status":"closed","template":"","meta":[],"product_brand":[],"product_cat":[4101],"product_tag":[],"class_list":{"0":"post-26747","1":"product","2":"type-product","3":"status-publish","4":"has-post-thumbnail","6":"product_cat-productivity-automation","8":"first","9":"instock","10":"downloadable","11":"virtual","12":"product-type-simple"},"bundled_by":[],"bundle_stock_status":"instock","bundle_stock_quantity":null,"bundle_virtual":false,"bundle_layout":"","bundle_add_to_cart_form_location":"","bundle_editable_in_cart":false,"bundle_sold_individually_context":"","bundle_item_grouping":"","bundle_min_size":"","bundle_max_size":"","bundle_price":[],"bundled_items":[],"bundle_sell_ids":[],"_links":{"self":[{"href":"https:\/\/logic-vault.com\/tr\/wp-json\/wp\/v2\/product\/26747","targetHints":{"allow":["GET"]}}],"collection":[{"href":"https:\/\/logic-vault.com\/tr\/wp-json\/wp\/v2\/product"}],"about":[{"href":"https:\/\/logic-vault.com\/tr\/wp-json\/wp\/v2\/types\/product"}],"replies":[{"embeddable":true,"href":"https:\/\/logic-vault.com\/tr\/wp-json\/wp\/v2\/comments?post=26747"}],"wp:featuredmedia":[{"embeddable":true,"href":"https:\/\/logic-vault.com\/tr\/wp-json\/wp\/v2\/media\/26746"}],"wp:attachment":[{"href":"https:\/\/logic-vault.com\/tr\/wp-json\/wp\/v2\/media?parent=26747"}],"wp:term":[{"taxonomy":"product_brand","embeddable":true,"href":"https:\/\/logic-vault.com\/tr\/wp-json\/wp\/v2\/product_brand?post=26747"},{"taxonomy":"product_cat","embeddable":true,"href":"https:\/\/logic-vault.com\/tr\/wp-json\/wp\/v2\/product_cat?post=26747"},{"taxonomy":"product_tag","embeddable":true,"href":"https:\/\/logic-vault.com\/tr\/wp-json\/wp\/v2\/product_tag?post=26747"}],"curies":[{"name":"wp","href":"https:\/\/api.w.org\/{rel}","templated":true}]}}