{"id":26571,"date":"2026-02-09T11:03:18","date_gmt":"2026-02-09T11:03:18","guid":{"rendered":"http:\/\/logic-vault.com\/?post_type=product&#038;p=26571"},"modified":"2026-02-11T13:39:57","modified_gmt":"2026-02-11T13:39:57","slug":"futuristic-cloud-computing-centers-floating-in-the-sky","status":"publish","type":"product","link":"https:\/\/logic-vault.com\/tr\/urun\/futuristic-cloud-computing-centers-floating-in-the-sky\/","title":{"rendered":"G\u00f6ky\u00fcz\u00fcnde S\u00fcz\u00fclen F\u00fct\u00fcristik Bulut Bili\u015fim Merkezleri"},"content":{"rendered":"<p>Katmanl\u0131 g\u00f6ky\u00fcz\u00fc bulutlar\u0131n\u0131n \u00fczerinde s\u00fcz\u00fclen, sunucu kule bloklar\u0131, so\u011futma delikleri, anten dizileri, parlayan sunucu raflar\u0131n\u0131 ortaya \u00e7\u0131karan \u015feffaf b\u00f6l\u00fcmler ve birinci s\u0131n\u0131f cam-metal-kompozit malzemelerle tasarlanm\u0131\u015f, \u015f\u0131k mod\u00fcler veri merkezi platformlar\u0131 olarak tasarlanm\u0131\u015f devasa f\u00fct\u00fcristik bulut bili\u015fim merkezlerinin ultra detayl\u0131, fotoger\u00e7ek\u00e7i sinematik bir g\u00f6r\u00fcnt\u00fcs\u00fcn\u00fc olu\u015fturun; platformlar\u0131n etraf\u0131nda hareket eden ince parlayan veri ba\u011flant\u0131lar\u0131n\u0131, ince \u0131\u015f\u0131k yaylar\u0131n\u0131 ve k\u00fc\u00e7\u00fck bak\u0131m dronlar\u0131n\u0131 g\u00f6sterin; sahneyi hacimli g\u00fcne\u015f \u0131\u015f\u0131nlar\u0131, hafif pus ve g\u00fc\u00e7l\u00fc atmosferik derinlikle bulutlar\u0131n \u00fczerinde alt\u0131n saatte veya yumu\u015fak g\u00fcn \u0131\u015f\u0131\u011f\u0131nda kurun; \u00f6l\u00e7e\u011fi ve y\u00fcksekli\u011fi vurgulayan geni\u015f a\u00e7\u0131l\u0131 bir kompozisyon kullan\u0131n, net geometri, temiz kurumsal teknoloji esteti\u011fi, ger\u00e7ek\u00e7i yans\u0131malar ve logo, okunabilir metin, \u00e7izgi film veya \u00e7arp\u0131t\u0131lm\u0131\u015f \u00f6\u011feler i\u00e7ermeyin.<\/p>","protected":false},"excerpt":{"rendered":"<p>Create an ultra-detailed photorealistic cinematic image of massive futuristic cloud computing centers floating high above layered sky clouds, engineered as sleek modular data-center platforms with server tower blocks, cooling vents, antenna arrays, transparent sections revealing glowing server racks, and premium glass\u2013metal\u2013composite materials; show subtle glowing data links, thin light arcs, and small maintenance drones moving [&hellip;]<\/p>\n","protected":false},"featured_media":25590,"comment_status":"open","ping_status":"closed","template":"","meta":[],"product_brand":[],"product_cat":[4095],"product_tag":[],"class_list":{"0":"post-26571","1":"product","2":"type-product","3":"status-publish","4":"has-post-thumbnail","6":"product_cat-content-writing","8":"first","9":"instock","10":"downloadable","11":"virtual","12":"product-type-simple"},"bundled_by":[],"bundle_stock_status":"instock","bundle_stock_quantity":null,"bundle_virtual":false,"bundle_layout":"","bundle_add_to_cart_form_location":"","bundle_editable_in_cart":false,"bundle_sold_individually_context":"","bundle_item_grouping":"","bundle_min_size":"","bundle_max_size":"","bundle_price":[],"bundled_items":[],"bundle_sell_ids":[],"_links":{"self":[{"href":"https:\/\/logic-vault.com\/tr\/wp-json\/wp\/v2\/product\/26571","targetHints":{"allow":["GET"]}}],"collection":[{"href":"https:\/\/logic-vault.com\/tr\/wp-json\/wp\/v2\/product"}],"about":[{"href":"https:\/\/logic-vault.com\/tr\/wp-json\/wp\/v2\/types\/product"}],"replies":[{"embeddable":true,"href":"https:\/\/logic-vault.com\/tr\/wp-json\/wp\/v2\/comments?post=26571"}],"wp:featuredmedia":[{"embeddable":true,"href":"https:\/\/logic-vault.com\/tr\/wp-json\/wp\/v2\/media\/25590"}],"wp:attachment":[{"href":"https:\/\/logic-vault.com\/tr\/wp-json\/wp\/v2\/media?parent=26571"}],"wp:term":[{"taxonomy":"product_brand","embeddable":true,"href":"https:\/\/logic-vault.com\/tr\/wp-json\/wp\/v2\/product_brand?post=26571"},{"taxonomy":"product_cat","embeddable":true,"href":"https:\/\/logic-vault.com\/tr\/wp-json\/wp\/v2\/product_cat?post=26571"},{"taxonomy":"product_tag","embeddable":true,"href":"https:\/\/logic-vault.com\/tr\/wp-json\/wp\/v2\/product_tag?post=26571"}],"curies":[{"name":"wp","href":"https:\/\/api.w.org\/{rel}","templated":true}]}}