{"id":26567,"date":"2026-02-09T11:03:18","date_gmt":"2026-02-09T11:03:18","guid":{"rendered":"http:\/\/logic-vault.com\/?post_type=product&#038;p=26567"},"modified":"2026-02-11T13:39:57","modified_gmt":"2026-02-11T13:39:57","slug":"giant-digital-brain-representing-corporate-intelligence","status":"publish","type":"product","link":"https:\/\/logic-vault.com\/tr\/urun\/giant-digital-brain-representing-corporate-intelligence\/","title":{"rendered":"Kurumsal Zekay\u0131 Temsil Eden Dev Dijital Beyin"},"content":{"rendered":"<p>\u0130novasyon laboratuvar\u0131, y\u00fcksek katl\u0131 toplant\u0131 odas\u0131 veya soyut kurumsal kontrol alan\u0131 gibi \u00fcst d\u00fczey bir kurumsal teknoloji ortam\u0131n\u0131n merkez yap\u0131s\u0131 olarak y\u00fczen veya yerle\u015ftirilmi\u015f devasa, parlayan bir dijital beynin fotoger\u00e7ek\u00e7i, sinematik bir g\u00f6r\u00fcnt\u00fcs\u00fcn\u00fc olu\u015fturun; hesaplama ve stratejik zekay\u0131 iletmek i\u00e7in yollar boyunca ilerleyen \u0131\u015f\u0131k darbeleriyle ayd\u0131nlat\u0131lm\u0131\u015f devre hatlar\u0131, veri d\u00fc\u011f\u00fcmleri ve katmanl\u0131 a\u011f yap\u0131lar\u0131 kullanarak beyni tasarlay\u0131n; organik veya \u00fcrk\u00fct\u00fcc\u00fc dokular i\u00e7ermeyen temiz, m\u00fchendislik \u00fcr\u00fcn\u00fc bir estetik koruyun; \u015f\u0131k konsollar, holografik g\u00f6sterge panelleri ve okunabilir metin i\u00e7ermeyen soyut KPI tarz\u0131 g\u00f6rseller gibi ince kurumsal zeka ipu\u00e7lar\u0131 ekleyin, iste\u011fe ba\u011fl\u0131 olarak g\u00f6zlemleyen veya etkile\u015fimde bulunan profesyonellerin k\u00fc\u00e7\u00fck sil\u00fcetlerini (y\u00fczler odak noktas\u0131 de\u011fil) ekleyin; beynin birincil \u0131\u015f\u0131k kayna\u011f\u0131 oldu\u011fu karanl\u0131k, y\u00fcksek kontrastl\u0131 bir ortam kullan\u0131n, so\u011fuk neon paleti (camg\u00f6be\u011fi\/mavi\/mor), yumu\u015fak parlama, kontroll\u00fc hacimsel pus ve cam ve metal \u00fczerinde \u00fcst d\u00fczey yans\u0131malar kullan\u0131n; Odan\u0131n, insanlar\u0131n ve dev dijital beynin aras\u0131ndaki dramatik \u00f6l\u00e7ek fark\u0131n\u0131 vurgulayan geni\u015f bir \u00e7ekim olu\u015fturun; g\u00fc\u00e7l\u00fc derinlik, net geometri ve ultra detayl\u0131 fotoger\u00e7ek\u00e7i g\u00f6r\u00fcnt\u00fcleme sa\u011flay\u0131n; \u00e7izgi film tarz\u0131, logolar ve bozuk metinler kullanmay\u0131n.<\/p>","protected":false},"excerpt":{"rendered":"<p>Create a photorealistic, cinematic image of a massive glowing digital brain floating or embedded as the central structure inside a premium corporate-tech environment such as an innovation lab, high-rise boardroom, or abstract enterprise control space; design the brain using luminous circuit lines, data nodes, and layered network structures with light pulses traveling through pathways to [&hellip;]<\/p>\n","protected":false},"featured_media":25590,"comment_status":"open","ping_status":"closed","template":"","meta":[],"product_brand":[],"product_cat":[4095],"product_tag":[],"class_list":{"0":"post-26567","1":"product","2":"type-product","3":"status-publish","4":"has-post-thumbnail","6":"product_cat-content-writing","8":"first","9":"instock","10":"downloadable","11":"virtual","12":"product-type-simple"},"bundled_by":[],"bundle_stock_status":"instock","bundle_stock_quantity":null,"bundle_virtual":false,"bundle_layout":"","bundle_add_to_cart_form_location":"","bundle_editable_in_cart":false,"bundle_sold_individually_context":"","bundle_item_grouping":"","bundle_min_size":"","bundle_max_size":"","bundle_price":[],"bundled_items":[],"bundle_sell_ids":[],"_links":{"self":[{"href":"https:\/\/logic-vault.com\/tr\/wp-json\/wp\/v2\/product\/26567","targetHints":{"allow":["GET"]}}],"collection":[{"href":"https:\/\/logic-vault.com\/tr\/wp-json\/wp\/v2\/product"}],"about":[{"href":"https:\/\/logic-vault.com\/tr\/wp-json\/wp\/v2\/types\/product"}],"replies":[{"embeddable":true,"href":"https:\/\/logic-vault.com\/tr\/wp-json\/wp\/v2\/comments?post=26567"}],"wp:featuredmedia":[{"embeddable":true,"href":"https:\/\/logic-vault.com\/tr\/wp-json\/wp\/v2\/media\/25590"}],"wp:attachment":[{"href":"https:\/\/logic-vault.com\/tr\/wp-json\/wp\/v2\/media?parent=26567"}],"wp:term":[{"taxonomy":"product_brand","embeddable":true,"href":"https:\/\/logic-vault.com\/tr\/wp-json\/wp\/v2\/product_brand?post=26567"},{"taxonomy":"product_cat","embeddable":true,"href":"https:\/\/logic-vault.com\/tr\/wp-json\/wp\/v2\/product_cat?post=26567"},{"taxonomy":"product_tag","embeddable":true,"href":"https:\/\/logic-vault.com\/tr\/wp-json\/wp\/v2\/product_tag?post=26567"}],"curies":[{"name":"wp","href":"https:\/\/api.w.org\/{rel}","templated":true}]}}