{"id":26566,"date":"2026-02-09T11:03:18","date_gmt":"2026-02-09T11:03:18","guid":{"rendered":"http:\/\/logic-vault.com\/?post_type=product&#038;p=26566"},"modified":"2026-02-11T13:39:57","modified_gmt":"2026-02-11T13:39:57","slug":"ai-laboratory-with-advanced-hologram-devices","status":"publish","type":"product","link":"https:\/\/logic-vault.com\/tr\/urun\/ai-laboratory-with-advanced-hologram-devices\/","title":{"rendered":"Geli\u015fmi\u015f Hologram Cihazlar\u0131na Sahip Yapay Zeka Laboratuvar\u0131"},"content":{"rendered":"<p>Temiz, birinci s\u0131n\u0131f, son derece d\u00fczenli i\u00e7 tasar\u0131ma sahip, ara\u015ft\u0131rma tezgahlar\u0131, \u015f\u0131k \u00e7al\u0131\u015fma istasyonlar\u0131, sunucu raflar\u0131 ve ger\u00e7ek\u00e7i laboratuvar ekipmanlar\u0131 i\u00e7eren modern, y\u00fcksek teknolojili bir yapay zeka laboratuvar\u0131n\u0131n fotoger\u00e7ek\u00e7i, sinematik bir g\u00f6r\u00fcnt\u00fcs\u00fcn\u00fc olu\u015fturun; masalarda, sinir a\u011f\u0131 d\u00fc\u011f\u00fcmleri, veri ak\u0131\u015flar\u0131, 3B modeller ve te\u015fhis panelleri gibi yap\u0131land\u0131r\u0131lm\u0131\u015f, okunabilir UI benzeri g\u00f6rseller g\u00f6steren birden fazla hologram projeksiyon cihaz\u0131 ekleyin (ger\u00e7ek metin yok); geli\u015fmi\u015f sens\u00f6rler, robotik ara\u00e7lar, \u015feffaf ekranlar, hassas aletler, temiz kablo y\u00f6nlendirmesi, g\u00f6sterge \u0131\u015f\u0131klar\u0131 ve ak\u0131ll\u0131 cam y\u00fczeyler ekleyin, iste\u011fe ba\u011fl\u0131 olarak arka planda \u00e7al\u0131\u015fan bir robotik kol da ekleyin; hologram par\u0131lt\u0131s\u0131n\u0131 art\u0131rmak i\u00e7in ince camg\u00f6be\u011fi\/mavi\/mor neon vurgular\u0131 ve yumu\u015fak hacimsel pus ile so\u011fuk laboratuvar ayd\u0131nlatmas\u0131 kullan\u0131n; cam ve metal \u00fczerindeki keskin yans\u0131malarla sinematik kontrast; derinli\u011fi ve birden fazla hologram istasyonunu g\u00f6steren geni\u015f a\u00e7\u0131l\u0131 veya \u00fc\u00e7 \u00e7eyrek kompozisyon; \u00e7izgi film tarz\u0131, \u00e7arp\u0131k geometri, bozuk anatomi, logo veya okunabilir metin i\u00e7ermeyen ultra detayl\u0131, fotoger\u00e7ek\u00e7i i\u015fleme.<\/p>","protected":false},"excerpt":{"rendered":"<p>Create a photorealistic, cinematic image of a modern high-tech AI laboratory with clean, premium, highly organized interior design, featuring research benches, sleek workstations, server racks, and realistic lab-grade equipment; include multiple hologram projection devices on desks showing structured, readable UI-like visuals such as neural network nodes, data flows, 3D models, and diagnostics panels (no actual [&hellip;]<\/p>\n","protected":false},"featured_media":25468,"comment_status":"open","ping_status":"closed","template":"","meta":[],"product_brand":[],"product_cat":[4091],"product_tag":[],"class_list":{"0":"post-26566","1":"product","2":"type-product","3":"status-publish","4":"has-post-thumbnail","6":"product_cat-coding-development","8":"first","9":"instock","10":"downloadable","11":"virtual","12":"product-type-simple"},"bundled_by":[],"bundle_stock_status":"instock","bundle_stock_quantity":null,"bundle_virtual":false,"bundle_layout":"","bundle_add_to_cart_form_location":"","bundle_editable_in_cart":false,"bundle_sold_individually_context":"","bundle_item_grouping":"","bundle_min_size":"","bundle_max_size":"","bundle_price":[],"bundled_items":[],"bundle_sell_ids":[],"_links":{"self":[{"href":"https:\/\/logic-vault.com\/tr\/wp-json\/wp\/v2\/product\/26566","targetHints":{"allow":["GET"]}}],"collection":[{"href":"https:\/\/logic-vault.com\/tr\/wp-json\/wp\/v2\/product"}],"about":[{"href":"https:\/\/logic-vault.com\/tr\/wp-json\/wp\/v2\/types\/product"}],"replies":[{"embeddable":true,"href":"https:\/\/logic-vault.com\/tr\/wp-json\/wp\/v2\/comments?post=26566"}],"wp:featuredmedia":[{"embeddable":true,"href":"https:\/\/logic-vault.com\/tr\/wp-json\/wp\/v2\/media\/25468"}],"wp:attachment":[{"href":"https:\/\/logic-vault.com\/tr\/wp-json\/wp\/v2\/media?parent=26566"}],"wp:term":[{"taxonomy":"product_brand","embeddable":true,"href":"https:\/\/logic-vault.com\/tr\/wp-json\/wp\/v2\/product_brand?post=26566"},{"taxonomy":"product_cat","embeddable":true,"href":"https:\/\/logic-vault.com\/tr\/wp-json\/wp\/v2\/product_cat?post=26566"},{"taxonomy":"product_tag","embeddable":true,"href":"https:\/\/logic-vault.com\/tr\/wp-json\/wp\/v2\/product_tag?post=26566"}],"curies":[{"name":"wp","href":"https:\/\/api.w.org\/{rel}","templated":true}]}}