{"id":26565,"date":"2026-02-09T11:03:18","date_gmt":"2026-02-09T11:03:18","guid":{"rendered":"http:\/\/logic-vault.com\/?post_type=product&#038;p=26565"},"modified":"2026-02-11T13:39:57","modified_gmt":"2026-02-11T13:39:57","slug":"colorful-startup-culture-scene-with-energetic-motion","status":"publish","type":"product","link":"https:\/\/logic-vault.com\/tr\/urun\/colorful-startup-culture-scene-with-energetic-motion\/","title":{"rendered":"Enerjik Hareketlerle Dolu Renkli Giri\u015fimcilik K\u00fclt\u00fcr\u00fc Ortam\u0131"},"content":{"rendered":"<p>A\u00e7\u0131k planl\u0131, enerjik hareket ve yarat\u0131c\u0131 aktiviteyle dolu, modern bir giri\u015fim ofisi veya ortak \u00e7al\u0131\u015fma alan\u0131n\u0131n canl\u0131, fotoger\u00e7ek\u00e7i bir sahnesini olu\u015fturun; \u00e7e\u015fitli insanlar\u0131n i\u015f birli\u011fi yapmas\u0131n\u0131, beyin f\u0131rt\u0131nas\u0131 yapmas\u0131n\u0131, sunum yapmas\u0131n\u0131, g\u00fclmesini, y\u00fcr\u00fcmesini ve diz\u00fcst\u00fc bilgisayarlar\u0131nda \u00e7al\u0131\u015fmas\u0131n\u0131 do\u011fal oranlarda ve h\u0131z\u0131 ve &quot;\u015fu anda olan \u015feyler&quot; atmosferini iletmek i\u00e7in ince hareket bulan\u0131kl\u0131\u011f\u0131 veya \u0131\u015f\u0131k \u00e7izgileriyle g\u00f6sterin; yap\u0131\u015fkan notlar, beyaz tahtalar, eskizler, \u00fcr\u00fcn maketleri, sprint panolar\u0131, kahve fincanlar\u0131, diz\u00fcst\u00fc bilgisayarlar ve rahat oturma alanlar\u0131 gibi giri\u015fim k\u00fclt\u00fcr\u00fc detaylar\u0131n\u0131, okunabilir metin olmadan ekleyin; s\u0131cak iyimser tonlar, yumu\u015fak vurgular ve iste\u011fe ba\u011fl\u0131 renkli LED vurgular\u0131yla parlak, renkli ayd\u0131nlatma kullan\u0131n; canl\u0131 ancak kaotik olmayan, g\u00fc\u00e7l\u00fc derinlik ve katmanl\u0131 etkile\u015fimlere sahip geni\u015f kompozisyon; \u00e7izgi film tarz\u0131, bozuk y\u00fczler veya eller, logolar olmadan ultra detayl\u0131, temiz, fotoger\u00e7ek\u00e7i i\u015fleme.<\/p>","protected":false},"excerpt":{"rendered":"<p>Create a vibrant, photorealistic scene of a modern startup office or co-working space with an open layout, filled with energetic motion and creative activity; show diverse people collaborating, brainstorming, presenting, laughing, walking, and working on laptops with natural proportions and subtle motion blur or light streaks to convey speed and a \u201cthings happening right now\u201d [&hellip;]<\/p>\n","protected":false},"featured_media":25590,"comment_status":"open","ping_status":"closed","template":"","meta":[],"product_brand":[],"product_cat":[4095],"product_tag":[],"class_list":{"0":"post-26565","1":"product","2":"type-product","3":"status-publish","4":"has-post-thumbnail","6":"product_cat-content-writing","8":"first","9":"instock","10":"downloadable","11":"virtual","12":"product-type-simple"},"bundled_by":[],"bundle_stock_status":"instock","bundle_stock_quantity":null,"bundle_virtual":false,"bundle_layout":"","bundle_add_to_cart_form_location":"","bundle_editable_in_cart":false,"bundle_sold_individually_context":"","bundle_item_grouping":"","bundle_min_size":"","bundle_max_size":"","bundle_price":[],"bundled_items":[],"bundle_sell_ids":[],"_links":{"self":[{"href":"https:\/\/logic-vault.com\/tr\/wp-json\/wp\/v2\/product\/26565","targetHints":{"allow":["GET"]}}],"collection":[{"href":"https:\/\/logic-vault.com\/tr\/wp-json\/wp\/v2\/product"}],"about":[{"href":"https:\/\/logic-vault.com\/tr\/wp-json\/wp\/v2\/types\/product"}],"replies":[{"embeddable":true,"href":"https:\/\/logic-vault.com\/tr\/wp-json\/wp\/v2\/comments?post=26565"}],"wp:featuredmedia":[{"embeddable":true,"href":"https:\/\/logic-vault.com\/tr\/wp-json\/wp\/v2\/media\/25590"}],"wp:attachment":[{"href":"https:\/\/logic-vault.com\/tr\/wp-json\/wp\/v2\/media?parent=26565"}],"wp:term":[{"taxonomy":"product_brand","embeddable":true,"href":"https:\/\/logic-vault.com\/tr\/wp-json\/wp\/v2\/product_brand?post=26565"},{"taxonomy":"product_cat","embeddable":true,"href":"https:\/\/logic-vault.com\/tr\/wp-json\/wp\/v2\/product_cat?post=26565"},{"taxonomy":"product_tag","embeddable":true,"href":"https:\/\/logic-vault.com\/tr\/wp-json\/wp\/v2\/product_tag?post=26565"}],"curies":[{"name":"wp","href":"https:\/\/api.w.org\/{rel}","templated":true}]}}