{"id":26564,"date":"2026-02-09T11:03:18","date_gmt":"2026-02-09T11:03:18","guid":{"rendered":"http:\/\/logic-vault.com\/?post_type=product&#038;p=26564"},"modified":"2026-02-11T13:39:57","modified_gmt":"2026-02-11T13:39:57","slug":"futuristic-transportation-hub-with-drones-and-rail-systems","status":"publish","type":"product","link":"https:\/\/logic-vault.com\/tr\/urun\/futuristic-transportation-hub-with-drones-and-rail-systems\/","title":{"rendered":"Drone ve Rayl\u0131 Sistemlerle F\u00fct\u00fcristik Ula\u015f\u0131m Merkezi"},"content":{"rendered":"<p>F\u00fct\u00fcristik bir ula\u015f\u0131m merkezinin y\u00fcksek kaliteli sinematik g\u00f6r\u00fcnt\u00fcs\u00fcn\u00fc olu\u015fturun; \u015f\u0131k modern demiryolu altyap\u0131s\u0131n\u0131 organize otonom drone trafi\u011fiyle birle\u015ftirin; y\u00fcksek tavanl\u0131, temiz mimari geometriye, cilal\u0131 metal ve cam y\u00fczeylere ve verimli, geli\u015fmi\u015f bir atmosfere sahip b\u00fcy\u00fck, birinci s\u0131n\u0131f bir istasyon-terminal g\u00f6sterin; merkeze giri\u015f ve \u00e7\u0131k\u0131\u015f yapan g\u00f6r\u00fcn\u00fcr y\u00fcksek h\u0131zl\u0131 tren veya manyetik levitasyon raylar\u0131n\u0131, modern platformlar\u0131 ve iste\u011fe ba\u011fl\u0131 olarak gelen veya giden bir trenden kaynaklanan hareket bulan\u0131kl\u0131\u011f\u0131n\u0131 ekleyin; teslimat ve yolcu dronelar\u0131n\u0131n net bir \u015fekilde yap\u0131land\u0131r\u0131lm\u0131\u015f hava yollar\u0131nda hareket etti\u011fini, baz\u0131lar\u0131n\u0131n \u015farj istasyonlar\u0131nda veya teslimat istasyonlar\u0131nda yana\u015ft\u0131\u011f\u0131n\u0131, kaotik u\u00e7u\u015f olmamas\u0131n\u0131 g\u00f6sterin; ya net yans\u0131malara sahip parlak g\u00fcn \u0131\u015f\u0131\u011f\u0131 ya da ince camg\u00f6be\u011fi\/mavi\/mor neon vurgulara sahip bir gece sahnesi se\u00e7in, ayr\u0131nt\u0131lar\u0131 keskin tutarken derinlik i\u00e7in yumu\u015fak hacimsel pus kullan\u0131n; fotoger\u00e7ek\u00e7i i\u015fleme, ger\u00e7ek\u00e7i yans\u0131malar, merkezin, raylar\u0131n ve hava hareketlili\u011finin \u00f6l\u00e7e\u011fini g\u00f6steren geni\u015f a\u00e7\u0131l\u0131 kompozisyon, g\u00fc\u00e7l\u00fc bir g\u00f6rsel hiyerar\u015fi ve ultra detayl\u0131 malzemeler sa\u011flay\u0131n; \u00e7izgi film tarz\u0131 yok, logo yok, okunabilir metin yok, bozuk geometri yok.<\/p>","protected":false},"excerpt":{"rendered":"<p>Create a high-quality cinematic image of a futuristic transportation hub combining sleek modern rail infrastructure with organized autonomous drone traffic; show a large premium station-terminal with high ceilings, clean architectural geometry, polished metal and glass surfaces, and an efficient, advanced atmosphere; include visible high-speed rail or maglev tracks entering and exiting the hub, modern platforms, [&hellip;]<\/p>\n","protected":false},"featured_media":25590,"comment_status":"open","ping_status":"closed","template":"","meta":[],"product_brand":[],"product_cat":[4095],"product_tag":[],"class_list":{"0":"post-26564","1":"product","2":"type-product","3":"status-publish","4":"has-post-thumbnail","6":"product_cat-content-writing","8":"first","9":"instock","10":"downloadable","11":"virtual","12":"product-type-simple"},"bundled_by":[],"bundle_stock_status":"instock","bundle_stock_quantity":null,"bundle_virtual":false,"bundle_layout":"","bundle_add_to_cart_form_location":"","bundle_editable_in_cart":false,"bundle_sold_individually_context":"","bundle_item_grouping":"","bundle_min_size":"","bundle_max_size":"","bundle_price":[],"bundled_items":[],"bundle_sell_ids":[],"_links":{"self":[{"href":"https:\/\/logic-vault.com\/tr\/wp-json\/wp\/v2\/product\/26564","targetHints":{"allow":["GET"]}}],"collection":[{"href":"https:\/\/logic-vault.com\/tr\/wp-json\/wp\/v2\/product"}],"about":[{"href":"https:\/\/logic-vault.com\/tr\/wp-json\/wp\/v2\/types\/product"}],"replies":[{"embeddable":true,"href":"https:\/\/logic-vault.com\/tr\/wp-json\/wp\/v2\/comments?post=26564"}],"wp:featuredmedia":[{"embeddable":true,"href":"https:\/\/logic-vault.com\/tr\/wp-json\/wp\/v2\/media\/25590"}],"wp:attachment":[{"href":"https:\/\/logic-vault.com\/tr\/wp-json\/wp\/v2\/media?parent=26564"}],"wp:term":[{"taxonomy":"product_brand","embeddable":true,"href":"https:\/\/logic-vault.com\/tr\/wp-json\/wp\/v2\/product_brand?post=26564"},{"taxonomy":"product_cat","embeddable":true,"href":"https:\/\/logic-vault.com\/tr\/wp-json\/wp\/v2\/product_cat?post=26564"},{"taxonomy":"product_tag","embeddable":true,"href":"https:\/\/logic-vault.com\/tr\/wp-json\/wp\/v2\/product_tag?post=26564"}],"curies":[{"name":"wp","href":"https:\/\/api.w.org\/{rel}","templated":true}]}}