{"id":26563,"date":"2026-02-09T11:03:18","date_gmt":"2026-02-09T11:03:18","guid":{"rendered":"http:\/\/logic-vault.com\/?post_type=product&#038;p=26563"},"modified":"2026-02-11T13:39:57","modified_gmt":"2026-02-11T13:39:57","slug":"marketing-analytics-as-vibrant-abstract-data-waves","status":"publish","type":"product","link":"https:\/\/logic-vault.com\/tr\/urun\/marketing-analytics-as-vibrant-abstract-data-waves\/","title":{"rendered":"Pazarlama Analiti\u011fi, Canl\u0131 Soyut Veri Dalgalar\u0131 Olarak"},"content":{"rendered":"<p>Create a high-quality abstract visualization of marketing analytics as vibrant flowing data waves, with multiple layered light-made waves filled with particles, smooth gradients, pulse points, rhythmic peaks suggesting engagement and conversions, plus subtle geometric accents like nodes, thin grid lines, and curved paths to imply structure; use a vibrant but controlled palette of cyan, teal, blue, violet with warm pink\/orange energy accents, soft glow and bloom on wave edges, elegant complexity without noise; set on a dark or deep gradient background for strong contrast, with a sense of depth, motion, and intelligent modern energy; balanced composition with a clear focal wave and layered supporting waves; ultra-detailed, crisp, high-resolution rendering, no cartoon style, no text, no logos, no random symbols, no distortion\u2014an abstract visual that evokes marketing performance signals and data-driven momentum.<\/p>","protected":false},"excerpt":{"rendered":"<p>Create a high-quality abstract visualization of marketing analytics as vibrant flowing data waves, with multiple layered light-made waves filled with particles, smooth gradients, pulse points, rhythmic peaks suggesting engagement and conversions, plus subtle geometric accents like nodes, thin grid lines, and curved paths to imply structure; use a vibrant but controlled palette of cyan, teal, [&hellip;]<\/p>\n","protected":false},"featured_media":25529,"comment_status":"open","ping_status":"closed","template":"","meta":[],"product_brand":[],"product_cat":[4094],"product_tag":[],"class_list":{"0":"post-26563","1":"product","2":"type-product","3":"status-publish","4":"has-post-thumbnail","6":"product_cat-business-marketing","8":"first","9":"instock","10":"downloadable","11":"virtual","12":"product-type-simple"},"bundled_by":["27549","27552"],"bundle_stock_status":"instock","bundle_stock_quantity":null,"bundle_virtual":false,"bundle_layout":"","bundle_add_to_cart_form_location":"","bundle_editable_in_cart":false,"bundle_sold_individually_context":"","bundle_item_grouping":"","bundle_min_size":"","bundle_max_size":"","bundle_price":[],"bundled_items":[],"bundle_sell_ids":[],"_links":{"self":[{"href":"https:\/\/logic-vault.com\/tr\/wp-json\/wp\/v2\/product\/26563","targetHints":{"allow":["GET"]}}],"collection":[{"href":"https:\/\/logic-vault.com\/tr\/wp-json\/wp\/v2\/product"}],"about":[{"href":"https:\/\/logic-vault.com\/tr\/wp-json\/wp\/v2\/types\/product"}],"replies":[{"embeddable":true,"href":"https:\/\/logic-vault.com\/tr\/wp-json\/wp\/v2\/comments?post=26563"}],"wp:featuredmedia":[{"embeddable":true,"href":"https:\/\/logic-vault.com\/tr\/wp-json\/wp\/v2\/media\/25529"}],"wp:attachment":[{"href":"https:\/\/logic-vault.com\/tr\/wp-json\/wp\/v2\/media?parent=26563"}],"wp:term":[{"taxonomy":"product_brand","embeddable":true,"href":"https:\/\/logic-vault.com\/tr\/wp-json\/wp\/v2\/product_brand?post=26563"},{"taxonomy":"product_cat","embeddable":true,"href":"https:\/\/logic-vault.com\/tr\/wp-json\/wp\/v2\/product_cat?post=26563"},{"taxonomy":"product_tag","embeddable":true,"href":"https:\/\/logic-vault.com\/tr\/wp-json\/wp\/v2\/product_tag?post=26563"}],"curies":[{"name":"wp","href":"https:\/\/api.w.org\/{rel}","templated":true}]}}