{"id":26562,"date":"2026-02-09T11:03:18","date_gmt":"2026-02-09T11:03:18","guid":{"rendered":"http:\/\/logic-vault.com\/?post_type=product&#038;p=26562"},"modified":"2026-02-11T13:39:56","modified_gmt":"2026-02-11T13:39:56","slug":"growth-concept-with-glowing-arrows-and-sleek-shapes","status":"publish","type":"product","link":"https:\/\/logic-vault.com\/tr\/urun\/growth-concept-with-glowing-arrows-and-sleek-shapes\/","title":{"rendered":"Parlayan Oklar ve \u015e\u0131k \u015eekillerle B\u00fcy\u00fcme Konsepti"},"content":{"rendered":"<p>Create a high-quality modern visualization of business growth using a dominant upward glowing arrow surrounded by sleek abstract shapes, with clean geometric elements like bars, curves, gradients, layered cards, and subtle light trails suggesting acceleration; premium corporate-tech aesthetic with glass-like, metallic, or matte surfaces, elegant gradients and controlled neon accents in cyan\/blue\/violet with optional warm highlights; clear focal arrow, balanced composition, strong negative space, confident and optimistic mood; ultra-clean high-resolution render with crisp edges, smooth lighting, minimal noise, no cartoon style, no clutter, no logos, no readable text, no chaotic background \u2014 a polished visual representing growth, momentum, and upward progress.<\/p>","protected":false},"excerpt":{"rendered":"<p>Create a high-quality modern visualization of business growth using a dominant upward glowing arrow surrounded by sleek abstract shapes, with clean geometric elements like bars, curves, gradients, layered cards, and subtle light trails suggesting acceleration; premium corporate-tech aesthetic with glass-like, metallic, or matte surfaces, elegant gradients and controlled neon accents in cyan\/blue\/violet with optional warm [&hellip;]<\/p>\n","protected":false},"featured_media":25529,"comment_status":"open","ping_status":"closed","template":"","meta":[],"product_brand":[],"product_cat":[4094],"product_tag":[],"class_list":{"0":"post-26562","1":"product","2":"type-product","3":"status-publish","4":"has-post-thumbnail","6":"product_cat-business-marketing","8":"first","9":"instock","10":"downloadable","11":"virtual","12":"product-type-simple"},"bundled_by":["27549"],"bundle_stock_status":"instock","bundle_stock_quantity":null,"bundle_virtual":false,"bundle_layout":"","bundle_add_to_cart_form_location":"","bundle_editable_in_cart":false,"bundle_sold_individually_context":"","bundle_item_grouping":"","bundle_min_size":"","bundle_max_size":"","bundle_price":[],"bundled_items":[],"bundle_sell_ids":[],"_links":{"self":[{"href":"https:\/\/logic-vault.com\/tr\/wp-json\/wp\/v2\/product\/26562","targetHints":{"allow":["GET"]}}],"collection":[{"href":"https:\/\/logic-vault.com\/tr\/wp-json\/wp\/v2\/product"}],"about":[{"href":"https:\/\/logic-vault.com\/tr\/wp-json\/wp\/v2\/types\/product"}],"replies":[{"embeddable":true,"href":"https:\/\/logic-vault.com\/tr\/wp-json\/wp\/v2\/comments?post=26562"}],"wp:featuredmedia":[{"embeddable":true,"href":"https:\/\/logic-vault.com\/tr\/wp-json\/wp\/v2\/media\/25529"}],"wp:attachment":[{"href":"https:\/\/logic-vault.com\/tr\/wp-json\/wp\/v2\/media?parent=26562"}],"wp:term":[{"taxonomy":"product_brand","embeddable":true,"href":"https:\/\/logic-vault.com\/tr\/wp-json\/wp\/v2\/product_brand?post=26562"},{"taxonomy":"product_cat","embeddable":true,"href":"https:\/\/logic-vault.com\/tr\/wp-json\/wp\/v2\/product_cat?post=26562"},{"taxonomy":"product_tag","embeddable":true,"href":"https:\/\/logic-vault.com\/tr\/wp-json\/wp\/v2\/product_tag?post=26562"}],"curies":[{"name":"wp","href":"https:\/\/api.w.org\/{rel}","templated":true}]}}