{"id":26560,"date":"2026-02-09T11:03:18","date_gmt":"2026-02-09T11:03:18","guid":{"rendered":"http:\/\/logic-vault.com\/?post_type=product&#038;p=26560"},"modified":"2026-02-11T13:39:55","modified_gmt":"2026-02-11T13:39:55","slug":"team-working-inside-a-massive-data-sphere","status":"publish","type":"product","link":"https:\/\/logic-vault.com\/tr\/urun\/team-working-inside-a-massive-data-sphere\/","title":{"rendered":"Devasa Bir Veri K\u00fcresi \u0130\u00e7inde \u00c7al\u0131\u015fan Bir Ekip"},"content":{"rendered":"<p>F\u00fct\u00fcristik, y\u00fcksek teknolojili bir i\u00e7 mek\u00e2n\u0131 dolduran devasa, \u015feffaf, parlayan bir veri k\u00fcresinin i\u00e7inde \u00e7al\u0131\u015fan k\u00fc\u00e7\u00fck bir ekibin y\u00fcksek kaliteli sinematik bir sahnesini olu\u015fturun; devasa k\u00fcre, canl\u0131 veri ak\u0131\u015f\u0131n\u0131 temsil eden katmanl\u0131 holografik \u00f6\u011feler (y\u00fczen grafikler, a\u011f hatlar\u0131, d\u00fc\u011f\u00fcmler, par\u00e7ac\u0131k ak\u0131\u015flar\u0131, \u0131\u015f\u0131k izleri ve titre\u015fen noktalar) i\u00e7erir; bunlar\u0131n t\u00fcm\u00fc metin veya logo i\u00e7ermeyen, temiz ve okunabilir bir \u015fekilde sunulur; 3-6 ki\u015fi konsollar ve hologramlar etraf\u0131nda sakin ve odaklanm\u0131\u015f bir \u015fekilde \u00e7al\u0131\u015f\u0131r, y\u00fczler \u00f6n plana \u00e7\u0131kar\u0131lmaz; karanl\u0131k veya n\u00f6tr oda, esas olarak k\u00fcrenin so\u011fuk camg\u00f6be\u011fi\/mavi\/mor neon par\u0131lt\u0131s\u0131yla, yumu\u015fak bir pus, g\u00fc\u00e7l\u00fc derinlik ve sinematik kontrastla ayd\u0131nlat\u0131l\u0131r; geni\u015f a\u00e7\u0131l\u0131 kompozisyon, ekibin \u00fczerindeki k\u00fcrenin dramatik \u00f6l\u00e7e\u011fini vurgular, fotoger\u00e7ek\u00e7i malzemeler, keskin yans\u0131malar ve \u00e7izgi film tarz\u0131 veya bozuk anatomi i\u00e7ermez.<\/p>","protected":false},"excerpt":{"rendered":"<p>Create a high-quality cinematic scene of a small team working inside a massive transparent glowing data sphere that fills a futuristic high-tech interior; the enormous sphere contains layered holographic elements\u2014floating charts, network lines, nodes, particle streams, light trails, and pulsing points\u2014representing live data flow, all clean and readable with no text or logos; 3\u20136 people [&hellip;]<\/p>\n","protected":false},"featured_media":25590,"comment_status":"open","ping_status":"closed","template":"","meta":[],"product_brand":[],"product_cat":[4095],"product_tag":[],"class_list":{"0":"post-26560","1":"product","2":"type-product","3":"status-publish","4":"has-post-thumbnail","6":"product_cat-content-writing","8":"first","9":"instock","10":"downloadable","11":"virtual","12":"product-type-simple"},"bundled_by":[],"bundle_stock_status":"instock","bundle_stock_quantity":null,"bundle_virtual":false,"bundle_layout":"","bundle_add_to_cart_form_location":"","bundle_editable_in_cart":false,"bundle_sold_individually_context":"","bundle_item_grouping":"","bundle_min_size":"","bundle_max_size":"","bundle_price":[],"bundled_items":[],"bundle_sell_ids":[],"_links":{"self":[{"href":"https:\/\/logic-vault.com\/tr\/wp-json\/wp\/v2\/product\/26560","targetHints":{"allow":["GET"]}}],"collection":[{"href":"https:\/\/logic-vault.com\/tr\/wp-json\/wp\/v2\/product"}],"about":[{"href":"https:\/\/logic-vault.com\/tr\/wp-json\/wp\/v2\/types\/product"}],"replies":[{"embeddable":true,"href":"https:\/\/logic-vault.com\/tr\/wp-json\/wp\/v2\/comments?post=26560"}],"wp:featuredmedia":[{"embeddable":true,"href":"https:\/\/logic-vault.com\/tr\/wp-json\/wp\/v2\/media\/25590"}],"wp:attachment":[{"href":"https:\/\/logic-vault.com\/tr\/wp-json\/wp\/v2\/media?parent=26560"}],"wp:term":[{"taxonomy":"product_brand","embeddable":true,"href":"https:\/\/logic-vault.com\/tr\/wp-json\/wp\/v2\/product_brand?post=26560"},{"taxonomy":"product_cat","embeddable":true,"href":"https:\/\/logic-vault.com\/tr\/wp-json\/wp\/v2\/product_cat?post=26560"},{"taxonomy":"product_tag","embeddable":true,"href":"https:\/\/logic-vault.com\/tr\/wp-json\/wp\/v2\/product_tag?post=26560"}],"curies":[{"name":"wp","href":"https:\/\/api.w.org\/{rel}","templated":true}]}}