{"id":26558,"date":"2026-02-09T11:03:18","date_gmt":"2026-02-09T11:03:18","guid":{"rendered":"http:\/\/logic-vault.com\/?post_type=product&#038;p=26558"},"modified":"2026-02-11T13:39:55","modified_gmt":"2026-02-11T13:39:55","slug":"digital-marketplace-with-floating-product-tiles","status":"publish","type":"product","link":"https:\/\/logic-vault.com\/tr\/urun\/digital-marketplace-with-floating-product-tiles\/","title":{"rendered":"Y\u00fczen \u00dcr\u00fcn Kutucuklar\u0131na Sahip Dijital Pazar Yeri"},"content":{"rendered":"<p>Koyu veya n\u00f6tr bir arka plana, temiz geometriye ve g\u00fc\u00e7l\u00fc derinli\u011fe sahip \u015f\u0131k bir sanal ortamda, y\u00fczen \u00fcr\u00fcn kutucuklar\u0131 olarak g\u00f6sterilen, y\u00fcksek kaliteli, f\u00fct\u00fcristik bir dijital pazar yeri g\u00f6rselle\u015ftirmesi olu\u015fturun; soyut yer tutucu resimlerle 3 boyutlu uzayda as\u0131l\u0131 duran birden fazla \u00fcr\u00fcn kart\u0131, fiyat etiketi \u015fekilleri, derecelendirme simgeleri ve d\u00fc\u011fmeler (okunabilir metin yok) gibi basit kullan\u0131c\u0131 aray\u00fcz\u00fc \u00f6\u011feleri ekleyin; bunlar\u0131 d\u00fczenli sat\u0131rlar, \u0131zgaralar veya katmanl\u0131 karuseller halinde, aral\u0131k ve yumu\u015fak \u0131\u015f\u0131k vurgular\u0131yla ince bir grupland\u0131rma ile d\u00fczenleyin; kutucuklar\u0131n etraf\u0131na hafif bir par\u0131lt\u0131, cam benzeri y\u00fczeyler, \u0131\u015f\u0131k izleri ve g\u00f6z atmay\u0131 \u00f6neren hareket ipu\u00e7lar\u0131 ekleyin; camg\u00f6be\u011fi\/mavi\/mor veya yumu\u015fak s\u0131cak vurgular, y\u00fcksek kontrast ve zarif minimalizmden olu\u015fan modern bir palet kullan\u0131n; keskin kenarlar, net derinlik hiyerar\u015fisi, \u00e7izgi film g\u00f6r\u00fcn\u00fcm\u00fc yok, logo yok, bozulma yok ile ultra temiz fotoger\u00e7ek\u00e7i kullan\u0131c\u0131 aray\u00fcz\u00fc stilinde i\u015fleyin.<\/p>","protected":false},"excerpt":{"rendered":"<p>Create a high-quality futuristic visualization of a digital marketplace shown as floating product tiles in a sleek virtual environment with a dark or neutral backdrop, clean geometry, and strong depth; include multiple product cards suspended in 3D space with abstract placeholder images, simple UI elements like price-tag shapes, rating icons, and buttons (no readable text), [&hellip;]<\/p>\n","protected":false},"featured_media":25529,"comment_status":"open","ping_status":"closed","template":"","meta":[],"product_brand":[],"product_cat":[4094],"product_tag":[],"class_list":{"0":"post-26558","1":"product","2":"type-product","3":"status-publish","4":"has-post-thumbnail","6":"product_cat-business-marketing","8":"first","9":"instock","10":"downloadable","11":"virtual","12":"product-type-simple"},"bundled_by":["27549","27552"],"bundle_stock_status":"instock","bundle_stock_quantity":null,"bundle_virtual":false,"bundle_layout":"","bundle_add_to_cart_form_location":"","bundle_editable_in_cart":false,"bundle_sold_individually_context":"","bundle_item_grouping":"","bundle_min_size":"","bundle_max_size":"","bundle_price":[],"bundled_items":[],"bundle_sell_ids":[],"_links":{"self":[{"href":"https:\/\/logic-vault.com\/tr\/wp-json\/wp\/v2\/product\/26558","targetHints":{"allow":["GET"]}}],"collection":[{"href":"https:\/\/logic-vault.com\/tr\/wp-json\/wp\/v2\/product"}],"about":[{"href":"https:\/\/logic-vault.com\/tr\/wp-json\/wp\/v2\/types\/product"}],"replies":[{"embeddable":true,"href":"https:\/\/logic-vault.com\/tr\/wp-json\/wp\/v2\/comments?post=26558"}],"wp:featuredmedia":[{"embeddable":true,"href":"https:\/\/logic-vault.com\/tr\/wp-json\/wp\/v2\/media\/25529"}],"wp:attachment":[{"href":"https:\/\/logic-vault.com\/tr\/wp-json\/wp\/v2\/media?parent=26558"}],"wp:term":[{"taxonomy":"product_brand","embeddable":true,"href":"https:\/\/logic-vault.com\/tr\/wp-json\/wp\/v2\/product_brand?post=26558"},{"taxonomy":"product_cat","embeddable":true,"href":"https:\/\/logic-vault.com\/tr\/wp-json\/wp\/v2\/product_cat?post=26558"},{"taxonomy":"product_tag","embeddable":true,"href":"https:\/\/logic-vault.com\/tr\/wp-json\/wp\/v2\/product_tag?post=26558"}],"curies":[{"name":"wp","href":"https:\/\/api.w.org\/{rel}","templated":true}]}}