{"id":26556,"date":"2026-02-09T11:03:18","date_gmt":"2026-02-09T11:03:18","guid":{"rendered":"http:\/\/logic-vault.com\/?post_type=product&#038;p=26556"},"modified":"2026-02-11T13:39:55","modified_gmt":"2026-02-11T13:39:55","slug":"blockchain-system-as-interconnected-glowing-structures","status":"publish","type":"product","link":"https:\/\/logic-vault.com\/tr\/urun\/blockchain-system-as-interconnected-glowing-structures\/","title":{"rendered":"Birbirine Ba\u011fl\u0131 Parlayan Yap\u0131lar Olarak Blok Zinciri Sistemi"},"content":{"rendered":"<p>Birbirine ba\u011fl\u0131, \u0131\u015f\u0131k sa\u00e7an mod\u00fcler &quot;bloklar&quot;, ba\u011flant\u0131l\u0131 d\u00fc\u011f\u00fcm k\u00fcmeleri ve aralar\u0131nda \u0131\u015f\u0131k darbelerinin hareket etti\u011fi katmanl\u0131 zincirler i\u00e7eren, f\u00fct\u00fcristik ve y\u00fcksek kaliteli bir blockchain sistemi g\u00f6rselle\u015ftirmesi olu\u015fturun; m\u00fchendislik hassasiyetini ve b\u00fcy\u00fck \u00f6l\u00e7ekli dijital altyap\u0131y\u0131 iletmek i\u00e7in koyu lacivert\/siyah bir arka plan, camg\u00f6be\u011fi\/mavi\/mor par\u0131lt\u0131 vurgular\u0131, yumu\u015fak bir parlama, ince hacimsel bir pus ve kontroll\u00fc par\u00e7ac\u0131klar kullan\u0131n; net bir odak noktas\u0131, ultra detayl\u0131 keskin geometri, \u00fcst\u00fcn bilim-teknoloji esteti\u011fi, metin yok, logo yok, filigran yok, \u00e7izgi film tarz\u0131 yok, bo distorted \u015fekiller yok.<\/p>","protected":false},"excerpt":{"rendered":"<p>Create a high-quality futuristic visualization of a blockchain system as interconnected glowing structures, featuring luminous modular \u201cblocks,\u201d linked node clusters, and layered chains with light pulses traveling between them to suggest verification and decentralization; use a dark deep-navy\/black background with cyan\/blue\/violet glow accents, soft bloom, subtle volumetric haze, and controlled particles to convey engineered precision [&hellip;]<\/p>\n","protected":false},"featured_media":25590,"comment_status":"open","ping_status":"closed","template":"","meta":[],"product_brand":[],"product_cat":[4095],"product_tag":[],"class_list":{"0":"post-26556","1":"product","2":"type-product","3":"status-publish","4":"has-post-thumbnail","6":"product_cat-content-writing","8":"first","9":"instock","10":"downloadable","11":"virtual","12":"product-type-simple"},"bundled_by":[],"bundle_stock_status":"instock","bundle_stock_quantity":null,"bundle_virtual":false,"bundle_layout":"","bundle_add_to_cart_form_location":"","bundle_editable_in_cart":false,"bundle_sold_individually_context":"","bundle_item_grouping":"","bundle_min_size":"","bundle_max_size":"","bundle_price":[],"bundled_items":[],"bundle_sell_ids":[],"_links":{"self":[{"href":"https:\/\/logic-vault.com\/tr\/wp-json\/wp\/v2\/product\/26556","targetHints":{"allow":["GET"]}}],"collection":[{"href":"https:\/\/logic-vault.com\/tr\/wp-json\/wp\/v2\/product"}],"about":[{"href":"https:\/\/logic-vault.com\/tr\/wp-json\/wp\/v2\/types\/product"}],"replies":[{"embeddable":true,"href":"https:\/\/logic-vault.com\/tr\/wp-json\/wp\/v2\/comments?post=26556"}],"wp:featuredmedia":[{"embeddable":true,"href":"https:\/\/logic-vault.com\/tr\/wp-json\/wp\/v2\/media\/25590"}],"wp:attachment":[{"href":"https:\/\/logic-vault.com\/tr\/wp-json\/wp\/v2\/media?parent=26556"}],"wp:term":[{"taxonomy":"product_brand","embeddable":true,"href":"https:\/\/logic-vault.com\/tr\/wp-json\/wp\/v2\/product_brand?post=26556"},{"taxonomy":"product_cat","embeddable":true,"href":"https:\/\/logic-vault.com\/tr\/wp-json\/wp\/v2\/product_cat?post=26556"},{"taxonomy":"product_tag","embeddable":true,"href":"https:\/\/logic-vault.com\/tr\/wp-json\/wp\/v2\/product_tag?post=26556"}],"curies":[{"name":"wp","href":"https:\/\/api.w.org\/{rel}","templated":true}]}}