{"id":26554,"date":"2026-02-09T11:03:18","date_gmt":"2026-02-09T11:03:18","guid":{"rendered":"http:\/\/logic-vault.com\/?post_type=product&#038;p=26554"},"modified":"2026-02-11T13:39:55","modified_gmt":"2026-02-11T13:39:55","slug":"automated-futuristic-factory-with-robotic-arms","status":"publish","type":"product","link":"https:\/\/logic-vault.com\/tr\/urun\/automated-futuristic-factory-with-robotic-arms\/","title":{"rendered":"Robotik Kollara Sahip Otomatik F\u00fct\u00fcristik Fabrika"},"content":{"rendered":"<p>Geni\u015f, steril ve temiz bir end\u00fcstriyel i\u00e7 mekana sahip, d\u00fczenli \u00e7al\u0131\u015fma h\u00fccreleri, montaj hatlar\u0131 ve kaynak, par\u00e7a yerle\u015ftirme ve paketleme gibi hassas g\u00f6revleri aktif olarak ger\u00e7ekle\u015ftiren geli\u015fmi\u015f robotik kollar i\u00e7eren, otomatikle\u015ftirilmi\u015f f\u00fct\u00fcristik bir fabrikan\u0131n y\u00fcksek kaliteli sinematik g\u00f6r\u00fcnt\u00fcs\u00fcn\u00fc olu\u015fturun; ger\u00e7ek\u00e7i end\u00fcstriyel robotlar, konvey\u00f6r sistemleri, mod\u00fcler istasyonlar, sens\u00f6r dizileri, kablolar, g\u00fcvenlik bariyerleri ve iste\u011fe ba\u011fl\u0131 otonom ta\u015f\u0131ma arabalar\u0131 ekleyin; sahneyi karanl\u0131k hale getirmeden, ince par\u0131lt\u0131 vurgular\u0131, yumu\u015fak hacimsel pus, metal y\u00fczeylerdeki yans\u0131malar ve g\u00fc\u00e7l\u00fc sinematik kontrast i\u00e7eren haval\u0131 end\u00fcstriyel ayd\u0131nlatma kullan\u0131n; geni\u015f a\u00e7\u0131l\u0131 bir perspektifle etkileyici \u00f6l\u00e7ek ve derinlik yakalay\u0131n; metal, cam ve kompozit paneller gibi ultra detayl\u0131 fotoger\u00e7ek\u00e7i malzemeler i\u015fleyin; \u00e7izgi film tarz\u0131, bozuk geometri, okunabilir metin ve logolardan ka\u00e7\u0131n\u0131n.<\/p>","protected":false},"excerpt":{"rendered":"<p>Create a high-quality cinematic image of an automated futuristic factory with a wide, sterile-clean industrial interior featuring organized work cells, assembly lines, and advanced robotic arms actively performing precision tasks like welding, component placement, and packaging; include realistic industrial robots, conveyor systems, modular stations, sensor arrays, cables, safety barriers, and optional autonomous carts moving parts; [&hellip;]<\/p>\n","protected":false},"featured_media":25468,"comment_status":"open","ping_status":"closed","template":"","meta":[],"product_brand":[],"product_cat":[4091],"product_tag":[],"class_list":{"0":"post-26554","1":"product","2":"type-product","3":"status-publish","4":"has-post-thumbnail","6":"product_cat-coding-development","8":"first","9":"instock","10":"downloadable","11":"virtual","12":"product-type-simple"},"bundled_by":[],"bundle_stock_status":"instock","bundle_stock_quantity":null,"bundle_virtual":false,"bundle_layout":"","bundle_add_to_cart_form_location":"","bundle_editable_in_cart":false,"bundle_sold_individually_context":"","bundle_item_grouping":"","bundle_min_size":"","bundle_max_size":"","bundle_price":[],"bundled_items":[],"bundle_sell_ids":[],"_links":{"self":[{"href":"https:\/\/logic-vault.com\/tr\/wp-json\/wp\/v2\/product\/26554","targetHints":{"allow":["GET"]}}],"collection":[{"href":"https:\/\/logic-vault.com\/tr\/wp-json\/wp\/v2\/product"}],"about":[{"href":"https:\/\/logic-vault.com\/tr\/wp-json\/wp\/v2\/types\/product"}],"replies":[{"embeddable":true,"href":"https:\/\/logic-vault.com\/tr\/wp-json\/wp\/v2\/comments?post=26554"}],"wp:featuredmedia":[{"embeddable":true,"href":"https:\/\/logic-vault.com\/tr\/wp-json\/wp\/v2\/media\/25468"}],"wp:attachment":[{"href":"https:\/\/logic-vault.com\/tr\/wp-json\/wp\/v2\/media?parent=26554"}],"wp:term":[{"taxonomy":"product_brand","embeddable":true,"href":"https:\/\/logic-vault.com\/tr\/wp-json\/wp\/v2\/product_brand?post=26554"},{"taxonomy":"product_cat","embeddable":true,"href":"https:\/\/logic-vault.com\/tr\/wp-json\/wp\/v2\/product_cat?post=26554"},{"taxonomy":"product_tag","embeddable":true,"href":"https:\/\/logic-vault.com\/tr\/wp-json\/wp\/v2\/product_tag?post=26554"}],"curies":[{"name":"wp","href":"https:\/\/api.w.org\/{rel}","templated":true}]}}