{"id":26553,"date":"2026-02-09T11:03:18","date_gmt":"2026-02-09T11:03:18","guid":{"rendered":"http:\/\/logic-vault.com\/?post_type=product&#038;p=26553"},"modified":"2026-02-11T13:39:55","modified_gmt":"2026-02-11T13:39:55","slug":"surreal-scene-representing-creativity-and-innovation","status":"publish","type":"product","link":"https:\/\/logic-vault.com\/tr\/urun\/surreal-scene-representing-creativity-and-innovation\/","title":{"rendered":"Yarat\u0131c\u0131l\u0131\u011f\u0131 ve Yenilik\u00e7ili\u011fi Temsil Eden Ger\u00e7ek\u00fcst\u00fc Bir Sahne"},"content":{"rendered":"<p>Yarat\u0131c\u0131l\u0131\u011f\u0131 ve yenili\u011fi simgeleyen, r\u00fcya gibi, hayal g\u00fcc\u00fc dolu bir ortamda ge\u00e7en, soyut y\u00fczen nesneler, parlayan geometrik \u015fekiller, ampuller, portallar ve akan enerji ak\u0131mlar\u0131 arac\u0131l\u0131\u011f\u0131yla fikirlerin fiziksel form ald\u0131\u011f\u0131, y\u00fcksek kaliteli, s\u00fcrreal bir g\u00f6rsel sahne olu\u015fturun; fikirlerin olu\u015fmas\u0131n\u0131, geli\u015fmesini ve s\u0131n\u0131rlar\u0131 a\u015fmas\u0131n\u0131 temsil etmek i\u00e7in do\u011fay\u0131 ve teknolojiyi beklenmedik ancak zarif \u015fekillerde harmanlay\u0131n; derin maviler, morlar, s\u0131cak vurgular ve yumu\u015fak sinematik par\u0131lt\u0131 ile ince neon vurgular\u0131ndan olu\u015fan zengin ancak kontroll\u00fc bir renk paleti kullan\u0131n; g\u00fc\u00e7l\u00fc derinlik ve \u00f6l\u00e7ekle sakin, d\u00fc\u015f\u00fcnceli, ileriye d\u00f6n\u00fck bir atmosferi koruyun; dengeli kompozisyon ve kas\u0131tl\u0131 negatif alanla \u00e7evrili &quot;\u00e7\u0131\u011f\u0131r a\u00e7an&quot;\u0131 temsil eden net bir odak noktas\u0131 ekleyin; \u00fcst\u00fcn detay, resimsel veya sinematik s\u00fcrrealizm sa\u011flay\u0131n, kaos, \u00e7izgi film tarz\u0131, \u00e7ocuksu unsurlar, bozuk metin veya semboller kullanmay\u0131n.<\/p>","protected":false},"excerpt":{"rendered":"<p>Create a high-quality surreal visual scene symbolizing creativity and innovation, set in a dreamlike, imaginative environment where ideas take physical form through abstract floating objects, glowing geometric shapes, light bulbs, portals, and flowing energy streams; blend nature and technology in unexpected yet elegant ways to represent ideas forming, evolving, and breaking boundaries; use a rich [&hellip;]<\/p>\n","protected":false},"featured_media":25590,"comment_status":"open","ping_status":"closed","template":"","meta":[],"product_brand":[],"product_cat":[4095],"product_tag":[],"class_list":{"0":"post-26553","1":"product","2":"type-product","3":"status-publish","4":"has-post-thumbnail","6":"product_cat-content-writing","8":"first","9":"instock","10":"downloadable","11":"virtual","12":"product-type-simple"},"bundled_by":[],"bundle_stock_status":"instock","bundle_stock_quantity":null,"bundle_virtual":false,"bundle_layout":"","bundle_add_to_cart_form_location":"","bundle_editable_in_cart":false,"bundle_sold_individually_context":"","bundle_item_grouping":"","bundle_min_size":"","bundle_max_size":"","bundle_price":[],"bundled_items":[],"bundle_sell_ids":[],"_links":{"self":[{"href":"https:\/\/logic-vault.com\/tr\/wp-json\/wp\/v2\/product\/26553","targetHints":{"allow":["GET"]}}],"collection":[{"href":"https:\/\/logic-vault.com\/tr\/wp-json\/wp\/v2\/product"}],"about":[{"href":"https:\/\/logic-vault.com\/tr\/wp-json\/wp\/v2\/types\/product"}],"replies":[{"embeddable":true,"href":"https:\/\/logic-vault.com\/tr\/wp-json\/wp\/v2\/comments?post=26553"}],"wp:featuredmedia":[{"embeddable":true,"href":"https:\/\/logic-vault.com\/tr\/wp-json\/wp\/v2\/media\/25590"}],"wp:attachment":[{"href":"https:\/\/logic-vault.com\/tr\/wp-json\/wp\/v2\/media?parent=26553"}],"wp:term":[{"taxonomy":"product_brand","embeddable":true,"href":"https:\/\/logic-vault.com\/tr\/wp-json\/wp\/v2\/product_brand?post=26553"},{"taxonomy":"product_cat","embeddable":true,"href":"https:\/\/logic-vault.com\/tr\/wp-json\/wp\/v2\/product_cat?post=26553"},{"taxonomy":"product_tag","embeddable":true,"href":"https:\/\/logic-vault.com\/tr\/wp-json\/wp\/v2\/product_tag?post=26553"}],"curies":[{"name":"wp","href":"https:\/\/api.w.org\/{rel}","templated":true}]}}