{"id":26552,"date":"2026-02-09T11:03:17","date_gmt":"2026-02-09T11:03:17","guid":{"rendered":"http:\/\/logic-vault.com\/?post_type=product&#038;p=26552"},"modified":"2026-02-11T13:39:55","modified_gmt":"2026-02-11T13:39:55","slug":"clean-dark-themed-dashboard-with-subtle-neon-highlights","status":"publish","type":"product","link":"https:\/\/logic-vault.com\/tr\/urun\/clean-dark-themed-dashboard-with-subtle-neon-highlights\/","title":{"rendered":"Sade, Koyu Temal\u0131 G\u00f6sterge Paneli, Zarif Neon Vurgularla"},"content":{"rendered":"<p>Koyu\/siyaha yak\u0131n bir arka plana, \u00fcst\u00fcn minimalist d\u00fczene, tutarl\u0131 \u0131zgara aral\u0131\u011f\u0131na ve modern bir tipografi hissine sahip, temiz, koyu temal\u0131 bir analiz panosunun y\u00fcksek kaliteli, modern bir kullan\u0131c\u0131 aray\u00fcz\u00fc g\u00f6rselle\u015ftirmesini olu\u015fturun; basit simgeler i\u00e7eren 3-6 KPI kart\u0131, ana \u00e7izgi veya \u00e7ubuk grafik art\u0131 1-2 destekleyici grafik ve filtreler veya arama gibi minimal, zarif yan \u00e7ubuk navigasyonu ve \u00fcst \u00e7ubuk kontrolleri ekleyin; d\u00fc\u011fmeleri, ge\u00e7i\u015fleri ve sekmeleri modern ve kullan\u0131\u015fl\u0131 g\u00f6r\u00fcnecek \u015fekilde tasarlay\u0131n; dikkati y\u00f6nlendirmek i\u00e7in az miktarda kullan\u0131lan yumu\u015fak vurgular veya \u0131\u015f\u0131k parlamalar\u0131yla camg\u00f6be\u011fi\/mavi\/mor tonlar\u0131nda ince neon vurgular ekleyin; temiz soyut yer tutucular ve bozuk metin olmadan grafiklerin inand\u0131r\u0131c\u0131 g\u00f6r\u00fcnmesini sa\u011flay\u0131n; panoyu d\u00fcz veya hafif bir perspektif maket e\u011fimiyle, ultra temiz, keskin kenarl\u0131, fotoger\u00e7ek\u00e7i \u00fcr\u00fcn tasar\u0131m stiliyle, logo, filigran, yapayl\u0131k, \u00e7izgi film veya eskiz esteti\u011fi olmadan olu\u015fturun.<\/p>","protected":false},"excerpt":{"rendered":"<p>Create a high-quality modern UI visualization of a clean dark-themed analytics dashboard with a charcoal\/near-black background, premium minimal layout, consistent grid spacing, and a modern-typography feel; include 3\u20136 KPI cards with simple icons, a main line or bar chart plus 1\u20132 supporting charts, and minimal elegant sidebar navigation and top bar controls such as filters [&hellip;]<\/p>\n","protected":false},"featured_media":25590,"comment_status":"open","ping_status":"closed","template":"","meta":[],"product_brand":[],"product_cat":[4095],"product_tag":[],"class_list":{"0":"post-26552","1":"product","2":"type-product","3":"status-publish","4":"has-post-thumbnail","6":"product_cat-content-writing","8":"first","9":"instock","10":"downloadable","11":"virtual","12":"product-type-simple"},"bundled_by":[],"bundle_stock_status":"instock","bundle_stock_quantity":null,"bundle_virtual":false,"bundle_layout":"","bundle_add_to_cart_form_location":"","bundle_editable_in_cart":false,"bundle_sold_individually_context":"","bundle_item_grouping":"","bundle_min_size":"","bundle_max_size":"","bundle_price":[],"bundled_items":[],"bundle_sell_ids":[],"_links":{"self":[{"href":"https:\/\/logic-vault.com\/tr\/wp-json\/wp\/v2\/product\/26552","targetHints":{"allow":["GET"]}}],"collection":[{"href":"https:\/\/logic-vault.com\/tr\/wp-json\/wp\/v2\/product"}],"about":[{"href":"https:\/\/logic-vault.com\/tr\/wp-json\/wp\/v2\/types\/product"}],"replies":[{"embeddable":true,"href":"https:\/\/logic-vault.com\/tr\/wp-json\/wp\/v2\/comments?post=26552"}],"wp:featuredmedia":[{"embeddable":true,"href":"https:\/\/logic-vault.com\/tr\/wp-json\/wp\/v2\/media\/25590"}],"wp:attachment":[{"href":"https:\/\/logic-vault.com\/tr\/wp-json\/wp\/v2\/media?parent=26552"}],"wp:term":[{"taxonomy":"product_brand","embeddable":true,"href":"https:\/\/logic-vault.com\/tr\/wp-json\/wp\/v2\/product_brand?post=26552"},{"taxonomy":"product_cat","embeddable":true,"href":"https:\/\/logic-vault.com\/tr\/wp-json\/wp\/v2\/product_cat?post=26552"},{"taxonomy":"product_tag","embeddable":true,"href":"https:\/\/logic-vault.com\/tr\/wp-json\/wp\/v2\/product_tag?post=26552"}],"curies":[{"name":"wp","href":"https:\/\/api.w.org\/{rel}","templated":true}]}}