{"id":26550,"date":"2026-02-09T11:03:17","date_gmt":"2026-02-09T11:03:17","guid":{"rendered":"http:\/\/logic-vault.com\/?post_type=product&#038;p=26550"},"modified":"2026-02-11T13:39:55","modified_gmt":"2026-02-11T13:39:55","slug":"global-connections-with-glowing-lines-on-a-dark-earth-map","status":"publish","type":"product","link":"https:\/\/logic-vault.com\/tr\/urun\/global-connections-with-glowing-lines-on-a-dark-earth-map\/","title":{"rendered":"Karanl\u0131k D\u00fcnya Haritas\u0131 \u00dczerinde Parlayan \u00c7izgilerle K\u00fcresel Ba\u011flant\u0131lar"},"content":{"rendered":"<p>Karanl\u0131k bir D\u00fcnya haritas\u0131 \u00fczerinde parlayan \u00e7izgiler olarak g\u00f6sterilen k\u00fcresel ba\u011flant\u0131lar\u0131n y\u00fcksek kaliteli sinematik bir g\u00f6rselle\u015ftirmesini olu\u015fturun; D\u00fcnya&#039;n\u0131n gece g\u00f6r\u00fcn\u00fcm\u00fcn\u00fc veya \u015fehir \u0131\u015f\u0131klar\u0131n\u0131n hafif\u00e7e parlad\u0131\u011f\u0131 ve ger\u00e7ek\u00e7i bir e\u011fime sahip karanl\u0131k bir d\u00fcnya haritas\u0131n\u0131, geni\u015f \u00e7er\u00e7evelemeyi ve keskin D\u00fcnya dokular\u0131n\u0131 kullan\u0131n; b\u00fcy\u00fck k\u00fcresel merkezleri birbirine ba\u011flayan, k\u0131talar boyunca yo\u011fun k\u00fcmeler ve okyanuslar \u00fczerinde uzun mesafeli yaylar i\u00e7eren, so\u011fuk neon tonlar\u0131nda (camg\u00f6be\u011fi, mavi, mor) parlayan ba\u011flant\u0131 \u00e7izgileri ve yaylar\u0131 g\u00f6sterin, ayr\u0131ca ba\u011flant\u0131 noktalar\u0131nda yumu\u015fak bir \u015fekilde titre\u015fen \u0131\u015f\u0131k d\u00fc\u011f\u00fcmleri ekleyin; zarif, temiz a\u011f yollar\u0131 (da\u011f\u0131n\u0131k de\u011fil), hafif atmosferik pus, parlama ve g\u00fc\u00e7l\u00fc derinlik i\u00e7eren koyu, y\u00fcksek kontrastl\u0131 bir arka plan kullan\u0131n; \u00e7izgi film \u00f6\u011felerinden, bozuk metinlerden, logolardan veya filigranlardan ka\u00e7\u0131narak, net kenarlar ve fotoger\u00e7ek\u00e7i veya \u00fcst d\u00fczey teknoloji g\u00f6rselle\u015ftirme stiliyle f\u00fct\u00fcristik, \u00fcst d\u00fczey bir veri a\u011f\u0131 esteti\u011fini koruyun.<\/p>","protected":false},"excerpt":{"rendered":"<p>Create a high-quality cinematic visualization of global connections shown as glowing lines across a dark Earth map, featuring a night-side view of Earth or a dark world map with subtle city lights and realistic curvature, wide framing, and sharp Earth textures; show glowing connection lines and arcs in cool neon tones (cyan, blue, violet) linking [&hellip;]<\/p>\n","protected":false},"featured_media":25590,"comment_status":"open","ping_status":"closed","template":"","meta":[],"product_brand":[],"product_cat":[4095],"product_tag":[],"class_list":{"0":"post-26550","1":"product","2":"type-product","3":"status-publish","4":"has-post-thumbnail","6":"product_cat-content-writing","8":"first","9":"instock","10":"downloadable","11":"virtual","12":"product-type-simple"},"bundled_by":[],"bundle_stock_status":"instock","bundle_stock_quantity":null,"bundle_virtual":false,"bundle_layout":"","bundle_add_to_cart_form_location":"","bundle_editable_in_cart":false,"bundle_sold_individually_context":"","bundle_item_grouping":"","bundle_min_size":"","bundle_max_size":"","bundle_price":[],"bundled_items":[],"bundle_sell_ids":[],"_links":{"self":[{"href":"https:\/\/logic-vault.com\/tr\/wp-json\/wp\/v2\/product\/26550","targetHints":{"allow":["GET"]}}],"collection":[{"href":"https:\/\/logic-vault.com\/tr\/wp-json\/wp\/v2\/product"}],"about":[{"href":"https:\/\/logic-vault.com\/tr\/wp-json\/wp\/v2\/types\/product"}],"replies":[{"embeddable":true,"href":"https:\/\/logic-vault.com\/tr\/wp-json\/wp\/v2\/comments?post=26550"}],"wp:featuredmedia":[{"embeddable":true,"href":"https:\/\/logic-vault.com\/tr\/wp-json\/wp\/v2\/media\/25590"}],"wp:attachment":[{"href":"https:\/\/logic-vault.com\/tr\/wp-json\/wp\/v2\/media?parent=26550"}],"wp:term":[{"taxonomy":"product_brand","embeddable":true,"href":"https:\/\/logic-vault.com\/tr\/wp-json\/wp\/v2\/product_brand?post=26550"},{"taxonomy":"product_cat","embeddable":true,"href":"https:\/\/logic-vault.com\/tr\/wp-json\/wp\/v2\/product_cat?post=26550"},{"taxonomy":"product_tag","embeddable":true,"href":"https:\/\/logic-vault.com\/tr\/wp-json\/wp\/v2\/product_tag?post=26550"}],"curies":[{"name":"wp","href":"https:\/\/api.w.org\/{rel}","templated":true}]}}