{"id":26549,"date":"2026-02-09T11:03:17","date_gmt":"2026-02-09T11:03:17","guid":{"rendered":"http:\/\/logic-vault.com\/?post_type=product&#038;p=26549"},"modified":"2026-02-10T12:45:25","modified_gmt":"2026-02-10T12:45:25","slug":"ai-assistant-avatar-in-multiple-art-styles-style-variations-set","status":"publish","type":"product","link":"https:\/\/logic-vault.com\/tr\/urun\/ai-assistant-avatar-in-multiple-art-styles-style-variations-set\/","title":{"rendered":"\u00c7e\u015fitli Sanat Tarzlar\u0131nda Yapay Zeka Asistan\u0131 Avatar\u0131 (Stil Varyasyonlar\u0131 Seti)"},"content":{"rendered":"<p>Ayn\u0131 yapay zeka asistan avatar\u0131n\u0131n alt\u0131 ayr\u0131 g\u00f6r\u00fcnt\u00fcs\u00fcn\u00fc farkl\u0131 sanat stillerinde olu\u015fturun ve karakterin t\u00fcm s\u00fcr\u00fcmlerde m\u00fckemmel bir \u015fekilde tutarl\u0131 kalmas\u0131n\u0131 sa\u011flay\u0131n: ayn\u0131 tan\u0131nabilir y\u00fcz yap\u0131s\u0131na, ayn\u0131 sa\u00e7 stiline veya kafa \u015fekline ve tek bir imza aksesuar\u0131na sahip, dost canl\u0131s\u0131, modern bir yapay zeka asistan\u0131; ayn\u0131 pozda ve basit, d\u00fcz veya yumu\u015fak ge\u00e7i\u015fli bir arka planla ortalanm\u0131\u015f olarak g\u00f6sterilsin; n\u00f6tr, s\u0131cak, profesyonel bir ifade; A s\u00fcr\u00fcm\u00fcn\u00fc net ayd\u0131nlatma ve do\u011fal cilt detaylar\u0131yla fotoger\u00e7ek\u00e7i sinematik bir portre olarak olu\u015fturun; B s\u00fcr\u00fcm\u00fcn\u00fc temiz geometrik \u015fekiller ve basit g\u00f6lgelendirme ile minimalist d\u00fcz vekt\u00f6r ill\u00fcstrasyon olarak olu\u015fturun; C s\u00fcr\u00fcm\u00fcn\u00fc yumu\u015fak yuvarlak formlara sahip ancak \u00e7ocuksu olmayan y\u00fcksek kaliteli 3D Pixar tarz\u0131 bir render olarak olu\u015fturun; D s\u00fcr\u00fcm\u00fcn\u00fc temiz \u00e7izgi \u00e7al\u0131\u015fmas\u0131 ve etkileyici ancak abart\u0131l\u0131 olmayan \u00f6zelliklere sahip bir anime portresi olarak olu\u015fturun; E s\u00fcr\u00fcm\u00fcn\u00fc parlayan vurgular ve f\u00fct\u00fcristik tonlara sahip bir siberpunk neon ill\u00fcstrasyon olarak olu\u015fturun; F s\u00fcr\u00fcm\u00fcn\u00fc yumu\u015fak kenarlara ve ince ka\u011f\u0131t dokusuna sahip bir suluboya resim olarak olu\u015fturun; t\u00fcm stillerde tutarl\u0131 karakter kimli\u011fi, sa\u00e7\/g\u00f6z renkleri ve aksesuar sa\u011flay\u0131n, logo, metin, filigran ve bozulma olmas\u0131n.<\/p>","protected":false},"excerpt":{"rendered":"<p>Generate six separate images of the same AI assistant avatar shown in different art styles, keeping the character perfectly consistent across all versions: a friendly, modern AI assistant with the same recognizable face structure, same hairstyle or head shape, and one signature accessory, shown centered in the same pose and framing with a simple solid [&hellip;]<\/p>\n","protected":false},"featured_media":26660,"comment_status":"open","ping_status":"closed","template":"","meta":[],"product_brand":[],"product_cat":[4095],"product_tag":[],"class_list":{"0":"post-26549","1":"product","2":"type-product","3":"status-publish","4":"has-post-thumbnail","6":"product_cat-content-writing","8":"first","9":"instock","10":"downloadable","11":"virtual","12":"product-type-simple"},"bundled_by":[],"bundle_stock_status":"instock","bundle_stock_quantity":null,"bundle_virtual":false,"bundle_layout":"","bundle_add_to_cart_form_location":"","bundle_editable_in_cart":false,"bundle_sold_individually_context":"","bundle_item_grouping":"","bundle_min_size":"","bundle_max_size":"","bundle_price":[],"bundled_items":[],"bundle_sell_ids":[],"_links":{"self":[{"href":"https:\/\/logic-vault.com\/tr\/wp-json\/wp\/v2\/product\/26549","targetHints":{"allow":["GET"]}}],"collection":[{"href":"https:\/\/logic-vault.com\/tr\/wp-json\/wp\/v2\/product"}],"about":[{"href":"https:\/\/logic-vault.com\/tr\/wp-json\/wp\/v2\/types\/product"}],"replies":[{"embeddable":true,"href":"https:\/\/logic-vault.com\/tr\/wp-json\/wp\/v2\/comments?post=26549"}],"wp:featuredmedia":[{"embeddable":true,"href":"https:\/\/logic-vault.com\/tr\/wp-json\/wp\/v2\/media\/26660"}],"wp:attachment":[{"href":"https:\/\/logic-vault.com\/tr\/wp-json\/wp\/v2\/media?parent=26549"}],"wp:term":[{"taxonomy":"product_brand","embeddable":true,"href":"https:\/\/logic-vault.com\/tr\/wp-json\/wp\/v2\/product_brand?post=26549"},{"taxonomy":"product_cat","embeddable":true,"href":"https:\/\/logic-vault.com\/tr\/wp-json\/wp\/v2\/product_cat?post=26549"},{"taxonomy":"product_tag","embeddable":true,"href":"https:\/\/logic-vault.com\/tr\/wp-json\/wp\/v2\/product_tag?post=26549"}],"curies":[{"name":"wp","href":"https:\/\/api.w.org\/{rel}","templated":true}]}}