{"id":26548,"date":"2026-02-09T11:03:17","date_gmt":"2026-02-09T11:03:17","guid":{"rendered":"http:\/\/logic-vault.com\/?post_type=product&#038;p=26548"},"modified":"2026-02-11T13:39:55","modified_gmt":"2026-02-11T13:39:55","slug":"neon-lit-control-room-with-holographic-interfaces","status":"publish","type":"product","link":"https:\/\/logic-vault.com\/tr\/urun\/neon-lit-control-room-with-holographic-interfaces\/","title":{"rendered":"Neon \u0131\u015f\u0131kl\u0131 kontrol odas\u0131 ve holografik aray\u00fczler"},"content":{"rendered":"<p>\u015e\u0131k koyu malzemeler, temiz geometri, katmanl\u0131 derinlik, \u00e7oklu i\u015f istasyonlar\u0131 ve y\u00fczen holografik aray\u00fczlerle \u00e7evrili merkezi bir komuta merkezi i\u00e7eren, neon \u0131\u015f\u0131kl\u0131 f\u00fct\u00fcristik bir kontrol odas\u0131n\u0131n y\u00fcksek kaliteli, fotoger\u00e7ek\u00e7i sinematik i\u00e7 mekan\u0131n\u0131 olu\u015fturun; haritalar\u0131, grafikleri, sistem durumlar\u0131n\u0131 ve a\u011f diyagramlar\u0131n\u0131 (yaln\u0131zca temiz \u015fekiller, okunabilir veya bozuk metin yok) g\u00f6steren \u015feffaf kullan\u0131c\u0131 aray\u00fcz\u00fc panelleri ve yap\u0131land\u0131r\u0131lm\u0131\u015f holografik ekranlar ekleyin, bunlar g\u00fc\u00e7l\u00fc camg\u00f6be\u011fi\/mavi\/mor neon vurgular ve ince pembe tonlarla ayd\u0131nlat\u0131ls\u0131n; yumu\u015fak hacimsel pus, y\u00fczeylerde parlak yans\u0131malar ve kablolar, sunucu raflar\u0131, dronlar ve g\u00f6sterge \u0131\u015f\u0131klar\u0131 gibi ince teknolojik aksesuarlar ekleyin, iste\u011fe ba\u011fl\u0131 olarak y\u00fczleri g\u00f6r\u00fcnmeyen operat\u00f6r sil\u00fcetleri de ekleyin; net aray\u00fcz katmanlamas\u0131, keskin detaylar, ger\u00e7ek\u00e7i yans\u0131malar ve m\u00fckemmel geni\u015f a\u00e7\u0131l\u0131 kompozisyon ile yo\u011fun, g\u00f6rev a\u00e7\u0131s\u0131ndan kritik bir atmosferi koruyun, \u00e7izgi film tarz\u0131, logolar, karma\u015fa veya bo distorted \u00f6\u011felerden ka\u00e7\u0131n\u0131n.<\/p>","protected":false},"excerpt":{"rendered":"<p>Generate a high-quality photorealistic cinematic interior of a neon-lit futuristic control room featuring sleek dark materials, clean geometry, layered depth, multiple workstations, and a central command hub surrounded by floating holographic interfaces; include transparent UI panels and structured holographic displays showing maps, graphs, system statuses, and network diagrams (clean shapes only, no readable or warped [&hellip;]<\/p>\n","protected":false},"featured_media":25590,"comment_status":"open","ping_status":"closed","template":"","meta":[],"product_brand":[],"product_cat":[4095],"product_tag":[],"class_list":{"0":"post-26548","1":"product","2":"type-product","3":"status-publish","4":"has-post-thumbnail","6":"product_cat-content-writing","8":"first","9":"instock","10":"downloadable","11":"virtual","12":"product-type-simple"},"bundled_by":[],"bundle_stock_status":"instock","bundle_stock_quantity":null,"bundle_virtual":false,"bundle_layout":"","bundle_add_to_cart_form_location":"","bundle_editable_in_cart":false,"bundle_sold_individually_context":"","bundle_item_grouping":"","bundle_min_size":"","bundle_max_size":"","bundle_price":[],"bundled_items":[],"bundle_sell_ids":[],"_links":{"self":[{"href":"https:\/\/logic-vault.com\/tr\/wp-json\/wp\/v2\/product\/26548","targetHints":{"allow":["GET"]}}],"collection":[{"href":"https:\/\/logic-vault.com\/tr\/wp-json\/wp\/v2\/product"}],"about":[{"href":"https:\/\/logic-vault.com\/tr\/wp-json\/wp\/v2\/types\/product"}],"replies":[{"embeddable":true,"href":"https:\/\/logic-vault.com\/tr\/wp-json\/wp\/v2\/comments?post=26548"}],"wp:featuredmedia":[{"embeddable":true,"href":"https:\/\/logic-vault.com\/tr\/wp-json\/wp\/v2\/media\/25590"}],"wp:attachment":[{"href":"https:\/\/logic-vault.com\/tr\/wp-json\/wp\/v2\/media?parent=26548"}],"wp:term":[{"taxonomy":"product_brand","embeddable":true,"href":"https:\/\/logic-vault.com\/tr\/wp-json\/wp\/v2\/product_brand?post=26548"},{"taxonomy":"product_cat","embeddable":true,"href":"https:\/\/logic-vault.com\/tr\/wp-json\/wp\/v2\/product_cat?post=26548"},{"taxonomy":"product_tag","embeddable":true,"href":"https:\/\/logic-vault.com\/tr\/wp-json\/wp\/v2\/product_tag?post=26548"}],"curies":[{"name":"wp","href":"https:\/\/api.w.org\/{rel}","templated":true}]}}