{"id":26546,"date":"2026-02-09T11:03:17","date_gmt":"2026-02-09T11:03:17","guid":{"rendered":"http:\/\/logic-vault.com\/?post_type=product&#038;p=26546"},"modified":"2026-02-11T13:39:55","modified_gmt":"2026-02-11T13:39:55","slug":"smart-city-from-a-birdaes-eye-view","status":"publish","type":"product","link":"https:\/\/logic-vault.com\/tr\/urun\/smart-city-from-a-birdaes-eye-view\/","title":{"rendered":"Ak\u0131ll\u0131 \u015eehir Ku\u015fbak\u0131\u015f\u0131"},"content":{"rendered":"<p>Modern bir ak\u0131ll\u0131 \u015fehrin y\u00fcksek kaliteli, fotoger\u00e7ek\u00e7i ku\u015fbak\u0131\u015f\u0131 sinematik g\u00f6r\u00fcnt\u00fcs\u00fcn\u00fc olu\u015fturun; temiz b\u00f6lgeleri, d\u00fczenli yollar\u0131, k\u00f6pr\u00fcleri, parklar\u0131 ve k\u0131y\u0131 \u015feritlerini, uyumlu ve geli\u015fmi\u015f bir kentsel yerle\u015fim d\u00fczeniyle g\u00f6sterin; binalar\u0131 ve kav\u015faklar\u0131 birbirine ba\u011flayan parlayan a\u011f hatlar\u0131, otonom ara\u00e7lar, ak\u0131ll\u0131 trafik sistemleri, sens\u00f6r a\u011flar\u0131 ve \u015farj istasyonlar\u0131 gibi incelikli ak\u0131ll\u0131 \u015fehir unsurlar\u0131n\u0131 entegre edin, t\u00fcm veri katman\u0131 g\u00f6rsellerini zarif ve g\u00f6ze batmayan bir \u015fekilde tutun; s\u0131cak tonlar ve uzun g\u00f6lgelerle alt\u0131n saat ayd\u0131nlatmas\u0131n\u0131 veya yumu\u015fak \u015fehir \u0131\u015f\u0131klar\u0131 ve atmosferik par\u0131lt\u0131yla gece g\u00f6r\u00fcn\u00fcm\u00fcn\u00fc se\u00e7in, ayr\u0131nt\u0131y\u0131 kaybetmeden derinlik i\u00e7in yaln\u0131zca hafif bir pus ekleyin; g\u00fc\u00e7l\u00fc derinli\u011fe, ger\u00e7ek\u00e7i malzemelere, keskin netli\u011fe ve bozulma olmadan m\u00fckemmel \u015fekilde hizalanm\u0131\u015f mimariye sahip geni\u015f bir hava kompozisyonu kullan\u0131n; \u00e7izgi film tarzlar\u0131ndan, abart\u0131l\u0131 bilim kurgu unsurlar\u0131ndan, okunabilir metinlerden veya logolardan ka\u00e7\u0131n\u0131n, \u00fcst\u00fcn, gelece\u011fe y\u00f6nelik bir ak\u0131ll\u0131 \u015fehir ill\u00fcstrasyonu \u00fcretin.<\/p>","protected":false},"excerpt":{"rendered":"<p>Generate a high-quality, photorealistic bird\u2019s-eye cinematic view of a modern smart city, showing clean districts, structured roads, bridges, parks, and waterfronts, with a cohesive advanced urban layout; integrate subtle smart-city elements such as glowing network lines linking buildings and intersections, autonomous vehicles, smart traffic systems, sensor grids, and charging stations, keeping all data-layer visuals elegant [&hellip;]<\/p>\n","protected":false},"featured_media":25590,"comment_status":"open","ping_status":"closed","template":"","meta":[],"product_brand":[],"product_cat":[4095],"product_tag":[],"class_list":{"0":"post-26546","1":"product","2":"type-product","3":"status-publish","4":"has-post-thumbnail","6":"product_cat-content-writing","8":"first","9":"instock","10":"downloadable","11":"virtual","12":"product-type-simple"},"bundled_by":[],"bundle_stock_status":"instock","bundle_stock_quantity":null,"bundle_virtual":false,"bundle_layout":"","bundle_add_to_cart_form_location":"","bundle_editable_in_cart":false,"bundle_sold_individually_context":"","bundle_item_grouping":"","bundle_min_size":"","bundle_max_size":"","bundle_price":[],"bundled_items":[],"bundle_sell_ids":[],"_links":{"self":[{"href":"https:\/\/logic-vault.com\/tr\/wp-json\/wp\/v2\/product\/26546","targetHints":{"allow":["GET"]}}],"collection":[{"href":"https:\/\/logic-vault.com\/tr\/wp-json\/wp\/v2\/product"}],"about":[{"href":"https:\/\/logic-vault.com\/tr\/wp-json\/wp\/v2\/types\/product"}],"replies":[{"embeddable":true,"href":"https:\/\/logic-vault.com\/tr\/wp-json\/wp\/v2\/comments?post=26546"}],"wp:featuredmedia":[{"embeddable":true,"href":"https:\/\/logic-vault.com\/tr\/wp-json\/wp\/v2\/media\/25590"}],"wp:attachment":[{"href":"https:\/\/logic-vault.com\/tr\/wp-json\/wp\/v2\/media?parent=26546"}],"wp:term":[{"taxonomy":"product_brand","embeddable":true,"href":"https:\/\/logic-vault.com\/tr\/wp-json\/wp\/v2\/product_brand?post=26546"},{"taxonomy":"product_cat","embeddable":true,"href":"https:\/\/logic-vault.com\/tr\/wp-json\/wp\/v2\/product_cat?post=26546"},{"taxonomy":"product_tag","embeddable":true,"href":"https:\/\/logic-vault.com\/tr\/wp-json\/wp\/v2\/product_tag?post=26546"}],"curies":[{"name":"wp","href":"https:\/\/api.w.org\/{rel}","templated":true}]}}