{"id":26544,"date":"2026-02-09T11:03:17","date_gmt":"2026-02-09T11:03:17","guid":{"rendered":"http:\/\/logic-vault.com\/?post_type=product&#038;p=26544"},"modified":"2026-02-11T13:39:55","modified_gmt":"2026-02-11T13:39:55","slug":"minimalist-monochrome-business-illustration","status":"publish","type":"product","link":"https:\/\/logic-vault.com\/tr\/urun\/minimalist-monochrome-business-illustration\/","title":{"rendered":"Minimalist Tek Renkli \u0130\u015fletme \u0130ll\u00fcstrasyonu"},"content":{"rendered":"<p>Siyah, beyaz ve a\u00e7\u0131k gri renkleri kullanarak, basit geometrik \u015fekiller, g\u00fc\u00e7l\u00fc negatif alan ve net \u00e7izgilerle, vekt\u00f6r benzeri d\u00fcz bir editoryal tarzda temiz, minimalist bir monokrom i\u015f ill\u00fcstrasyonu olu\u015fturun; strateji, b\u00fcy\u00fcme, ekip \u00e7al\u0131\u015fmas\u0131 veya verimlilik gibi soyut bir kurumsal kavram\u0131 oklar, grafikler, bloklar veya basitle\u015ftirilmi\u015f insan fig\u00fcrleri gibi ince sembollerle tasvir edin; bol beyaz alan, net hiyerar\u015fi ve g\u00fc\u00e7l\u00fc bir odak noktas\u0131yla dengeli bir kompozisyon sa\u011flay\u0131n; gradyanlar (veya yaln\u0131zca \u00e7ok ince gradyanlar), fotorealizm, 3D, metin veya logolar olmadan tasar\u0131m\u0131 d\u00fczenli ve sade tutarak, kurumsal sunumlar ve SaaS a\u00e7\u0131l\u0131\u015f sayfalar\u0131 i\u00e7in uygun, y\u00fcksek netlikte modern bir ill\u00fcstrasyon \u00fcretin.<\/p>","protected":false},"excerpt":{"rendered":"<p>Create a clean, minimalist monochrome business illustration in a vector-like flat editorial style, using only black, white, and light gray, with simple geometric shapes, strong negative space, and crisp lines; depict an abstract corporate concept such as strategy, growth, teamwork, or productivity through subtle symbols like arrows, charts, blocks, or simplified human figures; ensure a [&hellip;]<\/p>\n","protected":false},"featured_media":25529,"comment_status":"open","ping_status":"closed","template":"","meta":[],"product_brand":[],"product_cat":[4094],"product_tag":[],"class_list":{"0":"post-26544","1":"product","2":"type-product","3":"status-publish","4":"has-post-thumbnail","6":"product_cat-business-marketing","8":"first","9":"instock","10":"downloadable","11":"virtual","12":"product-type-simple"},"bundled_by":["27552"],"bundle_stock_status":"instock","bundle_stock_quantity":null,"bundle_virtual":false,"bundle_layout":"","bundle_add_to_cart_form_location":"","bundle_editable_in_cart":false,"bundle_sold_individually_context":"","bundle_item_grouping":"","bundle_min_size":"","bundle_max_size":"","bundle_price":[],"bundled_items":[],"bundle_sell_ids":[],"_links":{"self":[{"href":"https:\/\/logic-vault.com\/tr\/wp-json\/wp\/v2\/product\/26544","targetHints":{"allow":["GET"]}}],"collection":[{"href":"https:\/\/logic-vault.com\/tr\/wp-json\/wp\/v2\/product"}],"about":[{"href":"https:\/\/logic-vault.com\/tr\/wp-json\/wp\/v2\/types\/product"}],"replies":[{"embeddable":true,"href":"https:\/\/logic-vault.com\/tr\/wp-json\/wp\/v2\/comments?post=26544"}],"wp:featuredmedia":[{"embeddable":true,"href":"https:\/\/logic-vault.com\/tr\/wp-json\/wp\/v2\/media\/25529"}],"wp:attachment":[{"href":"https:\/\/logic-vault.com\/tr\/wp-json\/wp\/v2\/media?parent=26544"}],"wp:term":[{"taxonomy":"product_brand","embeddable":true,"href":"https:\/\/logic-vault.com\/tr\/wp-json\/wp\/v2\/product_brand?post=26544"},{"taxonomy":"product_cat","embeddable":true,"href":"https:\/\/logic-vault.com\/tr\/wp-json\/wp\/v2\/product_cat?post=26544"},{"taxonomy":"product_tag","embeddable":true,"href":"https:\/\/logic-vault.com\/tr\/wp-json\/wp\/v2\/product_tag?post=26544"}],"curies":[{"name":"wp","href":"https:\/\/api.w.org\/{rel}","templated":true}]}}