{"id":26542,"date":"2026-02-09T11:03:14","date_gmt":"2026-02-09T11:03:14","guid":{"rendered":"http:\/\/logic-vault.com\/?post_type=product&#038;p=26542"},"modified":"2026-02-11T13:39:55","modified_gmt":"2026-02-11T13:39:55","slug":"big-data-streams-as-glowing-light-trails","status":"publish","type":"product","link":"https:\/\/logic-vault.com\/tr\/urun\/big-data-streams-as-glowing-light-trails\/","title":{"rendered":"Parlayan I\u015f\u0131k \u0130zleri Olarak B\u00fcy\u00fck Veri Ak\u0131\u015flar\u0131"},"content":{"rendered":"<p>B\u00fcy\u00fck veri ak\u0131\u015flar\u0131n\u0131, karanl\u0131k bir uzayda hareket eden, parlayan camg\u00f6be\u011fi, mavi ve mor \u0131\u015f\u0131k izleri olarak g\u00f6steren, y\u00fcksek kaliteli, fotoger\u00e7ek\u00e7i soyut bir g\u00f6rselle\u015ftirme olu\u015fturun; \u00e7ok katmanl\u0131 izlerin i\u00e7 i\u00e7e ge\u00e7ti\u011fi, b\u00f6l\u00fcnd\u00fc\u011f\u00fc, birle\u015fti\u011fi ve h\u0131zland\u0131\u011f\u0131, par\u00e7ac\u0131k efektleri, veri benzeri noktalar ve yap\u0131y\u0131 ima etmek i\u00e7in ince geometrik \u0131zgaralar veya d\u00fc\u011f\u00fcmlerle desteklendi\u011fi bir g\u00f6rselle\u015ftirme; h\u0131z ve boyutluluk i\u00e7in dinamik diyagonal veya t\u00fcnel benzeri derinli\u011fi vurgulay\u0131n, kontrast\u0131 art\u0131rmak i\u00e7in yumu\u015fak parlama, p\u00fcr\u00fczs\u00fcz gradyanlar ve iste\u011fe ba\u011fl\u0131 hacimsel pus kullan\u0131n; ultra detayl\u0131, net izlerle zarif, kontroll\u00fc bir karma\u015f\u0131kl\u0131k sa\u011flay\u0131n, kaos yok, \u00e7izgi film tarz\u0131 yok, okunabilir metin veya ger\u00e7ek bilgisayarlar yok \u2014 devasa veri ak\u0131\u015f\u0131n\u0131 ve dijital d\u00f6n\u00fc\u015f\u00fcm\u00fc g\u00f6steren g\u00f6rsel olarak \u00e7arp\u0131c\u0131 tek bir g\u00f6r\u00fcnt\u00fc.<\/p>","protected":false},"excerpt":{"rendered":"<p>Create a high-quality, photorealistic abstract visualization of big data streams shown as glowing cyan, blue, and violet light trails moving through dark space, with multiple layered trails weaving, splitting, merging, and accelerating, supported by particle effects, data-like dots, and subtle geometric grids or nodes to imply structure; emphasize dynamic diagonal or tunnel-like depth for speed [&hellip;]<\/p>\n","protected":false},"featured_media":25590,"comment_status":"open","ping_status":"closed","template":"","meta":[],"product_brand":[],"product_cat":[4095],"product_tag":[],"class_list":{"0":"post-26542","1":"product","2":"type-product","3":"status-publish","4":"has-post-thumbnail","6":"product_cat-content-writing","8":"first","9":"instock","10":"downloadable","11":"virtual","12":"product-type-simple"},"bundled_by":[],"bundle_stock_status":"instock","bundle_stock_quantity":null,"bundle_virtual":false,"bundle_layout":"","bundle_add_to_cart_form_location":"","bundle_editable_in_cart":false,"bundle_sold_individually_context":"","bundle_item_grouping":"","bundle_min_size":"","bundle_max_size":"","bundle_price":[],"bundled_items":[],"bundle_sell_ids":[],"_links":{"self":[{"href":"https:\/\/logic-vault.com\/tr\/wp-json\/wp\/v2\/product\/26542","targetHints":{"allow":["GET"]}}],"collection":[{"href":"https:\/\/logic-vault.com\/tr\/wp-json\/wp\/v2\/product"}],"about":[{"href":"https:\/\/logic-vault.com\/tr\/wp-json\/wp\/v2\/types\/product"}],"replies":[{"embeddable":true,"href":"https:\/\/logic-vault.com\/tr\/wp-json\/wp\/v2\/comments?post=26542"}],"wp:featuredmedia":[{"embeddable":true,"href":"https:\/\/logic-vault.com\/tr\/wp-json\/wp\/v2\/media\/25590"}],"wp:attachment":[{"href":"https:\/\/logic-vault.com\/tr\/wp-json\/wp\/v2\/media?parent=26542"}],"wp:term":[{"taxonomy":"product_brand","embeddable":true,"href":"https:\/\/logic-vault.com\/tr\/wp-json\/wp\/v2\/product_brand?post=26542"},{"taxonomy":"product_cat","embeddable":true,"href":"https:\/\/logic-vault.com\/tr\/wp-json\/wp\/v2\/product_cat?post=26542"},{"taxonomy":"product_tag","embeddable":true,"href":"https:\/\/logic-vault.com\/tr\/wp-json\/wp\/v2\/product_tag?post=26542"}],"curies":[{"name":"wp","href":"https:\/\/api.w.org\/{rel}","templated":true}]}}