{"id":26541,"date":"2026-02-09T11:03:14","date_gmt":"2026-02-09T11:03:14","guid":{"rendered":"http:\/\/logic-vault.com\/?post_type=product&#038;p=26541"},"modified":"2026-02-11T13:39:55","modified_gmt":"2026-02-11T13:39:55","slug":"luxurious-executive-boardroom-with-futuristic-elements","status":"publish","type":"product","link":"https:\/\/logic-vault.com\/tr\/urun\/luxurious-executive-boardroom-with-futuristic-elements\/","title":{"rendered":"F\u00fct\u00fcristik Unsurlara Sahip L\u00fcks Y\u00f6netici Toplant\u0131 Odas\u0131"},"content":{"rendered":"<p>Modern bir g\u00f6kdelende yer alan l\u00fcks bir y\u00f6netici toplant\u0131 odas\u0131n\u0131n y\u00fcksek kaliteli, fotoger\u00e7ek\u00e7i sinematik i\u00e7 mekan\u0131n\u0131 yarat\u0131n; ta\u015f, koyu ah\u015fap veya mat kompozitten yap\u0131lm\u0131\u015f b\u00fcy\u00fck, birinci s\u0131n\u0131f bir konferans masas\u0131, etraf\u0131 \u015f\u0131k y\u00f6netici koltuklar\u0131yla \u00e7evrili, yerden tavana pencerelerden gece veya alt\u0131n saatte \u015fehir sil\u00fcetini g\u00f6steren bir ortam olu\u015fturun; entegre holografik ekran panelleri, yumu\u015fak ayd\u0131nlatmal\u0131 \u00e7izgilere sahip ak\u0131ll\u0131 cam duvarlar ve minimal g\u00f6m\u00fcl\u00fc \u00fcst d\u00fczey teknoloji gibi incelikli f\u00fct\u00fcristik unsurlar\u0131 dahil edin; duvarlar, tavan \u015feritleri veya masa alt\u0131nda s\u0131cak ortam tonlar\u0131 ve zarif vurgu ayd\u0131nlatmas\u0131 ile yumu\u015fak sinematik ayd\u0131nlatma kullan\u0131n; cilal\u0131 ta\u015f, cam, f\u0131r\u00e7alanm\u0131\u015f metal, deri ve koyu ah\u015fap gibi l\u00fcks malzemeleri vurgulay\u0131n, modern minimalizmi, simetriyi ve temiz mimari \u00e7izgileri koruyun; keskin detaylar, ger\u00e7ek\u00e7i yans\u0131malar, temiz geometri, \u00e7izgi film tarz\u0131 yok ve rastgele veya okunaks\u0131z metin yok - tek, birinci s\u0131n\u0131f, f\u00fct\u00fcristik bir y\u00f6netici toplant\u0131 odas\u0131 g\u00f6r\u00fcnt\u00fcs\u00fc.<\/p>","protected":false},"excerpt":{"rendered":"<p>Create a high-quality, photorealistic cinematic interior of a luxurious executive boardroom in a modern high-rise, featuring a large premium conference table made of stone, dark wood, or matte composite, surrounded by sleek executive chairs, with floor-to-ceiling windows revealing a city skyline at night or golden hour; incorporate subtle futuristic elements such as integrated holographic display [&hellip;]<\/p>\n","protected":false},"featured_media":25590,"comment_status":"open","ping_status":"closed","template":"","meta":[],"product_brand":[],"product_cat":[4095],"product_tag":[],"class_list":{"0":"post-26541","1":"product","2":"type-product","3":"status-publish","4":"has-post-thumbnail","6":"product_cat-content-writing","8":"first","9":"instock","10":"downloadable","11":"virtual","12":"product-type-simple"},"bundled_by":[],"bundle_stock_status":"instock","bundle_stock_quantity":null,"bundle_virtual":false,"bundle_layout":"","bundle_add_to_cart_form_location":"","bundle_editable_in_cart":false,"bundle_sold_individually_context":"","bundle_item_grouping":"","bundle_min_size":"","bundle_max_size":"","bundle_price":[],"bundled_items":[],"bundle_sell_ids":[],"_links":{"self":[{"href":"https:\/\/logic-vault.com\/tr\/wp-json\/wp\/v2\/product\/26541","targetHints":{"allow":["GET"]}}],"collection":[{"href":"https:\/\/logic-vault.com\/tr\/wp-json\/wp\/v2\/product"}],"about":[{"href":"https:\/\/logic-vault.com\/tr\/wp-json\/wp\/v2\/types\/product"}],"replies":[{"embeddable":true,"href":"https:\/\/logic-vault.com\/tr\/wp-json\/wp\/v2\/comments?post=26541"}],"wp:featuredmedia":[{"embeddable":true,"href":"https:\/\/logic-vault.com\/tr\/wp-json\/wp\/v2\/media\/25590"}],"wp:attachment":[{"href":"https:\/\/logic-vault.com\/tr\/wp-json\/wp\/v2\/media?parent=26541"}],"wp:term":[{"taxonomy":"product_brand","embeddable":true,"href":"https:\/\/logic-vault.com\/tr\/wp-json\/wp\/v2\/product_brand?post=26541"},{"taxonomy":"product_cat","embeddable":true,"href":"https:\/\/logic-vault.com\/tr\/wp-json\/wp\/v2\/product_cat?post=26541"},{"taxonomy":"product_tag","embeddable":true,"href":"https:\/\/logic-vault.com\/tr\/wp-json\/wp\/v2\/product_tag?post=26541"}],"curies":[{"name":"wp","href":"https:\/\/api.w.org\/{rel}","templated":true}]}}