{"id":26539,"date":"2026-02-09T11:03:14","date_gmt":"2026-02-09T11:03:14","guid":{"rendered":"http:\/\/logic-vault.com\/?post_type=product&#038;p=26539"},"modified":"2026-02-11T13:39:55","modified_gmt":"2026-02-11T13:39:55","slug":"cinematic-portrait-of-a-tech-entrepreneur","status":"publish","type":"product","link":"https:\/\/logic-vault.com\/tr\/urun\/cinematic-portrait-of-a-tech-entrepreneur\/","title":{"rendered":"Bir Teknoloji Giri\u015fimcisinin Sinematik Portresi"},"content":{"rendered":"<p>Kendine g\u00fcvenen modern bir teknoloji giri\u015fimcisinin, sakin, odaklanm\u0131\u015f, zeki bir ifadeyle ve koyu renk bir blazer ceket veya sade bir bal\u0131k\u00e7\u0131 yaka kazak gibi minimal \u015f\u0131k bir k\u0131yafetle, ba\u015f ve omuzdan veya orta plandan \u00e7ekilmi\u015f y\u00fcksek kaliteli, fotoger\u00e7ek\u00e7i sinematik bir portresini olu\u015fturun; onlar\u0131 yumu\u015fak\u00e7a bulan\u0131kla\u015ft\u0131r\u0131lm\u0131\u015f cam duvarlar, monit\u00f6rler, soyut kullan\u0131c\u0131 aray\u00fcz\u00fc par\u0131lt\u0131s\u0131 veya uzaktaki \u015fehir \u0131\u015f\u0131klar\u0131 bulunan \u015f\u0131k bir teknoloji ortam\u0131na yerle\u015ftirin; yumu\u015fak bir ana \u0131\u015f\u0131k, hafif bir kenar \u0131\u015f\u0131\u011f\u0131, derin kontroll\u00fc g\u00f6lgeler ve iste\u011fe ba\u011fl\u0131 olarak ince mavi\/camg\u00f6be\u011fi teknoloji vurgular\u0131 i\u00e7eren sinematik ayd\u0131nlatma kullan\u0131n; kremsi bokeh ile s\u0131\u011f alan derinli\u011fi, keskin y\u00fcz detaylar\u0131, do\u011fal cilt dokusu, ger\u00e7ek\u00e7i oranlar, bozulmam\u0131\u015f \u00f6zellikler ve genel olarak \u00fcst d\u00fczey bir editoryal g\u00f6r\u00fcn\u00fcm sa\u011flay\u0131n \u2014 profesyonel marka olu\u015fturma veya dergi kullan\u0131m\u0131 i\u00e7in uygun, tek bir cilal\u0131 g\u00f6r\u00fcnt\u00fc.<\/p>","protected":false},"excerpt":{"rendered":"<p>Create a high-quality, photorealistic cinematic portrait of a confident modern tech entrepreneur, shown head-and-shoulders or mid-shot with a calm, focused, intelligent expression and minimal stylish wardrobe such as a dark blazer or clean turtleneck; place them in a sleek tech environment with softly blurred glass walls, monitors, abstract UI glow, or distant city lights; use [&hellip;]<\/p>\n","protected":false},"featured_media":25529,"comment_status":"open","ping_status":"closed","template":"","meta":[],"product_brand":[],"product_cat":[4094],"product_tag":[],"class_list":{"0":"post-26539","1":"product","2":"type-product","3":"status-publish","4":"has-post-thumbnail","6":"product_cat-business-marketing","8":"first","9":"instock","10":"downloadable","11":"virtual","12":"product-type-simple"},"bundled_by":[],"bundle_stock_status":"instock","bundle_stock_quantity":null,"bundle_virtual":false,"bundle_layout":"","bundle_add_to_cart_form_location":"","bundle_editable_in_cart":false,"bundle_sold_individually_context":"","bundle_item_grouping":"","bundle_min_size":"","bundle_max_size":"","bundle_price":[],"bundled_items":[],"bundle_sell_ids":[],"_links":{"self":[{"href":"https:\/\/logic-vault.com\/tr\/wp-json\/wp\/v2\/product\/26539","targetHints":{"allow":["GET"]}}],"collection":[{"href":"https:\/\/logic-vault.com\/tr\/wp-json\/wp\/v2\/product"}],"about":[{"href":"https:\/\/logic-vault.com\/tr\/wp-json\/wp\/v2\/types\/product"}],"replies":[{"embeddable":true,"href":"https:\/\/logic-vault.com\/tr\/wp-json\/wp\/v2\/comments?post=26539"}],"wp:featuredmedia":[{"embeddable":true,"href":"https:\/\/logic-vault.com\/tr\/wp-json\/wp\/v2\/media\/25529"}],"wp:attachment":[{"href":"https:\/\/logic-vault.com\/tr\/wp-json\/wp\/v2\/media?parent=26539"}],"wp:term":[{"taxonomy":"product_brand","embeddable":true,"href":"https:\/\/logic-vault.com\/tr\/wp-json\/wp\/v2\/product_brand?post=26539"},{"taxonomy":"product_cat","embeddable":true,"href":"https:\/\/logic-vault.com\/tr\/wp-json\/wp\/v2\/product_cat?post=26539"},{"taxonomy":"product_tag","embeddable":true,"href":"https:\/\/logic-vault.com\/tr\/wp-json\/wp\/v2\/product_tag?post=26539"}],"curies":[{"name":"wp","href":"https:\/\/api.w.org\/{rel}","templated":true}]}}