{"id":26538,"date":"2026-02-09T11:03:14","date_gmt":"2026-02-09T11:03:14","guid":{"rendered":"http:\/\/logic-vault.com\/?post_type=product&#038;p=26538"},"modified":"2026-02-11T13:39:55","modified_gmt":"2026-02-11T13:39:55","slug":"sleek-modern-office-tower-with-glass-reflections","status":"publish","type":"product","link":"https:\/\/logic-vault.com\/tr\/urun\/sleek-modern-office-tower-with-glass-reflections\/","title":{"rendered":"Cam Yans\u0131malar\u0131yla \u015e\u0131k ve Modern Ofis Kulesi"},"content":{"rendered":"<p>Y\u00fcksekli\u011fi ve \u00f6l\u00e7e\u011fi vurgulamak i\u00e7in d\u00fc\u015f\u00fck a\u00e7\u0131l\u0131 veya geni\u015f a\u00e7\u0131l\u0131 bir perspektiften g\u00f6sterilen, yans\u0131t\u0131c\u0131 cam cepheli \u015f\u0131k, modern bir ofis g\u00f6kdeleninin fotoger\u00e7ek\u00e7i bir g\u00f6r\u00fcnt\u00fcs\u00fcn\u00fc olu\u015fturun; temiz dikey mimari hatlar\u0131, birinci s\u0131n\u0131f \u00e7elik-cam-beton malzemeleri ve g\u00f6ky\u00fcz\u00fcn\u00fcn, yumu\u015fak bulutlar\u0131n ve \u00e7evredeki \u015fehir binalar\u0131n\u0131n net yans\u0131malar\u0131n\u0131 \u00f6ne \u00e7\u0131kar\u0131n; netli\u011fi ve cam yans\u0131malar\u0131n\u0131 art\u0131rmak i\u00e7in g\u00fcnd\u00fcz veya alt\u0131n saat do\u011fal ayd\u0131nlatmas\u0131n\u0131 kullan\u0131n; bilim kurgu unsurlar\u0131 i\u00e7ermeyen sakin, kendinden emin bir kurumsal havay\u0131 koruyun; ultra detayl\u0131 ger\u00e7ek\u00e7i dokular, keskin odak, bozulma yok ve \u00e7arp\u0131k yans\u0131malar olmadan temiz ve geometrik bir \u00e7er\u00e7eveleme ile tek bir y\u00fcksek kaliteli mimari g\u00f6rselle\u015ftirme elde edin.<\/p>","protected":false},"excerpt":{"rendered":"<p>Create a photorealistic image of a sleek modern office skyscraper with a reflective glass facade, shown from a low-angle or wide-angle perspective to emphasize height and scale; feature clean vertical architectural lines, premium steel\u2013glass\u2013concrete materials, and crisp reflections of sky, soft clouds, and surrounding city buildings; use daytime or golden-hour natural lighting to enhance clarity [&hellip;]<\/p>\n","protected":false},"featured_media":25590,"comment_status":"open","ping_status":"closed","template":"","meta":[],"product_brand":[],"product_cat":[4095],"product_tag":[],"class_list":{"0":"post-26538","1":"product","2":"type-product","3":"status-publish","4":"has-post-thumbnail","6":"product_cat-content-writing","8":"first","9":"instock","10":"downloadable","11":"virtual","12":"product-type-simple"},"bundled_by":[],"bundle_stock_status":"instock","bundle_stock_quantity":null,"bundle_virtual":false,"bundle_layout":"","bundle_add_to_cart_form_location":"","bundle_editable_in_cart":false,"bundle_sold_individually_context":"","bundle_item_grouping":"","bundle_min_size":"","bundle_max_size":"","bundle_price":[],"bundled_items":[],"bundle_sell_ids":[],"_links":{"self":[{"href":"https:\/\/logic-vault.com\/tr\/wp-json\/wp\/v2\/product\/26538","targetHints":{"allow":["GET"]}}],"collection":[{"href":"https:\/\/logic-vault.com\/tr\/wp-json\/wp\/v2\/product"}],"about":[{"href":"https:\/\/logic-vault.com\/tr\/wp-json\/wp\/v2\/types\/product"}],"replies":[{"embeddable":true,"href":"https:\/\/logic-vault.com\/tr\/wp-json\/wp\/v2\/comments?post=26538"}],"wp:featuredmedia":[{"embeddable":true,"href":"https:\/\/logic-vault.com\/tr\/wp-json\/wp\/v2\/media\/25590"}],"wp:attachment":[{"href":"https:\/\/logic-vault.com\/tr\/wp-json\/wp\/v2\/media?parent=26538"}],"wp:term":[{"taxonomy":"product_brand","embeddable":true,"href":"https:\/\/logic-vault.com\/tr\/wp-json\/wp\/v2\/product_brand?post=26538"},{"taxonomy":"product_cat","embeddable":true,"href":"https:\/\/logic-vault.com\/tr\/wp-json\/wp\/v2\/product_cat?post=26538"},{"taxonomy":"product_tag","embeddable":true,"href":"https:\/\/logic-vault.com\/tr\/wp-json\/wp\/v2\/product_tag?post=26538"}],"curies":[{"name":"wp","href":"https:\/\/api.w.org\/{rel}","templated":true}]}}