{"id":26536,"date":"2026-02-09T11:03:14","date_gmt":"2026-02-09T11:03:14","guid":{"rendered":"http:\/\/logic-vault.com\/?post_type=product&#038;p=26536"},"modified":"2026-02-11T13:39:55","modified_gmt":"2026-02-11T13:39:55","slug":"high-tech-analytics-dashboard-in-holographic-space","status":"publish","type":"product","link":"https:\/\/logic-vault.com\/tr\/urun\/high-tech-analytics-dashboard-in-holographic-space\/","title":{"rendered":"Holografik Uzayda Y\u00fcksek Teknolojili Analitik Kontrol Paneli"},"content":{"rendered":"<p>Karanl\u0131k ve n\u00f6tr bir ortamda, yar\u0131 saydam cam benzeri panellerden olu\u015fan ve parlayan mavi, camg\u00f6be\u011fi ve mor vurgulara sahip b\u00fcy\u00fck bir y\u00fcksek teknoloji analitik panosunun holografik uzayda s\u00fcz\u00fcld\u00fc\u011f\u00fc fotoger\u00e7ek\u00e7i bir f\u00fct\u00fcristik sahne olu\u015fturun; net bir hiyerar\u015fi i\u00e7inde d\u00fczenlenmi\u015f, g\u00fc\u00e7l\u00fc derinlik ve mekansal katmanlamaya sahip \u00e7izgi grafikler, \u00e7ubuk grafikler, KPI&#039;lar ve y\u00fczdeler gibi temiz, okunabilir veri g\u00f6rselle\u015ftirmeleri ekleyin; hologramlardan gelen yumu\u015fak ortam \u0131\u015f\u0131\u011f\u0131, ince \u0131\u015f\u0131k par\u00e7ac\u0131klar\u0131 ve hassas, minimal kullan\u0131c\u0131 aray\u00fcz\u00fc \u00f6\u011feleri kullan\u0131n; karma\u015fa, bozuk metin ve \u00e7izgi film unsurlar\u0131 i\u00e7ermeyen sakin, d\u00fczenli, teknolojik olarak geli\u015fmi\u015f bir atmosferi koruyun \u2014 havada s\u00fcz\u00fclen holografik analitik panellerin tek bir son derece ayr\u0131nt\u0131l\u0131 sinematik g\u00f6r\u00fcnt\u00fcs\u00fc.<\/p>","protected":false},"excerpt":{"rendered":"<p>Create a photorealistic futuristic scene in a dark neutral environment where a large high-tech analytics dashboard floats in holographic space, composed of semi-transparent glass-like panels with glowing blue, cyan, and violet accents; include clean, readable data visualizations such as line charts, bar charts, KPIs, and percentages arranged in a clear hierarchy with strong depth and [&hellip;]<\/p>\n","protected":false},"featured_media":25590,"comment_status":"open","ping_status":"closed","template":"","meta":[],"product_brand":[],"product_cat":[4095],"product_tag":[],"class_list":{"0":"post-26536","1":"product","2":"type-product","3":"status-publish","4":"has-post-thumbnail","6":"product_cat-content-writing","8":"first","9":"instock","10":"downloadable","11":"virtual","12":"product-type-simple"},"bundled_by":[],"bundle_stock_status":"instock","bundle_stock_quantity":null,"bundle_virtual":false,"bundle_layout":"","bundle_add_to_cart_form_location":"","bundle_editable_in_cart":false,"bundle_sold_individually_context":"","bundle_item_grouping":"","bundle_min_size":"","bundle_max_size":"","bundle_price":[],"bundled_items":[],"bundle_sell_ids":[],"_links":{"self":[{"href":"https:\/\/logic-vault.com\/tr\/wp-json\/wp\/v2\/product\/26536","targetHints":{"allow":["GET"]}}],"collection":[{"href":"https:\/\/logic-vault.com\/tr\/wp-json\/wp\/v2\/product"}],"about":[{"href":"https:\/\/logic-vault.com\/tr\/wp-json\/wp\/v2\/types\/product"}],"replies":[{"embeddable":true,"href":"https:\/\/logic-vault.com\/tr\/wp-json\/wp\/v2\/comments?post=26536"}],"wp:featuredmedia":[{"embeddable":true,"href":"https:\/\/logic-vault.com\/tr\/wp-json\/wp\/v2\/media\/25590"}],"wp:attachment":[{"href":"https:\/\/logic-vault.com\/tr\/wp-json\/wp\/v2\/media?parent=26536"}],"wp:term":[{"taxonomy":"product_brand","embeddable":true,"href":"https:\/\/logic-vault.com\/tr\/wp-json\/wp\/v2\/product_brand?post=26536"},{"taxonomy":"product_cat","embeddable":true,"href":"https:\/\/logic-vault.com\/tr\/wp-json\/wp\/v2\/product_cat?post=26536"},{"taxonomy":"product_tag","embeddable":true,"href":"https:\/\/logic-vault.com\/tr\/wp-json\/wp\/v2\/product_tag?post=26536"}],"curies":[{"name":"wp","href":"https:\/\/api.w.org\/{rel}","templated":true}]}}