{"id":26534,"date":"2026-02-09T11:03:13","date_gmt":"2026-02-09T11:03:13","guid":{"rendered":"http:\/\/logic-vault.com\/?post_type=product&#038;p=26534"},"modified":"2026-02-11T13:39:55","modified_gmt":"2026-02-11T13:39:55","slug":"minimalist-workspace-setup-with-clean-lines-and-soft-lighting","status":"publish","type":"product","link":"https:\/\/logic-vault.com\/tr\/urun\/minimalist-workspace-setup-with-clean-lines-and-soft-lighting\/","title":{"rendered":"Sade \u00e7izgiler ve yumu\u015fak ayd\u0131nlatma ile minimalist \u00e7al\u0131\u015fma alan\u0131 d\u00fczenlemesi"},"content":{"rendered":"<p>Temiz, modern bir masa (ah\u015fap, mat beyaz veya a\u00e7\u0131k beton), \u015f\u0131k minimalist bir sandalye ve ortada tek bir diz\u00fcst\u00fc bilgisayar veya monit\u00f6r bulunan, fotoger\u00e7ek\u00e7i minimalist bir \u00e7al\u0131\u015fma alan\u0131 olu\u015fturun; yaln\u0131zca k\u00fc\u00e7\u00fck bir bitki veya ince bir tasar\u0131m vurgusuna izin verin; yumu\u015fak, yay\u0131lm\u0131\u015f do\u011fal veya s\u0131cak ortam ayd\u0131nlatmas\u0131, hafif g\u00f6lgeler ve beyaz, bej, a\u00e7\u0131k gri veya yumu\u015fak ah\u015fap gibi sakin n\u00f6tr bir palet kullanarak, atmosferin sessiz, kaliteli, ama\u00e7l\u0131 ve da\u011f\u0131n\u0131kl\u0131ktan uzak, insan veya dikkat da\u011f\u0131t\u0131c\u0131 unsurlardan ar\u0131nd\u0131r\u0131lm\u0131\u015f olmas\u0131n\u0131 sa\u011flay\u0131n; kompozisyon, temiz \u00e7izgiler, m\u00fckemmel denge, ultra detayl\u0131 ger\u00e7ek\u00e7i malzemeler, keskin odak, bozulma olmamas\u0131 ve g\u00f6rsel g\u00fcr\u00fclt\u00fc olmamas\u0131yla do\u011frudan veya hafif a\u00e7\u0131l\u0131 olmal\u0131d\u0131r - tek bir y\u00fcksek kaliteli estetik \u00e7al\u0131\u015fma alan\u0131 konsept g\u00f6r\u00fcnt\u00fcs\u00fc.<\/p>","protected":false},"excerpt":{"rendered":"<p>Create a photorealistic minimalist workspace with a clean modern desk (wood, matte white, or light concrete), a sleek minimalist chair, and a single centered laptop or monitor, with only one small plant or subtle design accent allowed; use soft diffused natural or warm ambient lighting with gentle shadows and a calm neutral palette of white, [&hellip;]<\/p>\n","protected":false},"featured_media":25712,"comment_status":"open","ping_status":"closed","template":"","meta":[],"product_brand":[],"product_cat":[4097],"product_tag":[],"class_list":{"0":"post-26534","1":"product","2":"type-product","3":"status-publish","4":"has-post-thumbnail","6":"product_cat-design-creativity","8":"first","9":"instock","10":"downloadable","11":"virtual","12":"product-type-simple"},"bundled_by":[],"bundle_stock_status":"instock","bundle_stock_quantity":null,"bundle_virtual":false,"bundle_layout":"","bundle_add_to_cart_form_location":"","bundle_editable_in_cart":false,"bundle_sold_individually_context":"","bundle_item_grouping":"","bundle_min_size":"","bundle_max_size":"","bundle_price":[],"bundled_items":[],"bundle_sell_ids":[],"_links":{"self":[{"href":"https:\/\/logic-vault.com\/tr\/wp-json\/wp\/v2\/product\/26534","targetHints":{"allow":["GET"]}}],"collection":[{"href":"https:\/\/logic-vault.com\/tr\/wp-json\/wp\/v2\/product"}],"about":[{"href":"https:\/\/logic-vault.com\/tr\/wp-json\/wp\/v2\/types\/product"}],"replies":[{"embeddable":true,"href":"https:\/\/logic-vault.com\/tr\/wp-json\/wp\/v2\/comments?post=26534"}],"wp:featuredmedia":[{"embeddable":true,"href":"https:\/\/logic-vault.com\/tr\/wp-json\/wp\/v2\/media\/25712"}],"wp:attachment":[{"href":"https:\/\/logic-vault.com\/tr\/wp-json\/wp\/v2\/media?parent=26534"}],"wp:term":[{"taxonomy":"product_brand","embeddable":true,"href":"https:\/\/logic-vault.com\/tr\/wp-json\/wp\/v2\/product_brand?post=26534"},{"taxonomy":"product_cat","embeddable":true,"href":"https:\/\/logic-vault.com\/tr\/wp-json\/wp\/v2\/product_cat?post=26534"},{"taxonomy":"product_tag","embeddable":true,"href":"https:\/\/logic-vault.com\/tr\/wp-json\/wp\/v2\/product_tag?post=26534"}],"curies":[{"name":"wp","href":"https:\/\/api.w.org\/{rel}","templated":true}]}}