{"id":26533,"date":"2026-02-09T11:03:13","date_gmt":"2026-02-09T11:03:13","guid":{"rendered":"http:\/\/logic-vault.com\/?post_type=product&#038;p=26533"},"modified":"2026-02-11T13:39:55","modified_gmt":"2026-02-11T13:39:55","slug":"futuristic-business-district-with-neon-lights-and-flying-vehicles","status":"publish","type":"product","link":"https:\/\/logic-vault.com\/tr\/urun\/futuristic-business-district-with-neon-lights-and-flying-vehicles\/","title":{"rendered":"Neon \u0131\u015f\u0131klar\u0131 ve u\u00e7an ara\u00e7lar\u0131yla f\u00fct\u00fcristik i\u015f b\u00f6lgesi"},"content":{"rendered":"<p>Create a cinematic, photorealistic night-time image of a wealthy, futuristic business district with sleek glass-and-steel skyscrapers, neon pink\/cyan\/violet lighting, holographic billboards, and wet reflective streets, featuring flying cars and air taxis moving through organized aerial lanes with subtle motion blur, a few hovering drones for scale, and light volumetric haze for depth; the scene should use a wide-angle street-level or elevated perspective with ultra-detailed, realistic architecture, strong contrast, clean proportions, no distortions or unreadable text \u2014 a single high-quality concept-art illustration.<\/p>","protected":false},"excerpt":{"rendered":"<p>Create a cinematic, photorealistic night-time image of a wealthy, futuristic business district with sleek glass-and-steel skyscrapers, neon pink\/cyan\/violet lighting, holographic billboards, and wet reflective streets, featuring flying cars and air taxis moving through organized aerial lanes with subtle motion blur, a few hovering drones for scale, and light volumetric haze for depth; the scene should [&hellip;]<\/p>\n","protected":false},"featured_media":25529,"comment_status":"open","ping_status":"closed","template":"","meta":[],"product_brand":[],"product_cat":[4094],"product_tag":[],"class_list":{"0":"post-26533","1":"product","2":"type-product","3":"status-publish","4":"has-post-thumbnail","6":"product_cat-business-marketing","8":"first","9":"instock","10":"downloadable","11":"virtual","12":"product-type-simple"},"bundled_by":["27552"],"bundle_stock_status":"instock","bundle_stock_quantity":null,"bundle_virtual":false,"bundle_layout":"","bundle_add_to_cart_form_location":"","bundle_editable_in_cart":false,"bundle_sold_individually_context":"","bundle_item_grouping":"","bundle_min_size":"","bundle_max_size":"","bundle_price":[],"bundled_items":[],"bundle_sell_ids":[],"_links":{"self":[{"href":"https:\/\/logic-vault.com\/tr\/wp-json\/wp\/v2\/product\/26533","targetHints":{"allow":["GET"]}}],"collection":[{"href":"https:\/\/logic-vault.com\/tr\/wp-json\/wp\/v2\/product"}],"about":[{"href":"https:\/\/logic-vault.com\/tr\/wp-json\/wp\/v2\/types\/product"}],"replies":[{"embeddable":true,"href":"https:\/\/logic-vault.com\/tr\/wp-json\/wp\/v2\/comments?post=26533"}],"wp:featuredmedia":[{"embeddable":true,"href":"https:\/\/logic-vault.com\/tr\/wp-json\/wp\/v2\/media\/25529"}],"wp:attachment":[{"href":"https:\/\/logic-vault.com\/tr\/wp-json\/wp\/v2\/media?parent=26533"}],"wp:term":[{"taxonomy":"product_brand","embeddable":true,"href":"https:\/\/logic-vault.com\/tr\/wp-json\/wp\/v2\/product_brand?post=26533"},{"taxonomy":"product_cat","embeddable":true,"href":"https:\/\/logic-vault.com\/tr\/wp-json\/wp\/v2\/product_cat?post=26533"},{"taxonomy":"product_tag","embeddable":true,"href":"https:\/\/logic-vault.com\/tr\/wp-json\/wp\/v2\/product_tag?post=26533"}],"curies":[{"name":"wp","href":"https:\/\/api.w.org\/{rel}","templated":true}]}}