{"id":26530,"date":"2026-02-09T11:03:13","date_gmt":"2026-02-09T11:03:13","guid":{"rendered":"http:\/\/logic-vault.com\/?post_type=product&#038;p=26530"},"modified":"2026-02-11T13:39:53","modified_gmt":"2026-02-11T13:39:53","slug":"user-behavior-analysis-with-overlooked-insight-discovery","status":"publish","type":"product","link":"https:\/\/logic-vault.com\/tr\/urun\/user-behavior-analysis-with-overlooked-insight-discovery\/","title":{"rendered":"Kullan\u0131c\u0131 Davran\u0131\u015f\u0131 Analizi ve G\u00f6zden Ka\u00e7an \u0130\u00e7g\u00f6r\u00fclerin Ke\u015ffi"},"content":{"rendered":"<p>Bu komut, yapay zekay\u0131 (Grok olarak) kullan\u0131c\u0131 davran\u0131\u015f\u0131n\u0131 en ince ayr\u0131nt\u0131s\u0131na kadar incelemeye, loglarda, hunilerde, \u0131s\u0131 haritalar\u0131nda ve biletlerde gizlenmi\u015f rahats\u0131z edici ger\u00e7ekleri ortaya \u00e7\u0131karmaya, \u00fcr\u00fcn ekibinin yapmalar\u0131n\u0131 diledi\u011fi \u015feylerin aksine kullan\u0131c\u0131lar\u0131n asl\u0131nda ne yapt\u0131\u011f\u0131n\u0131 g\u00f6stermeye, istenmeyen yollar\u0131, teredd\u00fct noktalar\u0131n\u0131, ge\u00e7ici \u00e7\u00f6z\u00fcmleri ve \u00e7eli\u015fkileri vurgulamaya, ortalamalar veya g\u00f6z ard\u0131 edilen segmentler taraf\u0131ndan gizlenmi\u015f g\u00f6zden ka\u00e7an i\u00e7g\u00f6r\u00fcleri ortaya \u00e7\u0131karmaya ve ard\u0131ndan \u00fcr\u00fcn\u00fcn kullan\u0131c\u0131larla sava\u015fmay\u0131 b\u0131rak\u0131p nihayet onlara hizmet etmesi i\u00e7in neyin d\u00fczeltilmesi, kald\u0131r\u0131lmas\u0131, basitle\u015ftirilmesi veya \u00fczerinde daha fazla \u00e7al\u0131\u015f\u0131lmas\u0131 gerekti\u011fi konusunda ac\u0131mas\u0131z, y\u00fcksek etkili \u00f6neriler sunmaya zorlar.<\/p>","protected":false},"excerpt":{"rendered":"<p>This prompt forces the AI (as Grok) to dissect user behavior to the bone, expose uncomfortable truths hidden in logs, funnels, heatmaps, and tickets, reveal what users actually do instead of what the product team wishes they did, highlight unintended paths, hesitation points, workarounds, and contradictions, uncover overlooked insights buried by averages or ignored segments, [&hellip;]<\/p>\n","protected":false},"featured_media":25956,"comment_status":"open","ping_status":"closed","template":"","meta":[],"product_brand":[],"product_cat":[4101],"product_tag":[],"class_list":{"0":"post-26530","1":"product","2":"type-product","3":"status-publish","4":"has-post-thumbnail","6":"product_cat-productivity-automation","8":"first","9":"instock","10":"downloadable","11":"virtual","12":"product-type-simple"},"bundled_by":[],"bundle_stock_status":"instock","bundle_stock_quantity":null,"bundle_virtual":false,"bundle_layout":"","bundle_add_to_cart_form_location":"","bundle_editable_in_cart":false,"bundle_sold_individually_context":"","bundle_item_grouping":"","bundle_min_size":"","bundle_max_size":"","bundle_price":[],"bundled_items":[],"bundle_sell_ids":[],"_links":{"self":[{"href":"https:\/\/logic-vault.com\/tr\/wp-json\/wp\/v2\/product\/26530","targetHints":{"allow":["GET"]}}],"collection":[{"href":"https:\/\/logic-vault.com\/tr\/wp-json\/wp\/v2\/product"}],"about":[{"href":"https:\/\/logic-vault.com\/tr\/wp-json\/wp\/v2\/types\/product"}],"replies":[{"embeddable":true,"href":"https:\/\/logic-vault.com\/tr\/wp-json\/wp\/v2\/comments?post=26530"}],"wp:featuredmedia":[{"embeddable":true,"href":"https:\/\/logic-vault.com\/tr\/wp-json\/wp\/v2\/media\/25956"}],"wp:attachment":[{"href":"https:\/\/logic-vault.com\/tr\/wp-json\/wp\/v2\/media?parent=26530"}],"wp:term":[{"taxonomy":"product_brand","embeddable":true,"href":"https:\/\/logic-vault.com\/tr\/wp-json\/wp\/v2\/product_brand?post=26530"},{"taxonomy":"product_cat","embeddable":true,"href":"https:\/\/logic-vault.com\/tr\/wp-json\/wp\/v2\/product_cat?post=26530"},{"taxonomy":"product_tag","embeddable":true,"href":"https:\/\/logic-vault.com\/tr\/wp-json\/wp\/v2\/product_tag?post=26530"}],"curies":[{"name":"wp","href":"https:\/\/api.w.org\/{rel}","templated":true}]}}