{"id":26525,"date":"2026-02-09T11:03:13","date_gmt":"2026-02-09T11:03:13","guid":{"rendered":"http:\/\/logic-vault.com\/?post_type=product&#038;p=26525"},"modified":"2026-02-11T13:39:53","modified_gmt":"2026-02-11T13:39:53","slug":"chatbot-script-review-with-logical-gap-detection","status":"publish","type":"product","link":"https:\/\/logic-vault.com\/tr\/urun\/chatbot-script-review-with-logical-gap-detection\/","title":{"rendered":"Mant\u0131ksal Bo\u015fluk Tespiti ile Sohbet Botu Senaryosu \u0130ncelemesi"},"content":{"rendered":"<p>Bu komut, yapay zekaya (Grok olarak) herhangi bir chatbot senaryosunu al\u0131p tek bir ac\u0131mas\u0131z i\u015flemle konu\u015fma mant\u0131\u011f\u0131n\u0131 incelemesini s\u00f6yler: botun asl\u0131nda ne yapt\u0131\u011f\u0131n\u0131 a\u00e7\u0131k\u00e7a yeniden ifade eder, m\u00fckemmel kullan\u0131c\u0131lar varsayd\u0131\u011f\u0131 noktalar\u0131 ortaya \u00e7\u0131kar\u0131r, eksik dallar\u0131, \u00e7\u0131kmazlar\u0131, sonu\u00e7lar\u0131 etkilemeyen anlams\u0131z sorular\u0131, insanlar\u0131 tuza\u011fa d\u00fc\u015f\u00fcren d\u00f6ng\u00fcleri, \u00e7eli\u015fkili yan\u0131tlar\u0131 ve i\u015fe yaramayan geri d\u00f6n\u00fc\u015fleri g\u00f6sterir; ard\u0131ndan ak\u0131\u015f\u0131 karma\u015f\u0131k ger\u00e7ek davran\u0131\u015flara (belirsiz yan\u0131tlar, yanl\u0131\u015f niyet, sab\u0131rs\u0131zl\u0131k, konu\u015fma ortas\u0131nda ge\u00e7i\u015fler) kar\u015f\u0131 stres testine tabi tutarak botun kullan\u0131c\u0131lar\u0131 nas\u0131l ve nerede hayal k\u0131r\u0131kl\u0131\u011f\u0131na u\u011frataca\u011f\u0131n\u0131, deste\u011fi nas\u0131l art\u0131raca\u011f\u0131n\u0131 veya terk edilmelere nas\u0131l neden olaca\u011f\u0131n\u0131 tam olarak g\u00f6sterir ve son olarak chatbot&#039;un k\u0131r\u0131lgan bir mutlu yol senaryosu yerine sa\u011flam bir karar sistemi gibi davranmas\u0131 i\u00e7in dallanma, karar noktalar\u0131, ba\u011flam i\u015fleme ve geri d\u00f6n\u00fc\u015f tasar\u0131m\u0131na y\u00f6nelik \u00f6zel, y\u00fcksek etkili d\u00fczeltmeler \u00f6nerir.<\/p>","protected":false},"excerpt":{"rendered":"<p>This prompt tells the AI (as Grok) to take any chatbot script and, in a single ruthless pass, dissect its conversation logic: bluntly restating what the bot actually does, exposing where it assumes perfect users, pointing out missing branches, dead ends, pointless questions that don\u2019t affect outcomes, loops that trap people, contradictory replies, and useless [&hellip;]<\/p>\n","protected":false},"featured_media":25468,"comment_status":"open","ping_status":"closed","template":"","meta":[],"product_brand":[],"product_cat":[4091],"product_tag":[],"class_list":{"0":"post-26525","1":"product","2":"type-product","3":"status-publish","4":"has-post-thumbnail","6":"product_cat-coding-development","8":"first","9":"instock","10":"downloadable","11":"virtual","12":"product-type-simple"},"bundled_by":[],"bundle_stock_status":"instock","bundle_stock_quantity":null,"bundle_virtual":false,"bundle_layout":"","bundle_add_to_cart_form_location":"","bundle_editable_in_cart":false,"bundle_sold_individually_context":"","bundle_item_grouping":"","bundle_min_size":"","bundle_max_size":"","bundle_price":[],"bundled_items":[],"bundle_sell_ids":[],"_links":{"self":[{"href":"https:\/\/logic-vault.com\/tr\/wp-json\/wp\/v2\/product\/26525","targetHints":{"allow":["GET"]}}],"collection":[{"href":"https:\/\/logic-vault.com\/tr\/wp-json\/wp\/v2\/product"}],"about":[{"href":"https:\/\/logic-vault.com\/tr\/wp-json\/wp\/v2\/types\/product"}],"replies":[{"embeddable":true,"href":"https:\/\/logic-vault.com\/tr\/wp-json\/wp\/v2\/comments?post=26525"}],"wp:featuredmedia":[{"embeddable":true,"href":"https:\/\/logic-vault.com\/tr\/wp-json\/wp\/v2\/media\/25468"}],"wp:attachment":[{"href":"https:\/\/logic-vault.com\/tr\/wp-json\/wp\/v2\/media?parent=26525"}],"wp:term":[{"taxonomy":"product_brand","embeddable":true,"href":"https:\/\/logic-vault.com\/tr\/wp-json\/wp\/v2\/product_brand?post=26525"},{"taxonomy":"product_cat","embeddable":true,"href":"https:\/\/logic-vault.com\/tr\/wp-json\/wp\/v2\/product_cat?post=26525"},{"taxonomy":"product_tag","embeddable":true,"href":"https:\/\/logic-vault.com\/tr\/wp-json\/wp\/v2\/product_tag?post=26525"}],"curies":[{"name":"wp","href":"https:\/\/api.w.org\/{rel}","templated":true}]}}