{"id":26524,"date":"2026-02-09T11:03:13","date_gmt":"2026-02-09T11:03:13","guid":{"rendered":"http:\/\/logic-vault.com\/?post_type=product&#038;p=26524"},"modified":"2026-02-11T13:39:53","modified_gmt":"2026-02-11T13:39:53","slug":"api-documentation-review-with-inconsistency-detection","status":"publish","type":"product","link":"https:\/\/logic-vault.com\/tr\/urun\/api-documentation-review-with-inconsistency-detection\/","title":{"rendered":"Tutars\u0131zl\u0131k Tespiti ile API Dok\u00fcmantasyon \u0130ncelemesi"},"content":{"rendered":"<p>This prompt instructs the AI (as Grok) to produce one blunt paragraph that ruthlessly calls out how the API documentation contradicts itself \u2014 exposing mismatches between endpoints and examples, parameter definitions that don\u2019t match usage, data types that magically change, \u201crequired\u201d fields that aren\u2019t, auth rules that disagree with reality, missing edge-case explanations, half-baked examples that wouldn\u2019t run, and vague prose that forces developers into trial-and-error \u2014 and then plainly states how these inconsistencies sabotage real integrations and what high-impact fixes (clarify, unify, rewrite, delete, enforce a single source of truth) are needed to keep developers from wasting hours rage-debugging the API.<\/p>","protected":false},"excerpt":{"rendered":"<p>This prompt instructs the AI (as Grok) to produce one blunt paragraph that ruthlessly calls out how the API documentation contradicts itself \u2014 exposing mismatches between endpoints and examples, parameter definitions that don\u2019t match usage, data types that magically change, \u201crequired\u201d fields that aren\u2019t, auth rules that disagree with reality, missing edge-case explanations, half-baked examples [&hellip;]<\/p>\n","protected":false},"featured_media":25468,"comment_status":"open","ping_status":"closed","template":"","meta":[],"product_brand":[],"product_cat":[4091],"product_tag":[],"class_list":{"0":"post-26524","1":"product","2":"type-product","3":"status-publish","4":"has-post-thumbnail","6":"product_cat-coding-development","8":"first","9":"instock","10":"downloadable","11":"virtual","12":"product-type-simple"},"bundled_by":[],"bundle_stock_status":"instock","bundle_stock_quantity":null,"bundle_virtual":false,"bundle_layout":"","bundle_add_to_cart_form_location":"","bundle_editable_in_cart":false,"bundle_sold_individually_context":"","bundle_item_grouping":"","bundle_min_size":"","bundle_max_size":"","bundle_price":[],"bundled_items":[],"bundle_sell_ids":[],"_links":{"self":[{"href":"https:\/\/logic-vault.com\/tr\/wp-json\/wp\/v2\/product\/26524","targetHints":{"allow":["GET"]}}],"collection":[{"href":"https:\/\/logic-vault.com\/tr\/wp-json\/wp\/v2\/product"}],"about":[{"href":"https:\/\/logic-vault.com\/tr\/wp-json\/wp\/v2\/types\/product"}],"replies":[{"embeddable":true,"href":"https:\/\/logic-vault.com\/tr\/wp-json\/wp\/v2\/comments?post=26524"}],"wp:featuredmedia":[{"embeddable":true,"href":"https:\/\/logic-vault.com\/tr\/wp-json\/wp\/v2\/media\/25468"}],"wp:attachment":[{"href":"https:\/\/logic-vault.com\/tr\/wp-json\/wp\/v2\/media?parent=26524"}],"wp:term":[{"taxonomy":"product_brand","embeddable":true,"href":"https:\/\/logic-vault.com\/tr\/wp-json\/wp\/v2\/product_brand?post=26524"},{"taxonomy":"product_cat","embeddable":true,"href":"https:\/\/logic-vault.com\/tr\/wp-json\/wp\/v2\/product_cat?post=26524"},{"taxonomy":"product_tag","embeddable":true,"href":"https:\/\/logic-vault.com\/tr\/wp-json\/wp\/v2\/product_tag?post=26524"}],"curies":[{"name":"wp","href":"https:\/\/api.w.org\/{rel}","templated":true}]}}