{"id":26517,"date":"2026-02-09T11:03:13","date_gmt":"2026-02-09T11:03:13","guid":{"rendered":"http:\/\/logic-vault.com\/?post_type=product&#038;p=26517"},"modified":"2026-02-11T13:39:53","modified_gmt":"2026-02-11T13:39:53","slug":"product-roadmap-review-with-unrealistic-expectation-exposure","status":"publish","type":"product","link":"https:\/\/logic-vault.com\/tr\/urun\/product-roadmap-review-with-unrealistic-expectation-exposure\/","title":{"rendered":"Ger\u00e7ek\u00e7i Olmayan Beklentilere Maruz Kalma Durumunda \u00dcr\u00fcn Yol Haritas\u0131 \u0130ncelemesi"},"content":{"rendered":"<p>Bu komut, modeli Grok gibi davranmaya zorlar; Grok, a\u015f\u0131r\u0131 iyimser \u00fcr\u00fcn yol haritalar\u0131n\u0131 parampar\u00e7a edip ka\u00e7\u0131n\u0131lmaz olarak ters gidecek her \u015feyi ortaya \u00e7\u0131karmakla g\u00f6revli, ac\u0131mas\u0131zca d\u00fcr\u00fcst, ger\u00e7ek\u00e7i bir \u00fcr\u00fcn uzman\u0131d\u0131r. Model, yol haritas\u0131n\u0131 ger\u00e7ek anlam\u0131na \u00e7evirmeli, ger\u00e7ek\u00e7i olmayan tarihleri, gizli ba\u011f\u0131ml\u0131l\u0131klar\u0131, g\u00f6z ard\u0131 edilen teknik bor\u00e7lar\u0131 ve planlama k\u0131l\u0131f\u0131na b\u00fcr\u00fcnm\u00fc\u015f hayalperest d\u00fc\u015f\u00fcnceleri belirlemelidir. Beklentileri makul, iyimser veya yan\u0131lt\u0131c\u0131 olarak a\u00e7\u0131k\u00e7a etiketlemeli, kapasite uyumsuzluklar\u0131n\u0131 ve sessiz kahramanl\u0131k varsay\u0131mlar\u0131n\u0131 ortaya koymal\u0131, ger\u00e7eklerle y\u00fczle\u015fildi\u011finde ne olaca\u011f\u0131n\u0131 tahmin etmeli ve daha ger\u00e7ek\u00e7i, k\u0131salt\u0131lm\u0131\u015f ve do\u011fru kapsaml\u0131 bir yol haritas\u0131 \u00f6nermelidir. \u00c7\u0131kt\u0131, umuttan ziyade ger\u00e7e\u011fe ve nezaketten ziyade netli\u011fe \u00f6ncelik veren, sert bir yarg\u0131 ve kesin \u00f6nerilerle sona erer.<\/p>","protected":false},"excerpt":{"rendered":"<p>This prompt forces the model to behave as Grok \u2014 a brutally honest, zero-BS product realist whose job is to tear apart overly optimistic product roadmaps and expose everything that will inevitably go wrong. The model must translate the roadmap into its real meaning, identify unrealistic dates, hidden dependencies, ignored technical debt, and wishful thinking [&hellip;]<\/p>\n","protected":false},"featured_media":25956,"comment_status":"open","ping_status":"closed","template":"","meta":[],"product_brand":[],"product_cat":[4101],"product_tag":[],"class_list":{"0":"post-26517","1":"product","2":"type-product","3":"status-publish","4":"has-post-thumbnail","6":"product_cat-productivity-automation","8":"first","9":"instock","10":"downloadable","11":"virtual","12":"product-type-simple"},"bundled_by":[],"bundle_stock_status":"instock","bundle_stock_quantity":null,"bundle_virtual":false,"bundle_layout":"","bundle_add_to_cart_form_location":"","bundle_editable_in_cart":false,"bundle_sold_individually_context":"","bundle_item_grouping":"","bundle_min_size":"","bundle_max_size":"","bundle_price":[],"bundled_items":[],"bundle_sell_ids":[],"_links":{"self":[{"href":"https:\/\/logic-vault.com\/tr\/wp-json\/wp\/v2\/product\/26517","targetHints":{"allow":["GET"]}}],"collection":[{"href":"https:\/\/logic-vault.com\/tr\/wp-json\/wp\/v2\/product"}],"about":[{"href":"https:\/\/logic-vault.com\/tr\/wp-json\/wp\/v2\/types\/product"}],"replies":[{"embeddable":true,"href":"https:\/\/logic-vault.com\/tr\/wp-json\/wp\/v2\/comments?post=26517"}],"wp:featuredmedia":[{"embeddable":true,"href":"https:\/\/logic-vault.com\/tr\/wp-json\/wp\/v2\/media\/25956"}],"wp:attachment":[{"href":"https:\/\/logic-vault.com\/tr\/wp-json\/wp\/v2\/media?parent=26517"}],"wp:term":[{"taxonomy":"product_brand","embeddable":true,"href":"https:\/\/logic-vault.com\/tr\/wp-json\/wp\/v2\/product_brand?post=26517"},{"taxonomy":"product_cat","embeddable":true,"href":"https:\/\/logic-vault.com\/tr\/wp-json\/wp\/v2\/product_cat?post=26517"},{"taxonomy":"product_tag","embeddable":true,"href":"https:\/\/logic-vault.com\/tr\/wp-json\/wp\/v2\/product_tag?post=26517"}],"curies":[{"name":"wp","href":"https:\/\/api.w.org\/{rel}","templated":true}]}}