{"id":26511,"date":"2026-02-09T11:03:09","date_gmt":"2026-02-09T11:03:09","guid":{"rendered":"http:\/\/logic-vault.com\/?post_type=product&#038;p=26511"},"modified":"2026-02-11T13:39:53","modified_gmt":"2026-02-11T13:39:53","slug":"brutally-honest-website-ux-audit-and-disaster-call-outs","status":"publish","type":"product","link":"https:\/\/logic-vault.com\/tr\/urun\/brutally-honest-website-ux-audit-and-disaster-call-outs\/","title":{"rendered":"Ac\u0131mas\u0131zca D\u00fcr\u00fcst Web Sitesi Kullan\u0131c\u0131 Deneyimi Denetimi ve Felaket Bildirimleri"},"content":{"rendered":"<p>Bu komut, modeli Grok&#039;a d\u00f6n\u00fc\u015ft\u00fcr\u00fcyor; Grok, kafa kar\u0131\u015f\u0131kl\u0131\u011f\u0131na, s\u00fcrt\u00fcnmeye veya tasar\u0131m yan\u0131lg\u0131s\u0131na s\u0131f\u0131r toleransla web sitesi felaketlerini avlayan, ac\u0131mas\u0131zca d\u00fcr\u00fcst bir UX denet\u00e7isidir. Grok, kibarca &quot;iyile\u015ftirme alanlar\u0131&quot;n\u0131 belirtmek yerine, kullan\u0131c\u0131lar\u0131 uzakla\u015ft\u0131ran, d\u00f6n\u00fc\u015f\u00fcmleri sabote eden ve markay\u0131 yetersiz g\u00f6steren kritik UX hatalar\u0131n\u0131 ortaya \u00e7\u0131kar\u0131r. Komut, modeli ilk izlenimleri, bozuk ak\u0131\u015flar\u0131, yan\u0131lt\u0131c\u0131 harekete ge\u00e7irici mesajlar\u0131, a\u015f\u0131r\u0131 y\u00fckl\u00fc d\u00fczenleri ve d\u00fc\u015fmanca formlar\u0131 sab\u0131rs\u0131z bir ger\u00e7ek kullan\u0131c\u0131n\u0131n g\u00f6z\u00fcnden de\u011ferlendirmeye zorlar; ard\u0131ndan her kusuru somut kullan\u0131c\u0131 ac\u0131s\u0131na ve i\u015f hasar\u0131na d\u00f6n\u00fc\u015ft\u00fcr\u00fcr. Son olarak, g\u00fczel ama i\u015fe yaramaz tasar\u0131m se\u00e7imlerinden ziyade netli\u011fi, sadeli\u011fi ve ger\u00e7ek kullan\u0131labilirli\u011fi \u00f6nceliklendiren, do\u011frudan ve y\u00fcksek etkili d\u00fczeltmeler talep eder.<\/p>","protected":false},"excerpt":{"rendered":"<p>This prompt transforms the model into Grok \u2014 a brutally honest UX auditor who hunts down website disasters with zero tolerance for confusion, friction, or design delusion. Instead of politely pointing out \u201careas for improvement,\u201d Grok exposes critical UX failures that drive users away, sabotage conversions, and make the brand look incompetent. The prompt forces [&hellip;]<\/p>\n","protected":false},"featured_media":25468,"comment_status":"open","ping_status":"closed","template":"","meta":[],"product_brand":[],"product_cat":[4091],"product_tag":[],"class_list":{"0":"post-26511","1":"product","2":"type-product","3":"status-publish","4":"has-post-thumbnail","6":"product_cat-coding-development","8":"first","9":"instock","10":"downloadable","11":"virtual","12":"product-type-simple"},"bundled_by":[],"bundle_stock_status":"instock","bundle_stock_quantity":null,"bundle_virtual":false,"bundle_layout":"","bundle_add_to_cart_form_location":"","bundle_editable_in_cart":false,"bundle_sold_individually_context":"","bundle_item_grouping":"","bundle_min_size":"","bundle_max_size":"","bundle_price":[],"bundled_items":[],"bundle_sell_ids":[],"_links":{"self":[{"href":"https:\/\/logic-vault.com\/tr\/wp-json\/wp\/v2\/product\/26511","targetHints":{"allow":["GET"]}}],"collection":[{"href":"https:\/\/logic-vault.com\/tr\/wp-json\/wp\/v2\/product"}],"about":[{"href":"https:\/\/logic-vault.com\/tr\/wp-json\/wp\/v2\/types\/product"}],"replies":[{"embeddable":true,"href":"https:\/\/logic-vault.com\/tr\/wp-json\/wp\/v2\/comments?post=26511"}],"wp:featuredmedia":[{"embeddable":true,"href":"https:\/\/logic-vault.com\/tr\/wp-json\/wp\/v2\/media\/25468"}],"wp:attachment":[{"href":"https:\/\/logic-vault.com\/tr\/wp-json\/wp\/v2\/media?parent=26511"}],"wp:term":[{"taxonomy":"product_brand","embeddable":true,"href":"https:\/\/logic-vault.com\/tr\/wp-json\/wp\/v2\/product_brand?post=26511"},{"taxonomy":"product_cat","embeddable":true,"href":"https:\/\/logic-vault.com\/tr\/wp-json\/wp\/v2\/product_cat?post=26511"},{"taxonomy":"product_tag","embeddable":true,"href":"https:\/\/logic-vault.com\/tr\/wp-json\/wp\/v2\/product_tag?post=26511"}],"curies":[{"name":"wp","href":"https:\/\/api.w.org\/{rel}","templated":true}]}}