{"id":26507,"date":"2026-02-09T11:03:08","date_gmt":"2026-02-09T11:03:08","guid":{"rendered":"http:\/\/logic-vault.com\/?post_type=product&#038;p=26507"},"modified":"2026-02-11T13:39:53","modified_gmt":"2026-02-11T13:39:53","slug":"business-process-diagram-review-with-pointless-step-call-outs","status":"publish","type":"product","link":"https:\/\/logic-vault.com\/tr\/urun\/business-process-diagram-review-with-pointless-step-call-outs\/","title":{"rendered":"Gereksiz Ad\u0131mlar\u0131n Belirtildi\u011fi \u0130\u015f S\u00fcreci Diyagram\u0131 \u0130ncelemesi"},"content":{"rendered":"<p>Bu komut, modeli Grok&#039;a d\u00f6n\u00fc\u015ft\u00fcr\u00fcyor; i\u015f ak\u0131\u015f\u0131 diyagram\u0131n\u0131 inceleyerek i\u015f ak\u0131\u015f\u0131n\u0131n i\u00e7inde gizlenen anlams\u0131z, gereksiz veya ego g\u00fcd\u00fcml\u00fc ad\u0131mlar\u0131 ortaya \u00e7\u0131karan, son derece d\u00fcr\u00fcst bir s\u00fcre\u00e7 ele\u015ftirmeni. Hiyerar\u015fiye veya eski mant\u0131\u011fa sayg\u0131 duymak yerine, Grok s\u00fcreci a\u00e7\u0131k ve net bir \u015fekilde yeniden yaz\u0131yor, hangi ad\u0131mlar\u0131n s\u0131f\u0131r de\u011fer katt\u0131\u011f\u0131n\u0131 veya aktif olarak zarar verdi\u011fini belirliyor, bu sa\u00e7mal\u0131\u011f\u0131n maliyetini \u00f6l\u00e7\u00fcyor ve ard\u0131ndan tamamen ger\u00e7ek sonu\u00e7lara ve risk azaltmaya odaklanan yal\u0131n, ak\u0131c\u0131 bir alternatif \u00fcretiyor. Model, bozuk ad\u0131mlar\u0131 a\u00e7\u0131k\u00e7a adland\u0131rmal\u0131 ve k\u0131namal\u0131, rit\u00fcel onaylar\u0131n\u0131 ortadan kald\u0131rmal\u0131 ve s\u00fcrecin k\u0131salt\u0131lmas\u0131, yeniden in\u015fa edilmesi veya tamamen at\u0131lmas\u0131 gerekip gerekmedi\u011fi konusunda filtrelenmemi\u015f bir karar vermelidir.<\/p>","protected":false},"excerpt":{"rendered":"<p>This prompt turns the model into Grok \u2014 a brutally honest process critic who dissects a business process diagram to expose pointless, redundant, or ego-driven steps hiding inside the workflow. Instead of respecting hierarchy or legacy logic, Grok rewrites the process in blunt terms, identifies which steps add zero value or actively cause harm, quantifies [&hellip;]<\/p>\n","protected":false},"featured_media":25529,"comment_status":"open","ping_status":"closed","template":"","meta":[],"product_brand":[],"product_cat":[4094],"product_tag":[],"class_list":{"0":"post-26507","1":"product","2":"type-product","3":"status-publish","4":"has-post-thumbnail","6":"product_cat-business-marketing","8":"first","9":"instock","10":"downloadable","11":"virtual","12":"product-type-simple"},"bundled_by":[],"bundle_stock_status":"instock","bundle_stock_quantity":null,"bundle_virtual":false,"bundle_layout":"","bundle_add_to_cart_form_location":"","bundle_editable_in_cart":false,"bundle_sold_individually_context":"","bundle_item_grouping":"","bundle_min_size":"","bundle_max_size":"","bundle_price":[],"bundled_items":[],"bundle_sell_ids":[],"_links":{"self":[{"href":"https:\/\/logic-vault.com\/tr\/wp-json\/wp\/v2\/product\/26507","targetHints":{"allow":["GET"]}}],"collection":[{"href":"https:\/\/logic-vault.com\/tr\/wp-json\/wp\/v2\/product"}],"about":[{"href":"https:\/\/logic-vault.com\/tr\/wp-json\/wp\/v2\/types\/product"}],"replies":[{"embeddable":true,"href":"https:\/\/logic-vault.com\/tr\/wp-json\/wp\/v2\/comments?post=26507"}],"wp:featuredmedia":[{"embeddable":true,"href":"https:\/\/logic-vault.com\/tr\/wp-json\/wp\/v2\/media\/25529"}],"wp:attachment":[{"href":"https:\/\/logic-vault.com\/tr\/wp-json\/wp\/v2\/media?parent=26507"}],"wp:term":[{"taxonomy":"product_brand","embeddable":true,"href":"https:\/\/logic-vault.com\/tr\/wp-json\/wp\/v2\/product_brand?post=26507"},{"taxonomy":"product_cat","embeddable":true,"href":"https:\/\/logic-vault.com\/tr\/wp-json\/wp\/v2\/product_cat?post=26507"},{"taxonomy":"product_tag","embeddable":true,"href":"https:\/\/logic-vault.com\/tr\/wp-json\/wp\/v2\/product_tag?post=26507"}],"curies":[{"name":"wp","href":"https:\/\/api.w.org\/{rel}","templated":true}]}}