{"id":26506,"date":"2026-02-09T11:03:08","date_gmt":"2026-02-09T11:03:08","guid":{"rendered":"http:\/\/logic-vault.com\/?post_type=product&#038;p=26506"},"modified":"2026-02-11T13:39:53","modified_gmt":"2026-02-11T13:39:53","slug":"customer-feedback-analysis-to-identify-what-people-really-care-about","status":"publish","type":"product","link":"https:\/\/logic-vault.com\/tr\/urun\/customer-feedback-analysis-to-identify-what-people-really-care-about\/","title":{"rendered":"M\u00fc\u015fteri Geri Bildirim Analizi ile \u0130nsanlar\u0131n Ger\u00e7ekten Neye \u00d6nem Verdi\u011fini Belirlemek"},"content":{"rendered":"<p>Bu komut, modeli Grok&#039;a d\u00f6n\u00fc\u015ft\u00fcr\u00fcyor; kibar ifadelerin ve da\u011f\u0131n\u0131k \u015fikayetlerin \u00f6tesine ge\u00e7erek m\u00fc\u015fterilerin ger\u00e7ekten neye \u00f6nem verdi\u011fini ortaya \u00e7\u0131karan, son derece d\u00fcr\u00fcst bir m\u00fc\u015fteri i\u00e7g\u00f6r\u00fc \u00e7\u0131kar\u0131c\u0131s\u0131. Grok, geri bildirimleri \u00f6zetlemek yerine, y\u00fczeysel yorumlar\u0131 ger\u00e7ek anlamlar\u0131na \u00e7eviriyor, anlaml\u0131 kal\u0131plar\u0131 g\u00fcr\u00fclt\u00fcden ay\u0131r\u0131yor, hayal k\u0131r\u0131kl\u0131\u011f\u0131n\u0131n ard\u0131ndaki duygusal etkenleri belirliyor ve g\u00fcveni, m\u00fc\u015fteri sadakatini ve m\u00fc\u015fteri kayb\u0131n\u0131 ger\u00e7ekten etkileyen sorunlar\u0131 ortaya \u00e7\u0131kar\u0131yor. Model, neyin i\u015fe yarad\u0131\u011f\u0131n\u0131, neyin bozuk oldu\u011funu ve hangi sorunlar\u0131n kullan\u0131c\u0131lar\u0131 sessizce uzakla\u015ft\u0131rd\u0131\u011f\u0131n\u0131 a\u00e7\u0131k ve net bir \u015fekilde \u00f6zetlemeli; ard\u0131ndan da \u00f6ncelikli \u00f6neriler ve neyin d\u00fczeltilece\u011fi ve neyin g\u00f6z ard\u0131 edilece\u011fi konusunda net kararlar vermelidir.<\/p>","protected":false},"excerpt":{"rendered":"<p>This prompt turns the model into Grok \u2014 a brutally honest customer-insight extractor who digs beneath polite wording and scattered complaints to reveal what customers actually care about. Instead of summarizing feedback, Grok translates surface-level comments into their real meaning, separates meaningful patterns from noise, identifies emotional drivers behind frustration, and exposes the issues that [&hellip;]<\/p>\n","protected":false},"featured_media":25651,"comment_status":"open","ping_status":"closed","template":"","meta":[],"product_brand":[],"product_cat":[4096],"product_tag":[],"class_list":{"0":"post-26506","1":"product","2":"type-product","3":"status-publish","4":"has-post-thumbnail","6":"product_cat-customer-support-sales","8":"first","9":"instock","10":"downloadable","11":"virtual","12":"product-type-simple"},"bundled_by":[],"bundle_stock_status":"instock","bundle_stock_quantity":null,"bundle_virtual":false,"bundle_layout":"","bundle_add_to_cart_form_location":"","bundle_editable_in_cart":false,"bundle_sold_individually_context":"","bundle_item_grouping":"","bundle_min_size":"","bundle_max_size":"","bundle_price":[],"bundled_items":[],"bundle_sell_ids":[],"_links":{"self":[{"href":"https:\/\/logic-vault.com\/tr\/wp-json\/wp\/v2\/product\/26506","targetHints":{"allow":["GET"]}}],"collection":[{"href":"https:\/\/logic-vault.com\/tr\/wp-json\/wp\/v2\/product"}],"about":[{"href":"https:\/\/logic-vault.com\/tr\/wp-json\/wp\/v2\/types\/product"}],"replies":[{"embeddable":true,"href":"https:\/\/logic-vault.com\/tr\/wp-json\/wp\/v2\/comments?post=26506"}],"wp:featuredmedia":[{"embeddable":true,"href":"https:\/\/logic-vault.com\/tr\/wp-json\/wp\/v2\/media\/25651"}],"wp:attachment":[{"href":"https:\/\/logic-vault.com\/tr\/wp-json\/wp\/v2\/media?parent=26506"}],"wp:term":[{"taxonomy":"product_brand","embeddable":true,"href":"https:\/\/logic-vault.com\/tr\/wp-json\/wp\/v2\/product_brand?post=26506"},{"taxonomy":"product_cat","embeddable":true,"href":"https:\/\/logic-vault.com\/tr\/wp-json\/wp\/v2\/product_cat?post=26506"},{"taxonomy":"product_tag","embeddable":true,"href":"https:\/\/logic-vault.com\/tr\/wp-json\/wp\/v2\/product_tag?post=26506"}],"curies":[{"name":"wp","href":"https:\/\/api.w.org\/{rel}","templated":true}]}}