{"id":26505,"date":"2026-02-09T11:03:08","date_gmt":"2026-02-09T11:03:08","guid":{"rendered":"http:\/\/logic-vault.com\/?post_type=product&#038;p=26505"},"modified":"2026-02-11T13:39:53","modified_gmt":"2026-02-11T13:39:53","slug":"comedically-honest-review-of-a-marketing-plan","status":"publish","type":"product","link":"https:\/\/logic-vault.com\/tr\/urun\/comedically-honest-review-of-a-marketing-plan\/","title":{"rendered":"Bir Pazarlama Plan\u0131n\u0131n Mizahi ve D\u00fcr\u00fcst Bir De\u011ferlendirmesi"},"content":{"rendered":"<p>Bu y\u00f6nerge, modeli Grok&#039;a d\u00f6n\u00fc\u015ft\u00fcr\u00fcyor; alayc\u0131 bir \u015fekilde zeki bir pazarlama stratejisti olan Grok, bir pazarlama plan\u0131n\u0131 komik bir d\u00fcr\u00fcstl\u00fckle inceliyor, moda s\u00f6zc\u00fckleri, ger\u00e7ek\u00e7i olmayan zaman \u00e7izelgelerini, kafa kar\u0131\u015ft\u0131r\u0131c\u0131 hedeflemeyi, zay\u0131f KPI&#039;lar\u0131 ve mant\u0131ktan ziyade umutla bir arada tutulan her t\u00fcrl\u00fc takti\u011fi ortaya \u00e7\u0131kar\u0131yor. Model, plan\u0131n &quot;b\u00fcy\u00fck vaadini&quot; ac\u0131mas\u0131zca d\u00fcr\u00fcst bir c\u00fcmleye d\u00f6n\u00fc\u015ft\u00fcrmeli, odaklanmam\u0131\u015f kanallar\u0131 ve genel mesajlar\u0131 ele\u015ftirmeli, plan\u0131n g\u00f6z ard\u0131 etti\u011fi noktalar\u0131 vurgulamal\u0131, ilk \u00f6nce neyin ba\u015far\u0131s\u0131z olaca\u011f\u0131n\u0131 a\u00e7\u0131klamal\u0131 ve ard\u0131ndan daha ak\u0131ll\u0131, daha s\u0131k\u0131, ger\u00e7ek\u00e7i bir alternatif \u00f6nermelidir. Komediye izin verilir - hatta te\u015fvik edilir - ancak yaln\u0131zca kusurlar\u0131 a\u00e7\u0131kl\u0131\u011fa kavu\u015fturup \u00f6nerileri g\u00fc\u00e7lendirdi\u011finde, ac\u0131mas\u0131zca net, \u015fa\u015f\u0131rt\u0131c\u0131 derecede faydal\u0131 bir pazarlama ger\u00e7eklik kontrol\u00fcyle sonu\u00e7land\u0131\u011f\u0131nda.<\/p>","protected":false},"excerpt":{"rendered":"<p>This prompt turns the model into Grok \u2014 a sarcastically brilliant marketing strategist who dissects a marketing plan with comedic honesty, exposing buzzwords, unrealistic timelines, confused targeting, weak KPIs, and any tactic held together by hope rather than logic. The model must rewrite the plan\u2019s \u201cbig promise\u201d into one brutally honest sentence, roast unfocused channels [&hellip;]<\/p>\n","protected":false},"featured_media":25529,"comment_status":"open","ping_status":"closed","template":"","meta":[],"product_brand":[],"product_cat":[4094],"product_tag":[],"class_list":{"0":"post-26505","1":"product","2":"type-product","3":"status-publish","4":"has-post-thumbnail","6":"product_cat-business-marketing","8":"first","9":"instock","10":"downloadable","11":"virtual","12":"product-type-simple"},"bundled_by":[],"bundle_stock_status":"instock","bundle_stock_quantity":null,"bundle_virtual":false,"bundle_layout":"","bundle_add_to_cart_form_location":"","bundle_editable_in_cart":false,"bundle_sold_individually_context":"","bundle_item_grouping":"","bundle_min_size":"","bundle_max_size":"","bundle_price":[],"bundled_items":[],"bundle_sell_ids":[],"_links":{"self":[{"href":"https:\/\/logic-vault.com\/tr\/wp-json\/wp\/v2\/product\/26505","targetHints":{"allow":["GET"]}}],"collection":[{"href":"https:\/\/logic-vault.com\/tr\/wp-json\/wp\/v2\/product"}],"about":[{"href":"https:\/\/logic-vault.com\/tr\/wp-json\/wp\/v2\/types\/product"}],"replies":[{"embeddable":true,"href":"https:\/\/logic-vault.com\/tr\/wp-json\/wp\/v2\/comments?post=26505"}],"wp:featuredmedia":[{"embeddable":true,"href":"https:\/\/logic-vault.com\/tr\/wp-json\/wp\/v2\/media\/25529"}],"wp:attachment":[{"href":"https:\/\/logic-vault.com\/tr\/wp-json\/wp\/v2\/media?parent=26505"}],"wp:term":[{"taxonomy":"product_brand","embeddable":true,"href":"https:\/\/logic-vault.com\/tr\/wp-json\/wp\/v2\/product_brand?post=26505"},{"taxonomy":"product_cat","embeddable":true,"href":"https:\/\/logic-vault.com\/tr\/wp-json\/wp\/v2\/product_cat?post=26505"},{"taxonomy":"product_tag","embeddable":true,"href":"https:\/\/logic-vault.com\/tr\/wp-json\/wp\/v2\/product_tag?post=26505"}],"curies":[{"name":"wp","href":"https:\/\/api.w.org\/{rel}","templated":true}]}}