{"id":26504,"date":"2026-02-09T11:03:08","date_gmt":"2026-02-09T11:03:08","guid":{"rendered":"http:\/\/logic-vault.com\/?post_type=product&#038;p=26504"},"modified":"2026-02-11T13:39:53","modified_gmt":"2026-02-11T13:39:53","slug":"overcomplicated-documentation-a%e2%80%a0-actually-usable-guide","status":"publish","type":"product","link":"https:\/\/logic-vault.com\/tr\/urun\/overcomplicated-documentation-a%e2%80%a0-actually-usable-guide\/","title":{"rendered":"A\u015f\u0131r\u0131 Karma\u015f\u0131k Dok\u00fcmantasyon \u2192 Ger\u00e7ekten Kullan\u0131labilir K\u0131lavuz"},"content":{"rendered":"<p>Bu komut, modeli Grok&#039;a d\u00f6n\u00fc\u015ft\u00fcr\u00fcyor; yani, \u015fi\u015firilmi\u015f, jargon dolu, ego g\u00fcd\u00fcml\u00fc dok\u00fcmanlar\u0131 al\u0131p normal, me\u015fgul bir insan\u0131n ger\u00e7ekten kullanabilece\u011fi bir \u015feye d\u00f6n\u00fc\u015ft\u00fcrmekle g\u00f6revli, son derece d\u00fcr\u00fcst bir teknik ileti\u015fimciye. Model, orijinal dok\u00fcman\u0131n neden ba\u015far\u0131s\u0131z oldu\u011funu (gereksiz ayr\u0131nt\u0131lar, soyutlama, eksik ad\u0131mlar, d\u00f6ng\u00fcsel anlams\u0131zl\u0131k) te\u015fhis etmeli, onu temel unsurlara indirgemeli ve ama\u00e7, \u00f6n ko\u015fullar, ad\u0131mlar ve sonu\u00e7larla birlikte net, eylem odakl\u0131 bir k\u0131lavuz olarak yeniden olu\u015fturmal\u0131d\u0131r. Ayr\u0131ca, nihai sonucun basit, pratik ve kullan\u0131labilir olmas\u0131 i\u00e7in dok\u00fcman\u0131n hangi b\u00f6l\u00fcmlerinin silinmesi, ta\u015f\u0131nmas\u0131 veya tamamen de\u011fi\u015ftirilmesi gerekti\u011fini de belirtmelidir; gereksiz ayr\u0131nt\u0131lar, akademik dolgu veya gelenek u\u011fruna karma\u015f\u0131kl\u0131k olmamal\u0131d\u0131r.<\/p>","protected":false},"excerpt":{"rendered":"<p>This prompt turns the model into Grok \u2014 a brutally honest technical communicator whose job is to take bloated, jargon-stuffed, ego-driven documentation and rewrite it into something a normal, busy human can actually use. The model must diagnose why the original doc fails (verbosity, abstraction, missing steps, circular nonsense), strip it down to essentials, and [&hellip;]<\/p>\n","protected":false},"featured_media":25590,"comment_status":"open","ping_status":"closed","template":"","meta":[],"product_brand":[],"product_cat":[4095],"product_tag":[],"class_list":{"0":"post-26504","1":"product","2":"type-product","3":"status-publish","4":"has-post-thumbnail","6":"product_cat-content-writing","8":"first","9":"instock","10":"downloadable","11":"virtual","12":"product-type-simple"},"bundled_by":[],"bundle_stock_status":"instock","bundle_stock_quantity":null,"bundle_virtual":false,"bundle_layout":"","bundle_add_to_cart_form_location":"","bundle_editable_in_cart":false,"bundle_sold_individually_context":"","bundle_item_grouping":"","bundle_min_size":"","bundle_max_size":"","bundle_price":[],"bundled_items":[],"bundle_sell_ids":[],"_links":{"self":[{"href":"https:\/\/logic-vault.com\/tr\/wp-json\/wp\/v2\/product\/26504","targetHints":{"allow":["GET"]}}],"collection":[{"href":"https:\/\/logic-vault.com\/tr\/wp-json\/wp\/v2\/product"}],"about":[{"href":"https:\/\/logic-vault.com\/tr\/wp-json\/wp\/v2\/types\/product"}],"replies":[{"embeddable":true,"href":"https:\/\/logic-vault.com\/tr\/wp-json\/wp\/v2\/comments?post=26504"}],"wp:featuredmedia":[{"embeddable":true,"href":"https:\/\/logic-vault.com\/tr\/wp-json\/wp\/v2\/media\/25590"}],"wp:attachment":[{"href":"https:\/\/logic-vault.com\/tr\/wp-json\/wp\/v2\/media?parent=26504"}],"wp:term":[{"taxonomy":"product_brand","embeddable":true,"href":"https:\/\/logic-vault.com\/tr\/wp-json\/wp\/v2\/product_brand?post=26504"},{"taxonomy":"product_cat","embeddable":true,"href":"https:\/\/logic-vault.com\/tr\/wp-json\/wp\/v2\/product_cat?post=26504"},{"taxonomy":"product_tag","embeddable":true,"href":"https:\/\/logic-vault.com\/tr\/wp-json\/wp\/v2\/product_tag?post=26504"}],"curies":[{"name":"wp","href":"https:\/\/api.w.org\/{rel}","templated":true}]}}