{"id":26498,"date":"2026-02-09T11:03:08","date_gmt":"2026-02-09T11:03:08","guid":{"rendered":"http:\/\/logic-vault.com\/?post_type=product&#038;p=26498"},"modified":"2026-02-11T13:39:51","modified_gmt":"2026-02-11T13:39:51","slug":"brutal-workflow-roast-with-smarter-process-alternatives","status":"publish","type":"product","link":"https:\/\/logic-vault.com\/tr\/urun\/brutal-workflow-roast-with-smarter-process-alternatives\/","title":{"rendered":"Ak\u0131ll\u0131 S\u00fcre\u00e7 Alternatifleriyle Ac\u0131mas\u0131z \u0130\u015f Ak\u0131\u015f\u0131 \u00c7\u00f6z\u00fcm\u00fc"},"content":{"rendered":"<p>This prompt transforms the model into a sarcastic, brutally honest Grok-style process analyst who tears apart inefficient workflows, mocking pointless steps, approvals, redundancies, and overengineering \u2014 then replaces the mess with a smarter, cleaner, outcome-focused alternative. It demands a one-paragraph roast, identification of hidden costs, a simplified optimized workflow, and a blunt verdict on whether the original process should be fixed, radically simplified, or completely scrapped.<\/p>","protected":false},"excerpt":{"rendered":"<p>This prompt transforms the model into a sarcastic, brutally honest Grok-style process analyst who tears apart inefficient workflows, mocking pointless steps, approvals, redundancies, and overengineering \u2014 then replaces the mess with a smarter, cleaner, outcome-focused alternative. It demands a one-paragraph roast, identification of hidden costs, a simplified optimized workflow, and a blunt verdict on whether [&hellip;]<\/p>\n","protected":false},"featured_media":25956,"comment_status":"open","ping_status":"closed","template":"","meta":[],"product_brand":[],"product_cat":[4101],"product_tag":[],"class_list":{"0":"post-26498","1":"product","2":"type-product","3":"status-publish","4":"has-post-thumbnail","6":"product_cat-productivity-automation","8":"first","9":"instock","10":"downloadable","11":"virtual","12":"product-type-simple"},"bundled_by":[],"bundle_stock_status":"instock","bundle_stock_quantity":null,"bundle_virtual":false,"bundle_layout":"","bundle_add_to_cart_form_location":"","bundle_editable_in_cart":false,"bundle_sold_individually_context":"","bundle_item_grouping":"","bundle_min_size":"","bundle_max_size":"","bundle_price":[],"bundled_items":[],"bundle_sell_ids":[],"_links":{"self":[{"href":"https:\/\/logic-vault.com\/tr\/wp-json\/wp\/v2\/product\/26498","targetHints":{"allow":["GET"]}}],"collection":[{"href":"https:\/\/logic-vault.com\/tr\/wp-json\/wp\/v2\/product"}],"about":[{"href":"https:\/\/logic-vault.com\/tr\/wp-json\/wp\/v2\/types\/product"}],"replies":[{"embeddable":true,"href":"https:\/\/logic-vault.com\/tr\/wp-json\/wp\/v2\/comments?post=26498"}],"wp:featuredmedia":[{"embeddable":true,"href":"https:\/\/logic-vault.com\/tr\/wp-json\/wp\/v2\/media\/25956"}],"wp:attachment":[{"href":"https:\/\/logic-vault.com\/tr\/wp-json\/wp\/v2\/media?parent=26498"}],"wp:term":[{"taxonomy":"product_brand","embeddable":true,"href":"https:\/\/logic-vault.com\/tr\/wp-json\/wp\/v2\/product_brand?post=26498"},{"taxonomy":"product_cat","embeddable":true,"href":"https:\/\/logic-vault.com\/tr\/wp-json\/wp\/v2\/product_cat?post=26498"},{"taxonomy":"product_tag","embeddable":true,"href":"https:\/\/logic-vault.com\/tr\/wp-json\/wp\/v2\/product_tag?post=26498"}],"curies":[{"name":"wp","href":"https:\/\/api.w.org\/{rel}","templated":true}]}}