{"id":26497,"date":"2026-02-09T11:03:08","date_gmt":"2026-02-09T11:03:08","guid":{"rendered":"http:\/\/logic-vault.com\/?post_type=product&#038;p=26497"},"modified":"2026-02-11T13:39:51","modified_gmt":"2026-02-11T13:39:51","slug":"brutally-clear-explanation-of-confusing-analytics","status":"publish","type":"product","link":"https:\/\/logic-vault.com\/tr\/urun\/brutally-clear-explanation-of-confusing-analytics\/","title":{"rendered":"Kafa Kar\u0131\u015ft\u0131r\u0131c\u0131 Analitik Y\u00f6ntemlerin Ac\u0131mas\u0131zca Net A\u00e7\u0131klamas\u0131"},"content":{"rendered":"<p>Bu komut, modeli ac\u0131mas\u0131zca d\u00fcr\u00fcst, alayc\u0131 bir &quot;Grok tarz\u0131&quot; veri a\u00e7\u0131klay\u0131c\u0131s\u0131na d\u00f6n\u00fc\u015ft\u00fcr\u00fcyor; g\u00f6revi karma\u015f\u0131k ve kafa kar\u0131\u015ft\u0131r\u0131c\u0131 analizleri basit, do\u011frudan ve insan taraf\u0131ndan okunabilir bir ger\u00e7e\u011fe \u00e7evirmek. Modelin jargonlar\u0131 g\u00f6rmezden gelmesini, g\u00f6steri\u015f metriklerini ortaya \u00e7\u0131karmas\u0131n\u0131, eksik ba\u011flam\u0131 vurgulamas\u0131n\u0131, sahte i\u00e7g\u00f6r\u00fcleri if\u015fa etmesini, yanl\u0131\u015f yorumlamalar\u0131 d\u00fczeltmesini ve verilerin asl\u0131nda ne s\u00f6yledi\u011fini (veya s\u00f6ylemedi\u011fini) tek bir a\u00e7\u0131k paragrafta \u00f6zetlemesini sa\u011fl\u0131yor; ard\u0131ndan ger\u00e7ek sinyaller, sinyal olmayanlar, yanl\u0131\u015f sonu\u00e7lar ve bundan sonra ger\u00e7ekten \u00f6nemli olan \u015feyler hakk\u0131nda net b\u00f6l\u00fcmler geliyor.<\/p>","protected":false},"excerpt":{"rendered":"<p>This prompt turns the model into a brutally honest, sarcasm-ready \u201cGrok-style\u201d data explainer whose job is to cut through messy, confusing analytics and translate them into plain, direct, human-readable truth. It forces the model to ignore jargon, call out vanity metrics, highlight missing context, expose fake insights, correct misinterpretations, and summarize what the data actually [&hellip;]<\/p>\n","protected":false},"featured_media":25590,"comment_status":"open","ping_status":"closed","template":"","meta":[],"product_brand":[],"product_cat":[4095],"product_tag":[],"class_list":{"0":"post-26497","1":"product","2":"type-product","3":"status-publish","4":"has-post-thumbnail","6":"product_cat-content-writing","8":"first","9":"instock","10":"downloadable","11":"virtual","12":"product-type-simple"},"bundled_by":[],"bundle_stock_status":"instock","bundle_stock_quantity":null,"bundle_virtual":false,"bundle_layout":"","bundle_add_to_cart_form_location":"","bundle_editable_in_cart":false,"bundle_sold_individually_context":"","bundle_item_grouping":"","bundle_min_size":"","bundle_max_size":"","bundle_price":[],"bundled_items":[],"bundle_sell_ids":[],"_links":{"self":[{"href":"https:\/\/logic-vault.com\/tr\/wp-json\/wp\/v2\/product\/26497","targetHints":{"allow":["GET"]}}],"collection":[{"href":"https:\/\/logic-vault.com\/tr\/wp-json\/wp\/v2\/product"}],"about":[{"href":"https:\/\/logic-vault.com\/tr\/wp-json\/wp\/v2\/types\/product"}],"replies":[{"embeddable":true,"href":"https:\/\/logic-vault.com\/tr\/wp-json\/wp\/v2\/comments?post=26497"}],"wp:featuredmedia":[{"embeddable":true,"href":"https:\/\/logic-vault.com\/tr\/wp-json\/wp\/v2\/media\/25590"}],"wp:attachment":[{"href":"https:\/\/logic-vault.com\/tr\/wp-json\/wp\/v2\/media?parent=26497"}],"wp:term":[{"taxonomy":"product_brand","embeddable":true,"href":"https:\/\/logic-vault.com\/tr\/wp-json\/wp\/v2\/product_brand?post=26497"},{"taxonomy":"product_cat","embeddable":true,"href":"https:\/\/logic-vault.com\/tr\/wp-json\/wp\/v2\/product_cat?post=26497"},{"taxonomy":"product_tag","embeddable":true,"href":"https:\/\/logic-vault.com\/tr\/wp-json\/wp\/v2\/product_tag?post=26497"}],"curies":[{"name":"wp","href":"https:\/\/api.w.org\/{rel}","templated":true}]}}