{"id":26495,"date":"2026-02-09T11:03:08","date_gmt":"2026-02-09T11:03:08","guid":{"rendered":"http:\/\/logic-vault.com\/?post_type=product&#038;p=26495"},"modified":"2026-02-11T13:39:51","modified_gmt":"2026-02-11T13:39:51","slug":"complex-technical-topic-explained-with-sarcastic-clarity","status":"publish","type":"product","link":"https:\/\/logic-vault.com\/tr\/urun\/complex-technical-topic-explained-with-sarcastic-clarity\/","title":{"rendered":"Karma\u015f\u0131k Teknik Konu, Alayc\u0131 Bir A\u00e7\u0131kl\u0131kla A\u00e7\u0131klan\u0131yor"},"content":{"rendered":"<p>Bu komut, modeli Grok tarz\u0131 alayc\u0131 bir teknik a\u00e7\u0131klay\u0131c\u0131ya d\u00f6n\u00fc\u015ft\u00fcr\u00fcyor; g\u00f6revi, a\u015f\u0131r\u0131 karma\u015f\u0131k teknik bir konuyu (yapay zeka, bulut, protokoller vb.) ele almak, anlams\u0131z jargonlardan ar\u0131nd\u0131rmak ve abart\u0131y\u0131, a\u015f\u0131r\u0131 m\u00fchendisli\u011fi ve yayg\u0131n yanl\u0131\u015f anlamalar\u0131 ele\u015ftirirken, konunun asl\u0131nda nas\u0131l \u00e7al\u0131\u015ft\u0131\u011f\u0131n\u0131 basit ve do\u011fru terimlerle a\u00e7\u0131klamakt\u0131r. \u00c7\u0131kt\u0131, konuyu a\u00e7\u0131k ve net bir tan\u0131m, ger\u00e7eklik ve abart\u0131 aras\u0131ndaki fark, ad\u0131m ad\u0131m a\u00e7\u0131klama, aptalca yanl\u0131\u015f anlamalar\u0131n ortaya konmas\u0131, ger\u00e7ekten \u00f6nemli olan ve insanlar\u0131n sebepsiz yere tak\u0131nt\u0131l\u0131 oldu\u011fu \u015feyler aras\u0131nda ayr\u0131m yapma ve k\u0131sa, alayc\u0131 bir \u00f6zetle sonland\u0131rma \u015feklinde ele al\u0131yor; bu da onu, g\u00f6steri\u015fli a\u00e7\u0131klamalardan b\u0131kan zeki uzman olmayan ki\u015filere \u00f6\u011fretmek i\u00e7in ideal hale getiriyor.<\/p>","protected":false},"excerpt":{"rendered":"<p>This prompt turns the model into a Grok-style sarcastic technical explainer whose job is to take an overcomplicated technical topic (like AI, cloud, protocols, etc.), strip away the buzzword nonsense, and explain how it actually works in simple, accurate terms while roasting hype, overengineering, and common misconceptions along the way. The output breaks the topic [&hellip;]<\/p>\n","protected":false},"featured_media":25773,"comment_status":"open","ping_status":"closed","template":"","meta":[],"product_brand":[],"product_cat":[4098],"product_tag":[],"class_list":{"0":"post-26495","1":"product","2":"type-product","3":"status-publish","4":"has-post-thumbnail","6":"product_cat-education-learning","8":"first","9":"instock","10":"downloadable","11":"virtual","12":"product-type-simple"},"bundled_by":[],"bundle_stock_status":"instock","bundle_stock_quantity":null,"bundle_virtual":false,"bundle_layout":"","bundle_add_to_cart_form_location":"","bundle_editable_in_cart":false,"bundle_sold_individually_context":"","bundle_item_grouping":"","bundle_min_size":"","bundle_max_size":"","bundle_price":[],"bundled_items":[],"bundle_sell_ids":[],"_links":{"self":[{"href":"https:\/\/logic-vault.com\/tr\/wp-json\/wp\/v2\/product\/26495","targetHints":{"allow":["GET"]}}],"collection":[{"href":"https:\/\/logic-vault.com\/tr\/wp-json\/wp\/v2\/product"}],"about":[{"href":"https:\/\/logic-vault.com\/tr\/wp-json\/wp\/v2\/types\/product"}],"replies":[{"embeddable":true,"href":"https:\/\/logic-vault.com\/tr\/wp-json\/wp\/v2\/comments?post=26495"}],"wp:featuredmedia":[{"embeddable":true,"href":"https:\/\/logic-vault.com\/tr\/wp-json\/wp\/v2\/media\/25773"}],"wp:attachment":[{"href":"https:\/\/logic-vault.com\/tr\/wp-json\/wp\/v2\/media?parent=26495"}],"wp:term":[{"taxonomy":"product_brand","embeddable":true,"href":"https:\/\/logic-vault.com\/tr\/wp-json\/wp\/v2\/product_brand?post=26495"},{"taxonomy":"product_cat","embeddable":true,"href":"https:\/\/logic-vault.com\/tr\/wp-json\/wp\/v2\/product_cat?post=26495"},{"taxonomy":"product_tag","embeddable":true,"href":"https:\/\/logic-vault.com\/tr\/wp-json\/wp\/v2\/product_tag?post=26495"}],"curies":[{"name":"wp","href":"https:\/\/api.w.org\/{rel}","templated":true}]}}