{"id":26490,"date":"2026-02-09T11:03:07","date_gmt":"2026-02-09T11:03:07","guid":{"rendered":"http:\/\/logic-vault.com\/?post_type=product&#038;p=26490"},"modified":"2026-02-11T13:39:51","modified_gmt":"2026-02-11T13:39:51","slug":"competitor-website-comparison","status":"publish","type":"product","link":"https:\/\/logic-vault.com\/tr\/urun\/competitor-website-comparison\/","title":{"rendered":"Rakip Web Sitesi Kar\u015f\u0131la\u015ft\u0131rmas\u0131"},"content":{"rendered":"<p>Bu komut, bir yapay zek\u00e2ya birden fazla rakip web sitesi ekran g\u00f6r\u00fcnt\u00fcs\u00fcn\u00fcn yap\u0131land\u0131r\u0131lm\u0131\u015f bir rekabet analizini ger\u00e7ekle\u015ftirmesini emreder. Yapay zek\u00e2, her sitenin amac\u0131n\u0131, de\u011fer \u00f6nerisini, ileti\u015fim netli\u011fini, kullan\u0131c\u0131 deneyimi ak\u0131\u015f\u0131n\u0131, g\u00fcven sinyallerini, g\u00fc\u00e7l\u00fc ve zay\u0131f y\u00f6nlerini ve genel konumland\u0131rmas\u0131n\u0131 de\u011ferlendirmelidir.<\/p>\n<p>Model, ger\u00e7ek rekabet avantajlar\u0131n\u0131 (\u00f6rne\u011fin daha g\u00fc\u00e7l\u00fc mesajla\u015fma, daha net kullan\u0131c\u0131 y\u00f6nlendirmesi, daha iyi hiyerar\u015fi, daha g\u00fcvenilir g\u00fcven sinyalleri veya \u00fcst\u00fcn d\u00f6n\u00fc\u015f\u00fcm mant\u0131\u011f\u0131) belirlemek i\u00e7in siteleri yan yana kar\u015f\u0131la\u015ft\u0131r\u0131rken, bunlar\u0131 k\u00fc\u00e7\u00fck veya tamamen estetik farkl\u0131l\u0131klardan ay\u0131r\u0131r.<\/p>\n<p>Yapay zek\u00e2 ayr\u0131ca her rakibin tasar\u0131m\u0131ndaki zay\u0131f noktalar\u0131 ve ka\u00e7\u0131r\u0131lan f\u0131rsatlar\u0131 tespit etmeli ve analizi y\u00fcr\u00fcten i\u015fletme i\u00e7in stratejik \u00e7\u0131kar\u0131mlar\u0131 ve f\u0131rsatlar\u0131 a\u00e7\u0131k\u00e7a ifade etmelidir.<\/p>\n<p>Nihai \u00e7\u0131kt\u0131 d\u00f6rt b\u00f6l\u00fcme ayr\u0131lm\u0131\u015ft\u0131r (genel bak\u0131\u015f, g\u00fc\u00e7l\u00fc\/zay\u0131f y\u00f6nler, rekabet avantajlar\u0131, stratejik etkiler) ve \u00fcr\u00fcn stratejisi, kullan\u0131c\u0131 deneyimi yeniden tasar\u0131m\u0131 veya pazarlama konumland\u0131rmas\u0131nda kullan\u0131lmaya uygundur.<\/p>","protected":false},"excerpt":{"rendered":"<p>This prompt instructs an AI to perform a structured competitive analysis of multiple competitor website screenshots. The AI must evaluate each site\u2019s purpose, value proposition, clarity of communication, UX flow, trust signals, strengths, weaknesses, and overall positioning. The model compares sites side by side to identify genuine competitive advantages\u2014such as stronger messaging, clearer user guidance, [&hellip;]<\/p>\n","protected":false},"featured_media":25529,"comment_status":"open","ping_status":"closed","template":"","meta":[],"product_brand":[],"product_cat":[4094],"product_tag":[],"class_list":{"0":"post-26490","1":"product","2":"type-product","3":"status-publish","4":"has-post-thumbnail","6":"product_cat-business-marketing","8":"first","9":"instock","10":"downloadable","11":"virtual","12":"product-type-simple"},"bundled_by":[],"bundle_stock_status":"instock","bundle_stock_quantity":null,"bundle_virtual":false,"bundle_layout":"","bundle_add_to_cart_form_location":"","bundle_editable_in_cart":false,"bundle_sold_individually_context":"","bundle_item_grouping":"","bundle_min_size":"","bundle_max_size":"","bundle_price":[],"bundled_items":[],"bundle_sell_ids":[],"_links":{"self":[{"href":"https:\/\/logic-vault.com\/tr\/wp-json\/wp\/v2\/product\/26490","targetHints":{"allow":["GET"]}}],"collection":[{"href":"https:\/\/logic-vault.com\/tr\/wp-json\/wp\/v2\/product"}],"about":[{"href":"https:\/\/logic-vault.com\/tr\/wp-json\/wp\/v2\/types\/product"}],"replies":[{"embeddable":true,"href":"https:\/\/logic-vault.com\/tr\/wp-json\/wp\/v2\/comments?post=26490"}],"wp:featuredmedia":[{"embeddable":true,"href":"https:\/\/logic-vault.com\/tr\/wp-json\/wp\/v2\/media\/25529"}],"wp:attachment":[{"href":"https:\/\/logic-vault.com\/tr\/wp-json\/wp\/v2\/media?parent=26490"}],"wp:term":[{"taxonomy":"product_brand","embeddable":true,"href":"https:\/\/logic-vault.com\/tr\/wp-json\/wp\/v2\/product_brand?post=26490"},{"taxonomy":"product_cat","embeddable":true,"href":"https:\/\/logic-vault.com\/tr\/wp-json\/wp\/v2\/product_cat?post=26490"},{"taxonomy":"product_tag","embeddable":true,"href":"https:\/\/logic-vault.com\/tr\/wp-json\/wp\/v2\/product_tag?post=26490"}],"curies":[{"name":"wp","href":"https:\/\/api.w.org\/{rel}","templated":true}]}}